{"id":8485,"date":"2022-03-18T14:22:53","date_gmt":"2022-03-18T14:22:53","guid":{"rendered":"https:\/\/www.trescal.be\/?page_id=8485"},"modified":"2026-03-09T09:30:24","modified_gmt":"2026-03-09T09:30:24","slug":"trescal-institute-benelux","status":"publish","type":"page","link":"https:\/\/www.trescal.be\/fr\/solutions-et-services\/trescal-institute-benelux\/","title":{"rendered":"Trescal Institute BeNeLux"},"content":{"rendered":"\n<h3 class=\"has-text-align-center wp-block-heading\"><\/h3>\n\n\n\n<div class=\"wp-block-media-text alignfull has-media-on-the-right is-stacked-on-mobile\"><div class=\"wp-block-media-text__content\">\n<p class=\"has-large-font-size\"><\/p>\n\n\n\n<p>D\u00e9ja actif en France, au Royaume-Uni, en Allemagne et aux Etats-Unis, le TRESCAL INSTITUTE&nbsp; est d\u00e9sormais aussi pr\u00e9sent dans le Benelux!<\/p>\n\n\n\n<figure class=\"wp-block-image size-large\"><img decoding=\"async\" width=\"1024\" height=\"330\" data-src=\"https:\/\/www.trescal.be\/wp-content\/uploads\/sites\/43\/2022\/03\/TRESCAL-INSTITUTE-1024x330.jpg\" alt=\"\" class=\"wp-image-8491 lazyload\" data-srcset=\"https:\/\/www.trescal.be\/wp-content\/uploads\/sites\/43\/2022\/03\/TRESCAL-INSTITUTE-1024x330.jpg 1024w, https:\/\/www.trescal.be\/wp-content\/uploads\/sites\/43\/2022\/03\/TRESCAL-INSTITUTE-300x97.jpg 300w, https:\/\/www.trescal.be\/wp-content\/uploads\/sites\/43\/2022\/03\/TRESCAL-INSTITUTE-768x248.jpg 768w, https:\/\/www.trescal.be\/wp-content\/uploads\/sites\/43\/2022\/03\/TRESCAL-INSTITUTE-1536x496.jpg 1536w, https:\/\/www.trescal.be\/wp-content\/uploads\/sites\/43\/2022\/03\/TRESCAL-INSTITUTE-2048x661.jpg 2048w, https:\/\/www.trescal.be\/wp-content\/uploads\/sites\/43\/2022\/03\/TRESCAL-INSTITUTE-5x2.jpg 5w, https:\/\/www.trescal.be\/wp-content\/uploads\/sites\/43\/2022\/03\/TRESCAL-INSTITUTE-600x194.jpg 600w, https:\/\/www.trescal.be\/wp-content\/uploads\/sites\/43\/2022\/03\/TRESCAL-INSTITUTE-1280x413.jpg 1280w, https:\/\/www.trescal.be\/wp-content\/uploads\/sites\/43\/2022\/03\/TRESCAL-INSTITUTE-1900x613.jpg 1900w\" data-sizes=\"(max-width: 1024px) 100vw, 1024px\" src=\"data:image\/svg+xml;base64,PHN2ZyB3aWR0aD0iMSIgaGVpZ2h0PSIxIiB4bWxucz0iaHR0cDovL3d3dy53My5vcmcvMjAwMC9zdmciPjwvc3ZnPg==\" style=\"--smush-placeholder-width: 1024px; --smush-placeholder-aspect-ratio: 1024\/330;\" \/><\/figure>\n\n\n\n<p>Afin d&rsquo;am\u00e9liorer notre gamme de services, le TRESCAL INSTITUTE vous propose un catalogue de formations vari\u00e9es dans le domaine de la m\u00e9trologie, et plus particiuli\u00e8rement en temp\u00e9rature, humidit\u00e9, caract\u00e9risation des enceintes thermostatiques et climatiques et estimation de l&rsquo;incertitude de mesure.<\/p>\n\n\n\n<p><\/p>\n\n\n\n<p>Tous nos formateurs sont experts de longue date et se mettent \u00e0 votre disposition pour vous aider \u00e0 d\u00e9velopper vos connaissances dans les domaines propos\u00e9s.<\/p>\n\n\n\n<div class=\"wp-block-buttons is-horizontal is-content-justification-center is-layout-flex wp-container-core-buttons-is-layout-499968f5 wp-block-buttons-is-layout-flex\">\n<div class=\"wp-block-button\"><a class=\"wp-block-button__link wp-element-button\" href=\"mailto:training.benelux@trescal.com\">Nous contacter<\/a><\/div>\n<\/div>\n<\/div><figure class=\"wp-block-media-text__media\"><img decoding=\"async\" width=\"1024\" height=\"683\" data-src=\"https:\/\/www.trescal.be\/wp-content\/uploads\/sites\/43\/2022\/03\/pexels-rodnae-productions-7647951-1024x683.jpg\" alt=\"\" class=\"wp-image-8590 size-full lazyload\" data-srcset=\"https:\/\/www.trescal.be\/wp-content\/uploads\/sites\/43\/2022\/03\/pexels-rodnae-productions-7647951-1024x683.jpg 1024w, https:\/\/www.trescal.be\/wp-content\/uploads\/sites\/43\/2022\/03\/pexels-rodnae-productions-7647951-300x200.jpg 300w, https:\/\/www.trescal.be\/wp-content\/uploads\/sites\/43\/2022\/03\/pexels-rodnae-productions-7647951-768x512.jpg 768w, https:\/\/www.trescal.be\/wp-content\/uploads\/sites\/43\/2022\/03\/pexels-rodnae-productions-7647951-1536x1024.jpg 1536w, https:\/\/www.trescal.be\/wp-content\/uploads\/sites\/43\/2022\/03\/pexels-rodnae-productions-7647951-2048x1365.jpg 2048w, https:\/\/www.trescal.be\/wp-content\/uploads\/sites\/43\/2022\/03\/pexels-rodnae-productions-7647951-5x3.jpg 5w, https:\/\/www.trescal.be\/wp-content\/uploads\/sites\/43\/2022\/03\/pexels-rodnae-productions-7647951-600x400.jpg 600w, https:\/\/www.trescal.be\/wp-content\/uploads\/sites\/43\/2022\/03\/pexels-rodnae-productions-7647951-1280x853.jpg 1280w, https:\/\/www.trescal.be\/wp-content\/uploads\/sites\/43\/2022\/03\/pexels-rodnae-productions-7647951-1900x1267.jpg 1900w\" data-sizes=\"(max-width: 1024px) 100vw, 1024px\" src=\"data:image\/svg+xml;base64,PHN2ZyB3aWR0aD0iMSIgaGVpZ2h0PSIxIiB4bWxucz0iaHR0cDovL3d3dy53My5vcmcvMjAwMC9zdmciPjwvc3ZnPg==\" style=\"--smush-placeholder-width: 1024px; --smush-placeholder-aspect-ratio: 1024\/683;\" \/><\/figure><\/div>\n\n\n\n<p><\/p>\n","protected":false},"excerpt":{"rendered":"","protected":false},"author":24,"featured_media":8633,"parent":1096,"menu_order":4,"comment_status":"closed","ping_status":"closed","template":"template-thumbnail.php","meta":{"_acf_changed":true,"inline_featured_image":false,"footnotes":""},"class_list":["post-8485","page","type-page","status-publish","has-post-thumbnail","hentry"],"acf":[],"yoast_head":"<!-- This site is optimized with the Yoast SEO plugin v27.6 - https:\/\/yoast.com\/product\/yoast-seo-wordpress\/ -->\n<title>Trescal Institute BeNeLux - Belgi\u00eb<\/title>\n<meta name=\"robots\" content=\"index, follow, max-snippet:-1, max-image-preview:large, max-video-preview:-1\" \/>\n<link rel=\"canonical\" href=\"https:\/\/www.trescal.be\/fr\/solutions-et-services\/trescal-institute-benelux\/\" \/>\n<meta property=\"og:locale\" content=\"fr_FR\" \/>\n<meta property=\"og:type\" content=\"article\" \/>\n<meta property=\"og:title\" content=\"Trescal Institute BeNeLux - Belgi\u00eb\" \/>\n<meta property=\"og:url\" content=\"https:\/\/www.trescal.be\/fr\/solutions-et-services\/trescal-institute-benelux\/\" \/>\n<meta property=\"og:site_name\" content=\"Belgi\u00eb\" \/>\n<meta property=\"article:modified_time\" content=\"2026-03-09T09:30:24+00:00\" \/>\n<meta property=\"og:image\" content=\"https:\/\/www.trescal.be\/wp-content\/uploads\/sites\/43\/2022\/03\/TB-scaled.jpg\" \/>\n\t<meta property=\"og:image:width\" content=\"2560\" \/>\n\t<meta property=\"og:image:height\" content=\"1707\" \/>\n\t<meta property=\"og:image:type\" content=\"image\/jpeg\" \/>\n<meta name=\"twitter:card\" content=\"summary_large_image\" \/>\n<meta name=\"twitter:label1\" content=\"Dur\u00e9e de lecture estim\u00e9e\" \/>\n\t<meta name=\"twitter:data1\" content=\"2 minutes\" \/>\n<script type=\"application\/ld+json\" class=\"yoast-schema-graph\">{\"@context\":\"https:\\\/\\\/schema.org\",\"@graph\":[{\"@type\":\"WebPage\",\"@id\":\"https:\\\/\\\/www.trescal.be\\\/fr\\\/solutions-et-services\\\/trescal-institute-benelux\\\/\",\"url\":\"https:\\\/\\\/www.trescal.be\\\/fr\\\/solutions-et-services\\\/trescal-institute-benelux\\\/\",\"name\":\"Trescal Institute BeNeLux - Belgi\u00eb\",\"isPartOf\":{\"@id\":\"https:\\\/\\\/www.trescal.be\\\/fr\\\/#website\"},\"primaryImageOfPage\":{\"@id\":\"https:\\\/\\\/www.trescal.be\\\/fr\\\/solutions-et-services\\\/trescal-institute-benelux\\\/#primaryimage\"},\"image\":{\"@id\":\"https:\\\/\\\/www.trescal.be\\\/fr\\\/solutions-et-services\\\/trescal-institute-benelux\\\/#primaryimage\"},\"thumbnailUrl\":\"https:\\\/\\\/www.trescal.be\\\/wp-content\\\/uploads\\\/sites\\\/43\\\/2022\\\/03\\\/TB-scaled.jpg\",\"datePublished\":\"2022-03-18T14:22:53+00:00\",\"dateModified\":\"2026-03-09T09:30:24+00:00\",\"breadcrumb\":{\"@id\":\"https:\\\/\\\/www.trescal.be\\\/fr\\\/solutions-et-services\\\/trescal-institute-benelux\\\/#breadcrumb\"},\"inLanguage\":\"fr-FR\",\"potentialAction\":[{\"@type\":\"ReadAction\",\"target\":[\"https:\\\/\\\/www.trescal.be\\\/fr\\\/solutions-et-services\\\/trescal-institute-benelux\\\/\"]}]},{\"@type\":\"ImageObject\",\"inLanguage\":\"fr-FR\",\"@id\":\"https:\\\/\\\/www.trescal.be\\\/fr\\\/solutions-et-services\\\/trescal-institute-benelux\\\/#primaryimage\",\"url\":\"https:\\\/\\\/www.trescal.be\\\/wp-content\\\/uploads\\\/sites\\\/43\\\/2022\\\/03\\\/TB-scaled.jpg\",\"contentUrl\":\"https:\\\/\\\/www.trescal.be\\\/wp-content\\\/uploads\\\/sites\\\/43\\\/2022\\\/03\\\/TB-scaled.jpg\",\"width\":2560,\"height\":1707},{\"@type\":\"BreadcrumbList\",\"@id\":\"https:\\\/\\\/www.trescal.be\\\/fr\\\/solutions-et-services\\\/trescal-institute-benelux\\\/#breadcrumb\",\"itemListElement\":[{\"@type\":\"ListItem\",\"position\":1,\"name\":\"Accueil\",\"item\":\"https:\\\/\\\/www.trescal.be\\\/fr\\\/\"},{\"@type\":\"ListItem\",\"position\":2,\"name\":\"Solutions &#038; services\",\"item\":\"https:\\\/\\\/www.trescal.be\\\/fr\\\/solutions-et-services\\\/\"},{\"@type\":\"ListItem\",\"position\":3,\"name\":\"Trescal Institute BeNeLux\"}]},{\"@type\":\"WebSite\",\"@id\":\"https:\\\/\\\/www.trescal.be\\\/fr\\\/#website\",\"url\":\"https:\\\/\\\/www.trescal.be\\\/fr\\\/\",\"name\":\"Belgi\u00eb\",\"description\":\"| calibration solutions to improve your performance |\",\"potentialAction\":[{\"@type\":\"SearchAction\",\"target\":{\"@type\":\"EntryPoint\",\"urlTemplate\":\"https:\\\/\\\/www.trescal.be\\\/fr\\\/?s={search_term_string}\"},\"query-input\":{\"@type\":\"PropertyValueSpecification\",\"valueRequired\":true,\"valueName\":\"search_term_string\"}}],\"inLanguage\":\"fr-FR\"}]}<\/script>\n<!-- \/ Yoast SEO plugin. -->","yoast_head_json":{"title":"Trescal Institute BeNeLux - Belgi\u00eb","robots":{"index":"index","follow":"follow","max-snippet":"max-snippet:-1","max-image-preview":"max-image-preview:large","max-video-preview":"max-video-preview:-1"},"canonical":"https:\/\/www.trescal.be\/fr\/solutions-et-services\/trescal-institute-benelux\/","og_locale":"fr_FR","og_type":"article","og_title":"Trescal Institute BeNeLux - Belgi\u00eb","og_url":"https:\/\/www.trescal.be\/fr\/solutions-et-services\/trescal-institute-benelux\/","og_site_name":"Belgi\u00eb","article_modified_time":"2026-03-09T09:30:24+00:00","og_image":[{"width":2560,"height":1707,"url":"https:\/\/www.trescal.be\/wp-content\/uploads\/sites\/43\/2022\/03\/TB-scaled.jpg","type":"image\/jpeg"}],"twitter_card":"summary_large_image","twitter_misc":{"Dur\u00e9e de lecture estim\u00e9e":"2 minutes"},"schema":{"@context":"https:\/\/schema.org","@graph":[{"@type":"WebPage","@id":"https:\/\/www.trescal.be\/fr\/solutions-et-services\/trescal-institute-benelux\/","url":"https:\/\/www.trescal.be\/fr\/solutions-et-services\/trescal-institute-benelux\/","name":"Trescal Institute BeNeLux - Belgi\u00eb","isPartOf":{"@id":"https:\/\/www.trescal.be\/fr\/#website"},"primaryImageOfPage":{"@id":"https:\/\/www.trescal.be\/fr\/solutions-et-services\/trescal-institute-benelux\/#primaryimage"},"image":{"@id":"https:\/\/www.trescal.be\/fr\/solutions-et-services\/trescal-institute-benelux\/#primaryimage"},"thumbnailUrl":"https:\/\/www.trescal.be\/wp-content\/uploads\/sites\/43\/2022\/03\/TB-scaled.jpg","datePublished":"2022-03-18T14:22:53+00:00","dateModified":"2026-03-09T09:30:24+00:00","breadcrumb":{"@id":"https:\/\/www.trescal.be\/fr\/solutions-et-services\/trescal-institute-benelux\/#breadcrumb"},"inLanguage":"fr-FR","potentialAction":[{"@type":"ReadAction","target":["https:\/\/www.trescal.be\/fr\/solutions-et-services\/trescal-institute-benelux\/"]}]},{"@type":"ImageObject","inLanguage":"fr-FR","@id":"https:\/\/www.trescal.be\/fr\/solutions-et-services\/trescal-institute-benelux\/#primaryimage","url":"https:\/\/www.trescal.be\/wp-content\/uploads\/sites\/43\/2022\/03\/TB-scaled.jpg","contentUrl":"https:\/\/www.trescal.be\/wp-content\/uploads\/sites\/43\/2022\/03\/TB-scaled.jpg","width":2560,"height":1707},{"@type":"BreadcrumbList","@id":"https:\/\/www.trescal.be\/fr\/solutions-et-services\/trescal-institute-benelux\/#breadcrumb","itemListElement":[{"@type":"ListItem","position":1,"name":"Accueil","item":"https:\/\/www.trescal.be\/fr\/"},{"@type":"ListItem","position":2,"name":"Solutions &#038; services","item":"https:\/\/www.trescal.be\/fr\/solutions-et-services\/"},{"@type":"ListItem","position":3,"name":"Trescal Institute BeNeLux"}]},{"@type":"WebSite","@id":"https:\/\/www.trescal.be\/fr\/#website","url":"https:\/\/www.trescal.be\/fr\/","name":"Belgi\u00eb","description":"| calibration solutions to improve your performance |","potentialAction":[{"@type":"SearchAction","target":{"@type":"EntryPoint","urlTemplate":"https:\/\/www.trescal.be\/fr\/?s={search_term_string}"},"query-input":{"@type":"PropertyValueSpecification","valueRequired":true,"valueName":"search_term_string"}}],"inLanguage":"fr-FR"}]}},"_links":{"self":[{"href":"https:\/\/www.trescal.be\/fr\/wp-json\/wp\/v2\/pages\/8485","targetHints":{"allow":["GET"]}}],"collection":[{"href":"https:\/\/www.trescal.be\/fr\/wp-json\/wp\/v2\/pages"}],"about":[{"href":"https:\/\/www.trescal.be\/fr\/wp-json\/wp\/v2\/types\/page"}],"author":[{"embeddable":true,"href":"https:\/\/www.trescal.be\/fr\/wp-json\/wp\/v2\/users\/24"}],"replies":[{"embeddable":true,"href":"https:\/\/www.trescal.be\/fr\/wp-json\/wp\/v2\/comments?post=8485"}],"version-history":[{"count":0,"href":"https:\/\/www.trescal.be\/fr\/wp-json\/wp\/v2\/pages\/8485\/revisions"}],"up":[{"embeddable":true,"href":"https:\/\/www.trescal.be\/fr\/wp-json\/wp\/v2\/pages\/1096"}],"wp:featuredmedia":[{"embeddable":true,"href":"https:\/\/www.trescal.be\/fr\/wp-json\/wp\/v2\/media\/8633"}],"wp:attachment":[{"href":"https:\/\/www.trescal.be\/fr\/wp-json\/wp\/v2\/media?parent=8485"}],"curies":[{"name":"wp","href":"https:\/\/api.w.org\/{rel}","templated":true}]}}