{"id":7737,"date":"2021-08-16T12:42:59","date_gmt":"2021-08-16T12:42:59","guid":{"rendered":"https:\/\/www.trescal.be\/?page_id=7737"},"modified":"2023-08-28T21:02:21","modified_gmt":"2023-08-28T21:02:21","slug":"demander-un-devis","status":"publish","type":"page","link":"https:\/\/www.trescal.be\/fr\/demander-un-devis\/","title":{"rendered":"Demander un devis"},"content":{"rendered":"\n<div class=\"wp-block-contact-form-7-contact-form-selector\">\n<div class=\"wpcf7 no-js\" id=\"wpcf7-f7734-o1\" lang=\"fr-FR\" dir=\"ltr\" data-wpcf7-id=\"7734\">\n<div class=\"screen-reader-response\"><p role=\"status\" aria-live=\"polite\" aria-atomic=\"true\"><\/p> <ul><\/ul><\/div>\n<form action=\"\/fr\/wp-json\/wp\/v2\/pages\/7737#wpcf7-f7734-o1\" method=\"post\" class=\"wpcf7-form init\" aria-label=\"Formulaire de contact\" enctype=\"multipart\/form-data\" novalidate=\"novalidate\" data-status=\"init\">\n<fieldset class=\"hidden-fields-container\"><input type=\"hidden\" name=\"_wpcf7\" value=\"7734\" \/><input type=\"hidden\" name=\"_wpcf7_version\" value=\"6.1.5\" \/><input type=\"hidden\" name=\"_wpcf7_locale\" value=\"fr_FR\" \/><input type=\"hidden\" name=\"_wpcf7_unit_tag\" value=\"wpcf7-f7734-o1\" \/><input type=\"hidden\" name=\"_wpcf7_container_post\" value=\"0\" \/><input type=\"hidden\" name=\"_wpcf7_posted_data_hash\" value=\"\" \/><input type=\"hidden\" name=\"_wpcf7dtx_version\" value=\"5.0.5\" \/><input type=\"hidden\" name=\"_wpcf7_recaptcha_response\" value=\"\" \/>\n<\/fieldset>\n<div class=\"wpcf7-response-output\" aria-hidden=\"true\"><\/div>\n<div class=\"form-content\">\n  <div class=\"main-fields\">\n    <div class=\"row info-wrapper\">\n      <p>VOS INFORMATIONS DE CONTACT<\/p>\n      <div class=\"info-left\">\n        <span class=\"wpcf7-form-control-wrap\" data-name=\"first_name\"><input size=\"40\" maxlength=\"400\" class=\"wpcf7-form-control wpcf7-text wpcf7-validates-as-required\" aria-required=\"true\" aria-invalid=\"false\" placeholder=\"Pr\u00e9nom*\" value=\"\" type=\"text\" name=\"first_name\" \/><\/span>\n        <span class=\"wpcf7-form-control-wrap\" data-name=\"last_name\"><input size=\"40\" maxlength=\"400\" class=\"wpcf7-form-control wpcf7-text wpcf7-validates-as-required\" aria-required=\"true\" aria-invalid=\"false\" placeholder=\"Nom*\" value=\"\" type=\"text\" name=\"last_name\" \/><\/span>\n        <span class=\"wpcf7-form-control-wrap\" data-name=\"phone\"><input size=\"40\" maxlength=\"400\" class=\"wpcf7-form-control wpcf7-tel wpcf7-text wpcf7-validates-as-tel\" aria-invalid=\"false\" placeholder=\"T\u00e9l\u00e9phone\" value=\"\" type=\"tel\" name=\"phone\" \/><\/span>\n        <span class=\"wpcf7-form-control-wrap\" data-name=\"email\"><input size=\"40\" maxlength=\"400\" class=\"wpcf7-form-control wpcf7-email wpcf7-validates-as-required wpcf7-text wpcf7-validates-as-email\" aria-required=\"true\" aria-invalid=\"false\" placeholder=\"Email*\" value=\"\" type=\"email\" name=\"email\" \/><\/span>\n        <span class=\"wpcf7-form-control-wrap\" data-name=\"job_title\"><input size=\"40\" maxlength=\"400\" class=\"wpcf7-form-control wpcf7-text\" aria-invalid=\"false\" placeholder=\"Fonction\" value=\"\" type=\"text\" name=\"job_title\" \/><\/span>\n      <\/div>\n      <div class=\"info-right\">\n        <span class=\"wpcf7-form-control-wrap\" data-name=\"company\"><input size=\"40\" maxlength=\"400\" class=\"wpcf7-form-control wpcf7-text wpcf7-validates-as-required\" aria-required=\"true\" aria-invalid=\"false\" placeholder=\"Entreprise*\" value=\"\" type=\"text\" name=\"company\" \/><\/span>\n        <span class=\"wpcf7-form-control-wrap\" data-name=\"country\"><select class=\"wpcf7-form-control wpcf7-select wpcf7-validates-as-required\" aria-required=\"true\" aria-invalid=\"false\" name=\"country\"><option value=\"\">Pays*<\/option><option value=\"Afrique du Sud\">Afrique du Sud<\/option><option value=\"Albanie\">Albanie<\/option><option value=\"Alg\u00e9rie\">Alg\u00e9rie<\/option><option value=\"Allemagne\">Allemagne<\/option><option value=\"Andorre\">Andorre<\/option><option value=\"Angola\">Angola<\/option><option value=\"Antigua-et-Barbuda\">Antigua-et-Barbuda<\/option><option value=\"Arabie saoudite\">Arabie saoudite<\/option><option value=\"Argentine\">Argentine<\/option><option value=\"Arm\u00e9nie\">Arm\u00e9nie<\/option><option value=\"Australie\">Australie<\/option><option value=\"Autriche\">Autriche<\/option><option value=\"Azerba\u00efdjan\">Azerba\u00efdjan<\/option><option value=\"Bahamas\">Bahamas<\/option><option value=\"Bahre\u00efn\">Bahre\u00efn<\/option><option value=\"Bangladesh\">Bangladesh<\/option><option value=\"Barbade\">Barbade<\/option><option value=\"B\u00e9larus\">B\u00e9larus<\/option><option value=\"Belgique\">Belgique<\/option><option value=\"Belize\">Belize<\/option><option value=\"B\u00e9nin\">B\u00e9nin<\/option><option value=\"Bhoutan\">Bhoutan<\/option><option value=\"Bolivie\">Bolivie<\/option><option value=\"Bosnie-Herz\u00e9govine\">Bosnie-Herz\u00e9govine<\/option><option value=\"Botswana\">Botswana<\/option><option value=\"Br\u00e9sil\">Br\u00e9sil<\/option><option value=\"Brunei Darussalam\">Brunei Darussalam<\/option><option value=\"Bulgarie\">Bulgarie<\/option><option value=\"Burkina Faso\">Burkina Faso<\/option><option value=\"Burundi\">Burundi<\/option><option value=\"Cambodge\">Cambodge<\/option><option value=\"Cameroun\">Cameroun<\/option><option value=\"Canada\">Canada<\/option><option value=\"Cap-Vert\">Cap-Vert<\/option><option value=\"Centrafricaine, R\u00e9publique\">Centrafricaine, R\u00e9publique<\/option><option value=\"Chili\">Chili<\/option><option value=\"Chine\">Chine<\/option><option value=\"Chypre\">Chypre<\/option><option value=\"Colombie\">Colombie<\/option><option value=\"Comores\">Comores<\/option><option value=\"Congo, R\u00e9publique d\u00e9mocratique du\">Congo, R\u00e9publique d\u00e9mocratique du<\/option><option value=\"Congo\">Congo<\/option><option value=\"Cor\u00e9e, R\u00e9publique de\">Cor\u00e9e, R\u00e9publique de<\/option><option value=\"Cor\u00e9e, R\u00e9publique populaire d\u00e9mocratique de\">Cor\u00e9e, R\u00e9publique populaire d\u00e9mocratique de<\/option><option value=\"Costa Rica\">Costa Rica<\/option><option value=\"C\u00f4te d\u2019Ivoire\">C\u00f4te d\u2019Ivoire<\/option><option value=\"Croatie\">Croatie<\/option><option value=\"Cuba\">Cuba<\/option><option value=\"Danemark\">Danemark<\/option><option value=\"Djibouti\">Djibouti<\/option><option value=\"Dominicaine, R\u00e9publique\">Dominicaine, R\u00e9publique<\/option><option value=\"Dominique\">Dominique<\/option><option value=\"\u00c9gypte\">\u00c9gypte<\/option><option value=\"El Salvador\">El Salvador<\/option><option value=\"\u00c9mirats arabes unis\">\u00c9mirats arabes unis<\/option><option value=\"\u00c9quateur\">\u00c9quateur<\/option><option value=\"\u00c9rythr\u00e9e\">\u00c9rythr\u00e9e<\/option><option value=\"Espagne\">Espagne<\/option><option value=\"Estonie\">Estonie<\/option><option value=\"\u00c9tats-Unis\">\u00c9tats-Unis<\/option><option value=\"\u00c9thiopie\">\u00c9thiopie<\/option><option value=\"Fidji\">Fidji<\/option><option value=\"Finlande\">Finlande<\/option><option value=\"France\">France<\/option><option value=\"Gabon\">Gabon<\/option><option value=\"Gambie\">Gambie<\/option><option value=\"G\u00e9orgie\">G\u00e9orgie<\/option><option value=\"Ghana\">Ghana<\/option><option value=\"Gr\u00e8ce\">Gr\u00e8ce<\/option><option value=\"Grenade\">Grenade<\/option><option value=\"Guatemala\">Guatemala<\/option><option value=\"Guin\u00e9e-Bissau\">Guin\u00e9e-Bissau<\/option><option value=\"Guin\u00e9e \u00e9quatoriale\">Guin\u00e9e \u00e9quatoriale<\/option><option value=\"Guin\u00e9e\">Guin\u00e9e<\/option><option value=\"Guyana\">Guyana<\/option><option value=\"Ha\u00efti\">Ha\u00efti<\/option><option value=\"Honduras\">Honduras<\/option><option value=\"Hongrie\">Hongrie<\/option><option value=\"Inde\">Inde<\/option><option value=\"Indon\u00e9sie\">Indon\u00e9sie<\/option><option value=\"Iran\">Iran<\/option><option value=\"Iraq\">Iraq<\/option><option value=\"Irlande\">Irlande<\/option><option value=\"Islande\">Islande<\/option><option value=\"Isra\u00ebl\">Isra\u00ebl<\/option><option value=\"Italie\">Italie<\/option><option value=\"Jama\u00efque\">Jama\u00efque<\/option><option value=\"Japon\">Japon<\/option><option value=\"Jordanie\">Jordanie<\/option><option value=\"Kazakhstan\">Kazakhstan<\/option><option value=\"Kenya\">Kenya<\/option><option value=\"Kirghizistan\">Kirghizistan<\/option><option value=\"Kiribati\">Kiribati<\/option><option value=\"Kowe\u00eft\">Kowe\u00eft<\/option><option value=\"Laos\">Laos<\/option><option value=\"Lesotho\">Lesotho<\/option><option value=\"Lettonie\">Lettonie<\/option><option value=\"Liban\">Liban<\/option><option value=\"Lib\u00e9ria\">Lib\u00e9ria<\/option><option value=\"Libye\">Libye<\/option><option value=\"Liechtenstein\">Liechtenstein<\/option><option value=\"Lituanie\">Lituanie<\/option><option value=\"Luxembourg\">Luxembourg<\/option><option value=\"Mac\u00e9doine, l\u2019ex-R\u00e9publique yougoslave de\">Mac\u00e9doine, l\u2019ex-R\u00e9publique yougoslave de<\/option><option value=\"Madagascar\">Madagascar<\/option><option value=\"Malaisie\">Malaisie<\/option><option value=\"Malawi\">Malawi<\/option><option value=\"Maldives\">Maldives<\/option><option value=\"Mali\">Mali<\/option><option value=\"Malte\">Malte<\/option><option value=\"Maroc\">Maroc<\/option><option value=\"Marshall, \u00celes\">Marshall, \u00celes<\/option><option value=\"Maurice\">Maurice<\/option><option value=\"Mauritanie\">Mauritanie<\/option><option value=\"Mexique\">Mexique<\/option><option value=\"Micron\u00e9sie, \u00c9tats f\u00e9d\u00e9r\u00e9s de\">Micron\u00e9sie, \u00c9tats f\u00e9d\u00e9r\u00e9s de<\/option><option value=\"Moldavie\">Moldavie<\/option><option value=\"Monaco\">Monaco<\/option><option value=\"Mongolie\">Mongolie<\/option><option value=\"Mont\u00e9n\u00e9gro\">Mont\u00e9n\u00e9gro<\/option><option value=\"Mozambique\">Mozambique<\/option><option value=\"Myanmar\">Myanmar<\/option><option value=\"Namibie\">Namibie<\/option><option value=\"Nauru\">Nauru<\/option><option value=\"N\u00e9pal\">N\u00e9pal<\/option><option value=\"Nicaragua\">Nicaragua<\/option><option value=\"Nig\u00e9ria\">Nig\u00e9ria<\/option><option value=\"Niger\">Niger<\/option><option value=\"Norv\u00e8ge\">Norv\u00e8ge<\/option><option value=\"Nouvelle Cal\u00e9donie\">Nouvelle Cal\u00e9donie<\/option><option value=\"Nouvelle-Z\u00e9lande\">Nouvelle-Z\u00e9lande<\/option><option value=\"Oman\">Oman<\/option><option value=\"Ouganda\">Ouganda<\/option><option value=\"Ouzb\u00e9kistan\">Ouzb\u00e9kistan<\/option><option value=\"Pakistan\">Pakistan<\/option><option value=\"Palaos\">Palaos<\/option><option value=\"Panama\">Panama<\/option><option value=\"Papouasie-Nouvelle-Guin\u00e9e\">Papouasie-Nouvelle-Guin\u00e9e<\/option><option value=\"Paraguay\">Paraguay<\/option><option value=\"Pays-Bas\">Pays-Bas<\/option><option value=\"P\u00e9rou\">P\u00e9rou<\/option><option value=\"Philippines\">Philippines<\/option><option value=\"Pologne\">Pologne<\/option><option value=\"Polyn\u00e9sie fran\u00e7aise\">Polyn\u00e9sie fran\u00e7aise<\/option><option value=\"Portugal\">Portugal<\/option><option value=\"Qatar\">Qatar<\/option><option value=\"Roumanie\">Roumanie<\/option><option value=\"Royaume-Uni\">Royaume-Uni<\/option><option value=\"Russie, F\u00e9d\u00e9ration de\">Russie, F\u00e9d\u00e9ration de<\/option><option value=\"Rwanda\">Rwanda<\/option><option value=\"Sainte-Lucie\">Sainte-Lucie<\/option><option value=\"Saint-Marin\">Saint-Marin<\/option><option value=\"Saint-Vincent-et-les Grenadines\">Saint-Vincent-et-les Grenadines<\/option><option value=\"Salomon, \u00celes\">Salomon, \u00celes<\/option><option value=\"Samoa\">Samoa<\/option><option value=\"Sao Tom\u00e9-et-Principe\">Sao Tom\u00e9-et-Principe<\/option><option value=\"S\u00e9n\u00e9gal\">S\u00e9n\u00e9gal<\/option><option value=\"Serbie\">Serbie<\/option><option value=\"Seychelles\">Seychelles<\/option><option value=\"Sierra Leone\">Sierra Leone<\/option><option value=\"Singapour\">Singapour<\/option><option value=\"Slovaquie\">Slovaquie<\/option><option value=\"Slov\u00e9nie\">Slov\u00e9nie<\/option><option value=\"Somalie\">Somalie<\/option><option value=\"Soudan du Sud\">Soudan du Sud<\/option><option value=\"Soudan\">Soudan<\/option><option value=\"Sri Lanka\">Sri Lanka<\/option><option value=\"Su\u00e8de\">Su\u00e8de<\/option><option value=\"Suisse\">Suisse<\/option><option value=\"Suriname\">Suriname<\/option><option value=\"Swaziland\">Swaziland<\/option><option value=\"Syrie\">Syrie<\/option><option value=\"Tadjikistan\">Tadjikistan<\/option><option value=\"Ta\u00efwan\">Ta\u00efwan<\/option><option value=\"Tanzanie\">Tanzanie<\/option><option value=\"Tchad\">Tchad<\/option><option value=\"Tch\u00e8que, R\u00e9publique\">Tch\u00e8que, R\u00e9publique<\/option><option value=\"Territoire palestiniens\">Territoire palestiniens<\/option><option value=\"Tha\u00eflande\">Tha\u00eflande<\/option><option value=\"Timor-Leste\">Timor-Leste<\/option><option value=\"Togo\">Togo<\/option><option value=\"Tonga\">Tonga<\/option><option value=\"Trinit\u00e9-et-Tobago\">Trinit\u00e9-et-Tobago<\/option><option value=\"Tunisie\">Tunisie<\/option><option value=\"Turkm\u00e9nistan\">Turkm\u00e9nistan<\/option><option value=\"Turquie\">Turquie<\/option><option value=\"Tuvalu\">Tuvalu<\/option><option value=\"Ukraine\">Ukraine<\/option><option value=\"Uruguay\">Uruguay<\/option><option value=\"Vanuatu\">Vanuatu<\/option><option value=\"Vatican\">Vatican<\/option><option value=\"Venezuela\">Venezuela<\/option><option value=\"Viet Nam\">Viet Nam<\/option><option value=\"Y\u00e9men\">Y\u00e9men<\/option><option value=\"Zambie\">Zambie<\/option><option value=\"Zimbabwe\">Zimbabwe<\/option><\/select><\/span> \n        <span class=\"wpcf7-form-control-wrap\" data-name=\"city\"><input size=\"40\" maxlength=\"400\" class=\"wpcf7-form-control wpcf7-text\" aria-invalid=\"false\" placeholder=\"Ville\" value=\"\" type=\"text\" name=\"city\" \/><\/span>\n        <span class=\"wpcf7-form-control-wrap\" data-name=\"zipcode\"><input size=\"40\" maxlength=\"400\" class=\"wpcf7-form-control wpcf7-text\" aria-invalid=\"false\" placeholder=\"Code postal\" value=\"\" type=\"text\" name=\"zipcode\" \/><\/span>\n      <\/div>\n    <\/div>\n    <div class=\"row service\">\n      <label for=\"service\">SERVICE<\/label>\n      <span class=\"wpcf7-form-control-wrap\" data-name=\"service\"><select class=\"wpcf7-form-control wpcf7-select\" id=\"quotation_service\" aria-invalid=\"false\" name=\"service\"><option value=\"\">Choisir<\/option><option value=\"Calibration\">Calibration<\/option><option value=\"Etalonnage\">Etalonnage<\/option><option value=\"R\u00e9paration\">R\u00e9paration<\/option><option value=\"Calibration et r\u00e9paration\">Calibration et r\u00e9paration<\/option><option value=\"Qualification et Validation\">Qualification et Validation<\/option><option value=\"Autre\">Autre<\/option><\/select><\/span>\n      <span class=\"wpcf7-form-control-wrap\" data-name=\"other\"><textarea cols=\"40\" rows=\"10\" maxlength=\"2000\" class=\"wpcf7-form-control wpcf7-textarea\" id=\"quotation_service_detail\" aria-invalid=\"false\" placeholder=\"Please detail the requested service\" name=\"other\"><\/textarea><\/span>\n    <\/div>\n    <div class=\"row require-service\">\n      <label for=\"require\">O\u00d9 SOUHAITEZ-VOUS QUE VOTRE MAT\u00c9RIEL SOIT PRIS EN CHARGE ?<\/label>\n      <span class=\"wpcf7-form-control-wrap\" data-name=\"require\"><span class=\"wpcf7-form-control wpcf7-checkbox\"><span class=\"wpcf7-list-item first\"><label><input type=\"checkbox\" name=\"require[]\" value=\"Sur votre site\" \/><span class=\"wpcf7-list-item-label\">Sur votre site<\/span><\/label><\/span><span class=\"wpcf7-list-item last\"><label><input type=\"checkbox\" name=\"require[]\" value=\"En laboratoire Trescal\" \/><span class=\"wpcf7-list-item-label\">En laboratoire Trescal<\/span><\/label><\/span><\/span><\/span>\n    <\/div>\n    <div class=\"row file hasFile\">\n      <label for=\"upload_equipment\">T\u00c9L\u00c9CHARGEZ VOTRE LISTE D'\u00c9QUIPEMENTS \u00c0 PRENDRE EN CHARGE<\/label>Si possible, indiquez la d\u00e9signation, la marque, le mod\u00e8le, la prestation souhait\u00e9e et la sp\u00e9cification technique. \n      <div data-content=\"T\u00e9l\u00e9charger un fichier (Excel ou PDF)\" class=\"upload\">\n        <span class=\"wpcf7-form-control-wrap\" data-name=\"upload_equipment\"><input size=\"40\" class=\"wpcf7-form-control wpcf7-file\" id=\"upload_equipment\" accept=\".xls,.xlsx,.csv,.tsv,.pdf,.xml\" aria-invalid=\"false\" type=\"file\" name=\"upload_equipment\" \/><\/span>\n        <span class=\"remove hidden icon-close-bold\"><\/span>\n      <\/div>\n    <\/div>\n   <div class=\"form-content\">\n   <div class=\"main-fields\">\n   <div class=\"row info-wrapper\">\n   <p>INFORMATIONS SUR VOTRE INSTRUMENT<\/p>\n   <div class=\"info-left\">\n   <span class=\"wpcf7-form-control-wrap\" data-name=\"Marque\"><input size=\"40\" maxlength=\"400\" class=\"wpcf7-form-control wpcf7-text wpcf7-validates-as-required\" aria-required=\"true\" aria-invalid=\"false\" placeholder=\"Marque*\" value=\"\" type=\"text\" name=\"Marque\" \/><\/span>\n   <span class=\"wpcf7-form-control-wrap\" data-name=\"TypeMarque\"><input size=\"40\" maxlength=\"400\" class=\"wpcf7-form-control wpcf7-text wpcf7-validates-as-required\" aria-required=\"true\" aria-invalid=\"false\" placeholder=\"Type de marque*\" value=\"\" type=\"text\" name=\"TypeMarque\" \/><\/span>\n   <\/div>\n   <div class=\"info-right\">\n   <span class=\"wpcf7-form-control-wrap\" data-name=\"NumSer\"><input size=\"40\" maxlength=\"400\" class=\"wpcf7-form-control wpcf7-text wpcf7-validates-as-required\" aria-required=\"true\" aria-invalid=\"false\" placeholder=\"Num\u00e9ro de s\u00e9rie*\" value=\"\" type=\"text\" name=\"NumSer\" \/><\/span>\n   <span class=\"wpcf7-form-control-wrap\" data-name=\"IDNum\"><input size=\"40\" maxlength=\"400\" class=\"wpcf7-form-control wpcf7-text wpcf7-validates-as-required\" aria-required=\"true\" aria-invalid=\"false\" placeholder=\"Num\u00e9ro d&#039;identification*\" value=\"\" type=\"text\" name=\"IDNum\" \/><\/span>\n   <\/div>\n   <\/div>\n    <div class=\"row comment\">\n      <p>COMMENTAIRE<\/p>\n      <span class=\"wpcf7-form-control-wrap\" data-name=\"comment\"><textarea cols=\"40\" rows=\"4\" maxlength=\"2000\" class=\"wpcf7-form-control wpcf7-textarea\" aria-invalid=\"false\" placeholder=\"Votre commentaire\" name=\"comment\"><\/textarea><\/span>\n\n    <\/div>\n\n    <div class=\"row\">\n    \n    <span class=\"wpcf7-form-control-wrap\" data-name=\"policy\"><span class=\"wpcf7-form-control wpcf7-acceptance\"><span class=\"wpcf7-list-item\"><label><input type=\"checkbox\" name=\"policy\" value=\"1\" aria-invalid=\"false\" \/><span class=\"wpcf7-list-item-label\">J'ai lu et accepte la <a href=\"https:\/\/www.trescal.be\/fr\/declaration-de-confidentialite\/\" target=\"blank\">politique de confidentialit\u00e9<\/a>.*<\/span><\/label><\/span><\/span><\/span>\n    <\/div>\n  <div class=\"row send\">\n    <button class=\"btn primary cut icon-arrow-right-round\" type=\"submit\">Envoyer la demande<\/button>\n  <\/div>\n  <div class=\"success-message hidden\">\n    <h4>Merci !<\/h4>\n    <p>Nous avons re\u00e7u votre demande de devis. Nous reviendrons vers vous sous 24h.<\/p>\n  <\/div>\n<\/div>\n<\/div>\n<\/div>\n<\/div>\n<\/form>\n<\/div>\n<\/div>\n","protected":false},"excerpt":{"rendered":"","protected":false},"author":1,"featured_media":7729,"parent":0,"menu_order":0,"comment_status":"closed","ping_status":"closed","template":"template-quotation.php","meta":{"_acf_changed":false,"inline_featured_image":false,"footnotes":""},"class_list":["post-7737","page","type-page","status-publish","has-post-thumbnail","hentry"],"acf":[],"yoast_head":"<!-- This site is optimized with the Yoast SEO plugin v27.6 - https:\/\/yoast.com\/product\/yoast-seo-wordpress\/ -->\n<title>Demander un devis - Belgi\u00eb<\/title>\n<meta name=\"robots\" content=\"index, follow, max-snippet:-1, max-image-preview:large, max-video-preview:-1\" \/>\n<link rel=\"canonical\" href=\"https:\/\/www.trescal.be\/fr\/demander-un-devis\/\" \/>\n<meta property=\"og:locale\" content=\"fr_FR\" \/>\n<meta property=\"og:type\" content=\"article\" \/>\n<meta property=\"og:title\" content=\"Demander un devis - Belgi\u00eb\" \/>\n<meta property=\"og:url\" content=\"https:\/\/www.trescal.be\/fr\/demander-un-devis\/\" \/>\n<meta property=\"og:site_name\" content=\"Belgi\u00eb\" \/>\n<meta property=\"article:modified_time\" content=\"2023-08-28T21:02:21+00:00\" \/>\n<meta property=\"og:image\" content=\"https:\/\/www.trescal.be\/wp-content\/uploads\/sites\/43\/2021\/08\/TECHNICAL_BNL_ANVERS_2021_MASS.jpg\" \/>\n\t<meta property=\"og:image:width\" content=\"2160\" \/>\n\t<meta property=\"og:image:height\" content=\"1440\" \/>\n\t<meta property=\"og:image:type\" content=\"image\/jpeg\" \/>\n<meta name=\"twitter:card\" content=\"summary_large_image\" \/>\n<meta name=\"twitter:label1\" content=\"Dur\u00e9e de lecture estim\u00e9e\" \/>\n\t<meta name=\"twitter:data1\" content=\"1 minute\" \/>\n<script type=\"application\/ld+json\" class=\"yoast-schema-graph\">{\"@context\":\"https:\\\/\\\/schema.org\",\"@graph\":[{\"@type\":\"WebPage\",\"@id\":\"https:\\\/\\\/www.trescal.be\\\/fr\\\/demander-un-devis\\\/\",\"url\":\"https:\\\/\\\/www.trescal.be\\\/fr\\\/demander-un-devis\\\/\",\"name\":\"Demander un devis - Belgi\u00eb\",\"isPartOf\":{\"@id\":\"https:\\\/\\\/www.trescal.be\\\/fr\\\/#website\"},\"primaryImageOfPage\":{\"@id\":\"https:\\\/\\\/www.trescal.be\\\/fr\\\/demander-un-devis\\\/#primaryimage\"},\"image\":{\"@id\":\"https:\\\/\\\/www.trescal.be\\\/fr\\\/demander-un-devis\\\/#primaryimage\"},\"thumbnailUrl\":\"https:\\\/\\\/www.trescal.be\\\/wp-content\\\/uploads\\\/sites\\\/43\\\/2021\\\/08\\\/TECHNICAL_BNL_ANVERS_2021_MASS.jpg\",\"datePublished\":\"2021-08-16T12:42:59+00:00\",\"dateModified\":\"2023-08-28T21:02:21+00:00\",\"breadcrumb\":{\"@id\":\"https:\\\/\\\/www.trescal.be\\\/fr\\\/demander-un-devis\\\/#breadcrumb\"},\"inLanguage\":\"fr-FR\",\"potentialAction\":[{\"@type\":\"ReadAction\",\"target\":[\"https:\\\/\\\/www.trescal.be\\\/fr\\\/demander-un-devis\\\/\"]}]},{\"@type\":\"ImageObject\",\"inLanguage\":\"fr-FR\",\"@id\":\"https:\\\/\\\/www.trescal.be\\\/fr\\\/demander-un-devis\\\/#primaryimage\",\"url\":\"https:\\\/\\\/www.trescal.be\\\/wp-content\\\/uploads\\\/sites\\\/43\\\/2021\\\/08\\\/TECHNICAL_BNL_ANVERS_2021_MASS.jpg\",\"contentUrl\":\"https:\\\/\\\/www.trescal.be\\\/wp-content\\\/uploads\\\/sites\\\/43\\\/2021\\\/08\\\/TECHNICAL_BNL_ANVERS_2021_MASS.jpg\",\"width\":2160,\"height\":1440},{\"@type\":\"BreadcrumbList\",\"@id\":\"https:\\\/\\\/www.trescal.be\\\/fr\\\/demander-un-devis\\\/#breadcrumb\",\"itemListElement\":[{\"@type\":\"ListItem\",\"position\":1,\"name\":\"Accueil\",\"item\":\"https:\\\/\\\/www.trescal.be\\\/fr\\\/\"},{\"@type\":\"ListItem\",\"position\":2,\"name\":\"Demander un devis\"}]},{\"@type\":\"WebSite\",\"@id\":\"https:\\\/\\\/www.trescal.be\\\/fr\\\/#website\",\"url\":\"https:\\\/\\\/www.trescal.be\\\/fr\\\/\",\"name\":\"Belgi\u00eb\",\"description\":\"| calibration solutions to improve your performance |\",\"potentialAction\":[{\"@type\":\"SearchAction\",\"target\":{\"@type\":\"EntryPoint\",\"urlTemplate\":\"https:\\\/\\\/www.trescal.be\\\/fr\\\/?s={search_term_string}\"},\"query-input\":{\"@type\":\"PropertyValueSpecification\",\"valueRequired\":true,\"valueName\":\"search_term_string\"}}],\"inLanguage\":\"fr-FR\"}]}<\/script>\n<!-- \/ Yoast SEO plugin. -->","yoast_head_json":{"title":"Demander un devis - Belgi\u00eb","robots":{"index":"index","follow":"follow","max-snippet":"max-snippet:-1","max-image-preview":"max-image-preview:large","max-video-preview":"max-video-preview:-1"},"canonical":"https:\/\/www.trescal.be\/fr\/demander-un-devis\/","og_locale":"fr_FR","og_type":"article","og_title":"Demander un devis - Belgi\u00eb","og_url":"https:\/\/www.trescal.be\/fr\/demander-un-devis\/","og_site_name":"Belgi\u00eb","article_modified_time":"2023-08-28T21:02:21+00:00","og_image":[{"width":2160,"height":1440,"url":"https:\/\/www.trescal.be\/wp-content\/uploads\/sites\/43\/2021\/08\/TECHNICAL_BNL_ANVERS_2021_MASS.jpg","type":"image\/jpeg"}],"twitter_card":"summary_large_image","twitter_misc":{"Dur\u00e9e de lecture estim\u00e9e":"1 minute"},"schema":{"@context":"https:\/\/schema.org","@graph":[{"@type":"WebPage","@id":"https:\/\/www.trescal.be\/fr\/demander-un-devis\/","url":"https:\/\/www.trescal.be\/fr\/demander-un-devis\/","name":"Demander un devis - Belgi\u00eb","isPartOf":{"@id":"https:\/\/www.trescal.be\/fr\/#website"},"primaryImageOfPage":{"@id":"https:\/\/www.trescal.be\/fr\/demander-un-devis\/#primaryimage"},"image":{"@id":"https:\/\/www.trescal.be\/fr\/demander-un-devis\/#primaryimage"},"thumbnailUrl":"https:\/\/www.trescal.be\/wp-content\/uploads\/sites\/43\/2021\/08\/TECHNICAL_BNL_ANVERS_2021_MASS.jpg","datePublished":"2021-08-16T12:42:59+00:00","dateModified":"2023-08-28T21:02:21+00:00","breadcrumb":{"@id":"https:\/\/www.trescal.be\/fr\/demander-un-devis\/#breadcrumb"},"inLanguage":"fr-FR","potentialAction":[{"@type":"ReadAction","target":["https:\/\/www.trescal.be\/fr\/demander-un-devis\/"]}]},{"@type":"ImageObject","inLanguage":"fr-FR","@id":"https:\/\/www.trescal.be\/fr\/demander-un-devis\/#primaryimage","url":"https:\/\/www.trescal.be\/wp-content\/uploads\/sites\/43\/2021\/08\/TECHNICAL_BNL_ANVERS_2021_MASS.jpg","contentUrl":"https:\/\/www.trescal.be\/wp-content\/uploads\/sites\/43\/2021\/08\/TECHNICAL_BNL_ANVERS_2021_MASS.jpg","width":2160,"height":1440},{"@type":"BreadcrumbList","@id":"https:\/\/www.trescal.be\/fr\/demander-un-devis\/#breadcrumb","itemListElement":[{"@type":"ListItem","position":1,"name":"Accueil","item":"https:\/\/www.trescal.be\/fr\/"},{"@type":"ListItem","position":2,"name":"Demander un devis"}]},{"@type":"WebSite","@id":"https:\/\/www.trescal.be\/fr\/#website","url":"https:\/\/www.trescal.be\/fr\/","name":"Belgi\u00eb","description":"| calibration solutions to improve your performance |","potentialAction":[{"@type":"SearchAction","target":{"@type":"EntryPoint","urlTemplate":"https:\/\/www.trescal.be\/fr\/?s={search_term_string}"},"query-input":{"@type":"PropertyValueSpecification","valueRequired":true,"valueName":"search_term_string"}}],"inLanguage":"fr-FR"}]}},"_links":{"self":[{"href":"https:\/\/www.trescal.be\/fr\/wp-json\/wp\/v2\/pages\/7737","targetHints":{"allow":["GET"]}}],"collection":[{"href":"https:\/\/www.trescal.be\/fr\/wp-json\/wp\/v2\/pages"}],"about":[{"href":"https:\/\/www.trescal.be\/fr\/wp-json\/wp\/v2\/types\/page"}],"author":[{"embeddable":true,"href":"https:\/\/www.trescal.be\/fr\/wp-json\/wp\/v2\/users\/1"}],"replies":[{"embeddable":true,"href":"https:\/\/www.trescal.be\/fr\/wp-json\/wp\/v2\/comments?post=7737"}],"version-history":[{"count":0,"href":"https:\/\/www.trescal.be\/fr\/wp-json\/wp\/v2\/pages\/7737\/revisions"}],"wp:featuredmedia":[{"embeddable":true,"href":"https:\/\/www.trescal.be\/fr\/wp-json\/wp\/v2\/media\/7729"}],"wp:attachment":[{"href":"https:\/\/www.trescal.be\/fr\/wp-json\/wp\/v2\/media?parent=7737"}],"curies":[{"name":"wp","href":"https:\/\/api.w.org\/{rel}","templated":true}]}}