{"id":64309,"date":"2024-02-16T14:26:03","date_gmt":"2024-02-16T14:26:03","guid":{"rendered":"https:\/\/www.trescal.be\/?page_id=64309"},"modified":"2024-02-28T12:39:31","modified_gmt":"2024-02-28T12:39:31","slug":"telechargez-lapplication-trescal","status":"publish","type":"page","link":"https:\/\/www.trescal.be\/fr\/telechargez-lapplication-trescal\/","title":{"rendered":"T\u00e9l\u00e9chargez l&rsquo;application Trescal."},"content":{"rendered":"\n<h3 class=\"wp-block-heading has-text-align-center\">TOUS VOS CERTIFICATS DE CALIBRATION \u00c0 PORT\u00c9E DE MAIN<\/h3>\n\n<div class=\"wp-block-image\">\n<figure class=\"aligncenter size-full\"><img decoding=\"async\" data-src=\"https:\/\/www.trescal.com\/wp-content\/uploads\/2023\/06\/Trescal_App_square.png\" alt=\"\" class=\"wp-image-63291 lazyload\" src=\"data:image\/svg+xml;base64,PHN2ZyB3aWR0aD0iMSIgaGVpZ2h0PSIxIiB4bWxucz0iaHR0cDovL3d3dy53My5vcmcvMjAwMC9zdmciPjwvc3ZnPg==\" \/><\/figure>\n<\/div>\n\n<p>Votre productivit\u00e9 d\u00e9pend de vos instruments. Moins vous passez de temps \u00e0 g\u00e9rer vos instruments et \u00e0 garantir le respect des calibrations, plus vous pouvez consacrer de temps \u00e0 votre production.<\/p>\n\n\n<p>Avec <strong>l&rsquo;application Trescal<\/strong>, vous pouvez d\u00e9sormais consulter votre inventaire d&rsquo;\u00e9quipements, scanner des instruments pour consulter leurs certificats de calibration et demander des devis pour des services, tout \u00e7a avec votre t\u00e9l\u00e9phone.<\/p>\n\n\n<div class=\"wp-block-columns is-not-stacked-on-mobile is-layout-flex wp-container-core-columns-is-layout-9d6595d7 wp-block-columns-is-layout-flex\">\n<div class=\"wp-block-column is-vertically-aligned-center is-layout-flow wp-block-column-is-layout-flow\" style=\"flex-basis:50%\"><div class=\"wp-block-image\">\n<figure class=\"alignright size-large is-resized\"><a href=\"https:\/\/apps.apple.com\/fr\/app\/trescal\/id1665743402\" target=\"_blank\" rel=\"noreferrer noopener\"><img decoding=\"async\" data-src=\"https:\/\/www.trescal.com\/wp-content\/uploads\/2023\/06\/app_store-1-1024x304.png\" alt=\"\" class=\"wp-image-62880 lazyload\" style=\"--smush-placeholder-width: 1024px; --smush-placeholder-aspect-ratio: 1024\/304;width:269px;height:80px\" src=\"data:image\/svg+xml;base64,PHN2ZyB3aWR0aD0iMSIgaGVpZ2h0PSIxIiB4bWxucz0iaHR0cDovL3d3dy53My5vcmcvMjAwMC9zdmciPjwvc3ZnPg==\" \/><\/a><\/figure>\n<\/div><\/div>\n\n\n<div class=\"wp-block-column is-vertically-aligned-center is-layout-flow wp-block-column-is-layout-flow\" style=\"flex-basis:50%\"><div class=\"wp-block-image\">\n<figure class=\"alignleft size-full is-resized\"><a href=\"https:\/\/play.google.com\/store\/apps\/details?id=com.trescal.trescalmobile\" target=\"_blank\" rel=\"noreferrer noopener\"><img decoding=\"async\" data-src=\"https:\/\/www.trescal.com\/wp-content\/uploads\/2023\/06\/Google_Play_Store_badge_EN.svg.png\" alt=\"\" class=\"wp-image-62913 lazyload\" style=\"width:270px;height:auto\" src=\"data:image\/svg+xml;base64,PHN2ZyB3aWR0aD0iMSIgaGVpZ2h0PSIxIiB4bWxucz0iaHR0cDovL3d3dy53My5vcmcvMjAwMC9zdmciPjwvc3ZnPg==\" \/><\/a><\/figure>\n<\/div><\/div>\n<\/div>\n\n\n<p class=\"has-text-align-center\"><strong>Connectez-vous avec vos identifiants de connexion du portail client. <\/strong><\/p>\n\n\n<p class=\"has-text-align-center\"><strong>Si vous n&rsquo;avez pas de compte, veuillez contacter un repr\u00e9sentant du service client.<\/strong><\/p>\n\n\n<p><\/p>\n\n\n<h3 class=\"wp-block-heading has-text-align-center\">COMMENT \u00c7A MARCHE<\/h3>\n\n\n<div  class=\"wp-block-video video\">\n  <h4>Pr\u00e9sentation de l&rsquo;application Trescal<\/h4>\n  <a target=\"_blank\" class=\"pop-youtube\" href=\"https:\/\/www.youtube.com\/embed\/7pq5Mv1NLtw\">\n    <span class=\"media picture   \"><small class=\"credit\"><\/small><\/span>  <\/a>\n  <div class=\"video-placeholder\" data-cli-class=\"cli-blocker-script\" data-video-id=\"https:\/\/www.youtube.com\/embed\/7pq5Mv1NLtw?controls=0&#038;modestbranding=1&#038;rel=0&#038;showinfo=0&#038;origin=https%3A%2F%2Fwww.trescal.be&#038;enablejsapi=1&#038;widgetid=1\">\n    <iframe id=\"video\" allowfullscreen=\"1\" accelerometer; autoplay; clipboard-write; encrypted-media; gyroscope; picture-in-picture\" data-src=\"https:\/\/www.youtube.com\/embed\/7pq5Mv1NLtw?controls=0&#038;modestbranding=1&#038;rel=0&#038;showinfo=0&#038;origin=https%3A%2F%2Fwww.trescal.be&#038;enablejsapi=1&#038;widgetid=1\" src=\"data:image\/svg+xml;base64,PHN2ZyB3aWR0aD0iMSIgaGVpZ2h0PSIxIiB4bWxucz0iaHR0cDovL3d3dy53My5vcmcvMjAwMC9zdmciPjwvc3ZnPg==\" class=\"lazyload\" data-load-mode=\"1\"><\/iframe>\n    <div class=\"icon-play\" id=\"play\"><\/div>\n    <div class=\"icon-pause\" id=\"pause\"><\/div>\n    <div class=\"icon-sound-on\" id=\"soundOn\"><\/div>\n    <div class=\"icon-sound-off\" id=\"soundOff\"><\/div>\n    <div class=\"icon-fullscreen\" id=\"fullScreen\"><\/div>\n    <div id=\"progressBar\"><span><\/span><\/div>\n  <\/div>\n<\/div>\n","protected":false},"excerpt":{"rendered":"TOUS VOS CERTIFICATS DE CALIBRATION \u00c0 PORT\u00c9E DE MAIN Votre productivit\u00e9 d\u00e9pend de vos instruments. Moins vous passez de temps","protected":false},"author":62,"featured_media":64310,"parent":0,"menu_order":0,"comment_status":"closed","ping_status":"closed","template":"template-thumbnail.php","meta":{"_acf_changed":false,"inline_featured_image":false,"footnotes":""},"class_list":["post-64309","page","type-page","status-publish","has-post-thumbnail","hentry"],"acf":[],"yoast_head":"<!-- This site is optimized with the Yoast SEO plugin v27.3 - https:\/\/yoast.com\/product\/yoast-seo-wordpress\/ -->\n<title>T\u00e9l\u00e9chargez l&#039;application Trescal. - Belgi\u00eb<\/title>\n<meta name=\"robots\" content=\"index, follow, max-snippet:-1, max-image-preview:large, max-video-preview:-1\" \/>\n<link rel=\"canonical\" href=\"https:\/\/www.trescal.be\/fr\/telechargez-lapplication-trescal\/\" \/>\n<meta property=\"og:locale\" content=\"fr_FR\" \/>\n<meta property=\"og:type\" content=\"article\" \/>\n<meta property=\"og:title\" content=\"T\u00e9l\u00e9chargez l&#039;application Trescal. - Belgi\u00eb\" \/>\n<meta property=\"og:description\" content=\"TOUS VOS CERTIFICATS DE CALIBRATION \u00c0 PORT\u00c9E DE MAIN Votre productivit\u00e9 d\u00e9pend de vos instruments. Moins vous passez de temps\" \/>\n<meta property=\"og:url\" content=\"https:\/\/www.trescal.be\/fr\/telechargez-lapplication-trescal\/\" \/>\n<meta property=\"og:site_name\" content=\"Belgi\u00eb\" \/>\n<meta property=\"article:modified_time\" content=\"2024-02-28T12:39:31+00:00\" \/>\n<meta property=\"og:image\" content=\"https:\/\/www.trescal.be\/wp-content\/uploads\/sites\/43\/2024\/02\/87ef97a0-50fb-41be-aca5-d07a12a5ce6b-1.jpg\" \/>\n\t<meta property=\"og:image:width\" content=\"1280\" \/>\n\t<meta property=\"og:image:height\" content=\"720\" \/>\n\t<meta property=\"og:image:type\" content=\"image\/jpeg\" \/>\n<meta name=\"twitter:card\" content=\"summary_large_image\" \/>\n<meta name=\"twitter:label1\" content=\"Dur\u00e9e de lecture estim\u00e9e\" \/>\n\t<meta name=\"twitter:data1\" content=\"2 minutes\" \/>\n<script type=\"application\/ld+json\" class=\"yoast-schema-graph\">{\"@context\":\"https:\\\/\\\/schema.org\",\"@graph\":[{\"@type\":\"WebPage\",\"@id\":\"https:\\\/\\\/www.trescal.be\\\/fr\\\/telechargez-lapplication-trescal\\\/\",\"url\":\"https:\\\/\\\/www.trescal.be\\\/fr\\\/telechargez-lapplication-trescal\\\/\",\"name\":\"T\u00e9l\u00e9chargez l'application Trescal. - Belgi\u00eb\",\"isPartOf\":{\"@id\":\"https:\\\/\\\/www.trescal.be\\\/fr\\\/#website\"},\"primaryImageOfPage\":{\"@id\":\"https:\\\/\\\/www.trescal.be\\\/fr\\\/telechargez-lapplication-trescal\\\/#primaryimage\"},\"image\":{\"@id\":\"https:\\\/\\\/www.trescal.be\\\/fr\\\/telechargez-lapplication-trescal\\\/#primaryimage\"},\"thumbnailUrl\":\"https:\\\/\\\/www.trescal.be\\\/wp-content\\\/uploads\\\/sites\\\/43\\\/2024\\\/02\\\/87ef97a0-50fb-41be-aca5-d07a12a5ce6b-1.jpg\",\"datePublished\":\"2024-02-16T14:26:03+00:00\",\"dateModified\":\"2024-02-28T12:39:31+00:00\",\"breadcrumb\":{\"@id\":\"https:\\\/\\\/www.trescal.be\\\/fr\\\/telechargez-lapplication-trescal\\\/#breadcrumb\"},\"inLanguage\":\"fr-FR\",\"potentialAction\":[{\"@type\":\"ReadAction\",\"target\":[\"https:\\\/\\\/www.trescal.be\\\/fr\\\/telechargez-lapplication-trescal\\\/\"]}]},{\"@type\":\"ImageObject\",\"inLanguage\":\"fr-FR\",\"@id\":\"https:\\\/\\\/www.trescal.be\\\/fr\\\/telechargez-lapplication-trescal\\\/#primaryimage\",\"url\":\"https:\\\/\\\/www.trescal.be\\\/wp-content\\\/uploads\\\/sites\\\/43\\\/2024\\\/02\\\/87ef97a0-50fb-41be-aca5-d07a12a5ce6b-1.jpg\",\"contentUrl\":\"https:\\\/\\\/www.trescal.be\\\/wp-content\\\/uploads\\\/sites\\\/43\\\/2024\\\/02\\\/87ef97a0-50fb-41be-aca5-d07a12a5ce6b-1.jpg\",\"width\":1280,\"height\":720},{\"@type\":\"BreadcrumbList\",\"@id\":\"https:\\\/\\\/www.trescal.be\\\/fr\\\/telechargez-lapplication-trescal\\\/#breadcrumb\",\"itemListElement\":[{\"@type\":\"ListItem\",\"position\":1,\"name\":\"Accueil\",\"item\":\"https:\\\/\\\/www.trescal.be\\\/fr\\\/\"},{\"@type\":\"ListItem\",\"position\":2,\"name\":\"T\u00e9l\u00e9chargez l&#8217;application Trescal.\"}]},{\"@type\":\"WebSite\",\"@id\":\"https:\\\/\\\/www.trescal.be\\\/fr\\\/#website\",\"url\":\"https:\\\/\\\/www.trescal.be\\\/fr\\\/\",\"name\":\"Belgi\u00eb\",\"description\":\"| calibration solutions to improve your performance |\",\"potentialAction\":[{\"@type\":\"SearchAction\",\"target\":{\"@type\":\"EntryPoint\",\"urlTemplate\":\"https:\\\/\\\/www.trescal.be\\\/fr\\\/?s={search_term_string}\"},\"query-input\":{\"@type\":\"PropertyValueSpecification\",\"valueRequired\":true,\"valueName\":\"search_term_string\"}}],\"inLanguage\":\"fr-FR\"}]}<\/script>\n<!-- \/ Yoast SEO plugin. -->","yoast_head_json":{"title":"T\u00e9l\u00e9chargez l'application Trescal. - Belgi\u00eb","robots":{"index":"index","follow":"follow","max-snippet":"max-snippet:-1","max-image-preview":"max-image-preview:large","max-video-preview":"max-video-preview:-1"},"canonical":"https:\/\/www.trescal.be\/fr\/telechargez-lapplication-trescal\/","og_locale":"fr_FR","og_type":"article","og_title":"T\u00e9l\u00e9chargez l'application Trescal. - Belgi\u00eb","og_description":"TOUS VOS CERTIFICATS DE CALIBRATION \u00c0 PORT\u00c9E DE MAIN Votre productivit\u00e9 d\u00e9pend de vos instruments. Moins vous passez de temps","og_url":"https:\/\/www.trescal.be\/fr\/telechargez-lapplication-trescal\/","og_site_name":"Belgi\u00eb","article_modified_time":"2024-02-28T12:39:31+00:00","og_image":[{"width":1280,"height":720,"url":"https:\/\/www.trescal.be\/wp-content\/uploads\/sites\/43\/2024\/02\/87ef97a0-50fb-41be-aca5-d07a12a5ce6b-1.jpg","type":"image\/jpeg"}],"twitter_card":"summary_large_image","twitter_misc":{"Dur\u00e9e de lecture estim\u00e9e":"2 minutes"},"schema":{"@context":"https:\/\/schema.org","@graph":[{"@type":"WebPage","@id":"https:\/\/www.trescal.be\/fr\/telechargez-lapplication-trescal\/","url":"https:\/\/www.trescal.be\/fr\/telechargez-lapplication-trescal\/","name":"T\u00e9l\u00e9chargez l'application Trescal. - Belgi\u00eb","isPartOf":{"@id":"https:\/\/www.trescal.be\/fr\/#website"},"primaryImageOfPage":{"@id":"https:\/\/www.trescal.be\/fr\/telechargez-lapplication-trescal\/#primaryimage"},"image":{"@id":"https:\/\/www.trescal.be\/fr\/telechargez-lapplication-trescal\/#primaryimage"},"thumbnailUrl":"https:\/\/www.trescal.be\/wp-content\/uploads\/sites\/43\/2024\/02\/87ef97a0-50fb-41be-aca5-d07a12a5ce6b-1.jpg","datePublished":"2024-02-16T14:26:03+00:00","dateModified":"2024-02-28T12:39:31+00:00","breadcrumb":{"@id":"https:\/\/www.trescal.be\/fr\/telechargez-lapplication-trescal\/#breadcrumb"},"inLanguage":"fr-FR","potentialAction":[{"@type":"ReadAction","target":["https:\/\/www.trescal.be\/fr\/telechargez-lapplication-trescal\/"]}]},{"@type":"ImageObject","inLanguage":"fr-FR","@id":"https:\/\/www.trescal.be\/fr\/telechargez-lapplication-trescal\/#primaryimage","url":"https:\/\/www.trescal.be\/wp-content\/uploads\/sites\/43\/2024\/02\/87ef97a0-50fb-41be-aca5-d07a12a5ce6b-1.jpg","contentUrl":"https:\/\/www.trescal.be\/wp-content\/uploads\/sites\/43\/2024\/02\/87ef97a0-50fb-41be-aca5-d07a12a5ce6b-1.jpg","width":1280,"height":720},{"@type":"BreadcrumbList","@id":"https:\/\/www.trescal.be\/fr\/telechargez-lapplication-trescal\/#breadcrumb","itemListElement":[{"@type":"ListItem","position":1,"name":"Accueil","item":"https:\/\/www.trescal.be\/fr\/"},{"@type":"ListItem","position":2,"name":"T\u00e9l\u00e9chargez l&#8217;application Trescal."}]},{"@type":"WebSite","@id":"https:\/\/www.trescal.be\/fr\/#website","url":"https:\/\/www.trescal.be\/fr\/","name":"Belgi\u00eb","description":"| calibration solutions to improve your performance |","potentialAction":[{"@type":"SearchAction","target":{"@type":"EntryPoint","urlTemplate":"https:\/\/www.trescal.be\/fr\/?s={search_term_string}"},"query-input":{"@type":"PropertyValueSpecification","valueRequired":true,"valueName":"search_term_string"}}],"inLanguage":"fr-FR"}]}},"_links":{"self":[{"href":"https:\/\/www.trescal.be\/fr\/wp-json\/wp\/v2\/pages\/64309","targetHints":{"allow":["GET"]}}],"collection":[{"href":"https:\/\/www.trescal.be\/fr\/wp-json\/wp\/v2\/pages"}],"about":[{"href":"https:\/\/www.trescal.be\/fr\/wp-json\/wp\/v2\/types\/page"}],"author":[{"embeddable":true,"href":"https:\/\/www.trescal.be\/fr\/wp-json\/wp\/v2\/users\/62"}],"replies":[{"embeddable":true,"href":"https:\/\/www.trescal.be\/fr\/wp-json\/wp\/v2\/comments?post=64309"}],"version-history":[{"count":0,"href":"https:\/\/www.trescal.be\/fr\/wp-json\/wp\/v2\/pages\/64309\/revisions"}],"wp:featuredmedia":[{"embeddable":true,"href":"https:\/\/www.trescal.be\/fr\/wp-json\/wp\/v2\/media\/64310"}],"wp:attachment":[{"href":"https:\/\/www.trescal.be\/fr\/wp-json\/wp\/v2\/media?parent=64309"}],"curies":[{"name":"wp","href":"https:\/\/api.w.org\/{rel}","templated":true}]}}