{"id":63981,"date":"2023-12-07T07:58:49","date_gmt":"2023-12-07T07:58:49","guid":{"rendered":"https:\/\/www.trescal.be\/?page_id=63981"},"modified":"2023-12-07T07:58:53","modified_gmt":"2023-12-07T07:58:53","slug":"fusion-et-integration-de-cmi-belgique-dans-trescal-sa","status":"publish","type":"page","link":"https:\/\/www.trescal.be\/fr\/fusion-et-integration-de-cmi-belgique-dans-trescal-sa\/","title":{"rendered":"Fusion et int\u00e9gration de CMI Belgique dans Trescal sa"},"content":{"rendered":"\n<p>Il y a 2 ans, Trescal a acquis les 3 entit\u00e9s de CMI. L\u2019int\u00e9gration de CMI Pays-Bas a depuis \u00e9t\u00e9 achev\u00e9e et celle des deux succursales belges sera effective \u00e0 la fin de cette ann\u00e9e.<\/p>\n\n\n\n<p>\u00c0 partir du 01\/01\/2024, les deux succursales seront rattach\u00e9es \u00e0 Trescal nv\/sa. Le site de Lier d\u00e9m\u00e9nagera dans le nouveau b\u00e2timent de Trescal nv\/sa \u00e0 Wommelgem.<\/p>\n\n\n\n<h3 class=\"wp-block-heading\">Nous vous invitons \u00e0 mettre \u00e0 jour les informations suivantes dans votre base de donn\u00e9es d\u00e8s que possible.<\/h3>\n\n\n\n<h2 class=\"wp-block-heading\">Si\u00e8ge social:<\/h2>\n\n\n\n<p>Trescal nv\/sa<br>CMI \u2013 a Trescal company<br>Nijverheidsstraat 70<br>B \u2013 2160 Wommelgem (Anvers)<br>TVA: BE 0414 459 224 &#8211; IBAN: BE44 4090 5082 8145 &#8211; BIC: KREDBEBB<\/p>\n\n\n\n<h2 class=\"wp-block-heading\">Adresse de nos deux succursales en Belgique:<\/h2>\n\n\n\n<div class=\"wp-block-columns is-layout-flex wp-container-core-columns-is-layout-9d6595d7 wp-block-columns-is-layout-flex\">\n<div class=\"wp-block-column is-layout-flow wp-block-column-is-layout-flow\">\n<p><strong>Trescal nv<\/strong><\/p>\n\n\n\n<p>CMI \u2013 a Trescal company<br>Nijverheidsstraat 70<br>B \u2013 2160 Wommelgem (Anvers)<br>Tel: +32 (0)3 542 62 90<br><a href=\"https:\/\/www.cmitest.eu\/\" target=\"_blank\" rel=\"noreferrer noopener\">www.cmitest.eu<\/a><\/p>\n<\/div>\n\n\n\n<div class=\"wp-block-column is-layout-flow wp-block-column-is-layout-flow\">\n<p><strong>Trescal sa<\/strong><\/p>\n\n\n\n<p>CMI \u2013 a Trescal company<br>Av. de Ramelot 3<br>B &#8211; 1480 Saintes<br>Tel: +32 (0)2 531 11<br><a href=\"https:\/\/www.cmitest.eu\/\" target=\"_blank\" rel=\"noreferrer noopener\">www.cmitest.eu<\/a><\/p>\n<\/div>\n<\/div>\n\n\n\n<h3 class=\"wp-block-heading\">Les coordonn\u00e9es actuelles de CMI resteront inchang\u00e9es jusqu&rsquo;\u00e0 nouvel ordre.<\/h3>\n\n\n\n<p><strong>Changements concernant les livraisons et enl\u00e8vements pour le site de CMI Lier :<\/strong><\/p>\n\n\n\n<ul class=\"wp-block-list\">\n<li><mark>Jusqu\u2019au 31 janvier 2024 <\/mark>-&gt; livraisons \u00e0 l\u2019adresse actuelle de Lier<\/li>\n\n\n\n<li><mark>\u00c0 partir du 1er f\u00e9vrier 2024 <\/mark>-&gt; livraisons \u00e0 Trescal\/CMI \u2013 Nijverheidsstraat 70 \u00e0 2160 Wommelgem (Anvers)<\/li>\n<\/ul>\n\n\n\n<p><\/p>\n\n\n\n<p><\/p>\n","protected":false},"excerpt":{"rendered":"Il y a 2 ans, Trescal a acquis les 3 entit\u00e9s de CMI. L\u2019int\u00e9gration de CMI Pays-Bas a depuis \u00e9t\u00e9","protected":false},"author":24,"featured_media":2993,"parent":0,"menu_order":0,"comment_status":"closed","ping_status":"closed","template":"template-thumbnail.php","meta":{"_acf_changed":false,"inline_featured_image":false,"footnotes":""},"class_list":["post-63981","page","type-page","status-publish","has-post-thumbnail","hentry"],"acf":[],"yoast_head":"<!-- This site is optimized with the Yoast SEO plugin v27.4 - https:\/\/yoast.com\/product\/yoast-seo-wordpress\/ -->\n<title>Fusion et int\u00e9gration de CMI Belgique dans Trescal sa - Belgi\u00eb<\/title>\n<meta name=\"robots\" content=\"index, follow, max-snippet:-1, max-image-preview:large, max-video-preview:-1\" \/>\n<link rel=\"canonical\" href=\"https:\/\/www.trescal.be\/fr\/fusion-et-integration-de-cmi-belgique-dans-trescal-sa\/\" \/>\n<meta property=\"og:locale\" content=\"fr_FR\" \/>\n<meta property=\"og:type\" content=\"article\" \/>\n<meta property=\"og:title\" content=\"Fusion et int\u00e9gration de CMI Belgique dans Trescal sa - Belgi\u00eb\" \/>\n<meta property=\"og:description\" content=\"Il y a 2 ans, Trescal a acquis les 3 entit\u00e9s de CMI. L\u2019int\u00e9gration de CMI Pays-Bas a depuis \u00e9t\u00e9\" \/>\n<meta property=\"og:url\" content=\"https:\/\/www.trescal.be\/fr\/fusion-et-integration-de-cmi-belgique-dans-trescal-sa\/\" \/>\n<meta property=\"og:site_name\" content=\"Belgi\u00eb\" \/>\n<meta property=\"article:modified_time\" content=\"2023-12-07T07:58:53+00:00\" \/>\n<meta property=\"og:image\" content=\"https:\/\/www.trescal.be\/wp-content\/uploads\/sites\/43\/2020\/07\/trescal_other_services_header.jpg\" \/>\n\t<meta property=\"og:image:width\" content=\"1300\" \/>\n\t<meta property=\"og:image:height\" content=\"1000\" \/>\n\t<meta property=\"og:image:type\" content=\"image\/jpeg\" \/>\n<meta name=\"twitter:card\" content=\"summary_large_image\" \/>\n<meta name=\"twitter:label1\" content=\"Dur\u00e9e de lecture estim\u00e9e\" \/>\n\t<meta name=\"twitter:data1\" content=\"2 minutes\" \/>\n<script type=\"application\/ld+json\" class=\"yoast-schema-graph\">{\"@context\":\"https:\\\/\\\/schema.org\",\"@graph\":[{\"@type\":\"WebPage\",\"@id\":\"https:\\\/\\\/www.trescal.be\\\/fr\\\/fusion-et-integration-de-cmi-belgique-dans-trescal-sa\\\/\",\"url\":\"https:\\\/\\\/www.trescal.be\\\/fr\\\/fusion-et-integration-de-cmi-belgique-dans-trescal-sa\\\/\",\"name\":\"Fusion et int\u00e9gration de CMI Belgique dans Trescal sa - Belgi\u00eb\",\"isPartOf\":{\"@id\":\"https:\\\/\\\/www.trescal.be\\\/fr\\\/#website\"},\"primaryImageOfPage\":{\"@id\":\"https:\\\/\\\/www.trescal.be\\\/fr\\\/fusion-et-integration-de-cmi-belgique-dans-trescal-sa\\\/#primaryimage\"},\"image\":{\"@id\":\"https:\\\/\\\/www.trescal.be\\\/fr\\\/fusion-et-integration-de-cmi-belgique-dans-trescal-sa\\\/#primaryimage\"},\"thumbnailUrl\":\"https:\\\/\\\/www.trescal.be\\\/wp-content\\\/uploads\\\/sites\\\/43\\\/2020\\\/07\\\/trescal_other_services_header.jpg\",\"datePublished\":\"2023-12-07T07:58:49+00:00\",\"dateModified\":\"2023-12-07T07:58:53+00:00\",\"breadcrumb\":{\"@id\":\"https:\\\/\\\/www.trescal.be\\\/fr\\\/fusion-et-integration-de-cmi-belgique-dans-trescal-sa\\\/#breadcrumb\"},\"inLanguage\":\"fr-FR\",\"potentialAction\":[{\"@type\":\"ReadAction\",\"target\":[\"https:\\\/\\\/www.trescal.be\\\/fr\\\/fusion-et-integration-de-cmi-belgique-dans-trescal-sa\\\/\"]}]},{\"@type\":\"ImageObject\",\"inLanguage\":\"fr-FR\",\"@id\":\"https:\\\/\\\/www.trescal.be\\\/fr\\\/fusion-et-integration-de-cmi-belgique-dans-trescal-sa\\\/#primaryimage\",\"url\":\"https:\\\/\\\/www.trescal.be\\\/wp-content\\\/uploads\\\/sites\\\/43\\\/2020\\\/07\\\/trescal_other_services_header.jpg\",\"contentUrl\":\"https:\\\/\\\/www.trescal.be\\\/wp-content\\\/uploads\\\/sites\\\/43\\\/2020\\\/07\\\/trescal_other_services_header.jpg\",\"width\":1300,\"height\":1000},{\"@type\":\"BreadcrumbList\",\"@id\":\"https:\\\/\\\/www.trescal.be\\\/fr\\\/fusion-et-integration-de-cmi-belgique-dans-trescal-sa\\\/#breadcrumb\",\"itemListElement\":[{\"@type\":\"ListItem\",\"position\":1,\"name\":\"Accueil\",\"item\":\"https:\\\/\\\/www.trescal.be\\\/fr\\\/\"},{\"@type\":\"ListItem\",\"position\":2,\"name\":\"Fusion et int\u00e9gration de CMI Belgique dans Trescal sa\"}]},{\"@type\":\"WebSite\",\"@id\":\"https:\\\/\\\/www.trescal.be\\\/fr\\\/#website\",\"url\":\"https:\\\/\\\/www.trescal.be\\\/fr\\\/\",\"name\":\"Belgi\u00eb\",\"description\":\"| calibration solutions to improve your performance |\",\"potentialAction\":[{\"@type\":\"SearchAction\",\"target\":{\"@type\":\"EntryPoint\",\"urlTemplate\":\"https:\\\/\\\/www.trescal.be\\\/fr\\\/?s={search_term_string}\"},\"query-input\":{\"@type\":\"PropertyValueSpecification\",\"valueRequired\":true,\"valueName\":\"search_term_string\"}}],\"inLanguage\":\"fr-FR\"}]}<\/script>\n<!-- \/ Yoast SEO plugin. -->","yoast_head_json":{"title":"Fusion et int\u00e9gration de CMI Belgique dans Trescal sa - Belgi\u00eb","robots":{"index":"index","follow":"follow","max-snippet":"max-snippet:-1","max-image-preview":"max-image-preview:large","max-video-preview":"max-video-preview:-1"},"canonical":"https:\/\/www.trescal.be\/fr\/fusion-et-integration-de-cmi-belgique-dans-trescal-sa\/","og_locale":"fr_FR","og_type":"article","og_title":"Fusion et int\u00e9gration de CMI Belgique dans Trescal sa - Belgi\u00eb","og_description":"Il y a 2 ans, Trescal a acquis les 3 entit\u00e9s de CMI. L\u2019int\u00e9gration de CMI Pays-Bas a depuis \u00e9t\u00e9","og_url":"https:\/\/www.trescal.be\/fr\/fusion-et-integration-de-cmi-belgique-dans-trescal-sa\/","og_site_name":"Belgi\u00eb","article_modified_time":"2023-12-07T07:58:53+00:00","og_image":[{"width":1300,"height":1000,"url":"https:\/\/www.trescal.be\/wp-content\/uploads\/sites\/43\/2020\/07\/trescal_other_services_header.jpg","type":"image\/jpeg"}],"twitter_card":"summary_large_image","twitter_misc":{"Dur\u00e9e de lecture estim\u00e9e":"2 minutes"},"schema":{"@context":"https:\/\/schema.org","@graph":[{"@type":"WebPage","@id":"https:\/\/www.trescal.be\/fr\/fusion-et-integration-de-cmi-belgique-dans-trescal-sa\/","url":"https:\/\/www.trescal.be\/fr\/fusion-et-integration-de-cmi-belgique-dans-trescal-sa\/","name":"Fusion et int\u00e9gration de CMI Belgique dans Trescal sa - Belgi\u00eb","isPartOf":{"@id":"https:\/\/www.trescal.be\/fr\/#website"},"primaryImageOfPage":{"@id":"https:\/\/www.trescal.be\/fr\/fusion-et-integration-de-cmi-belgique-dans-trescal-sa\/#primaryimage"},"image":{"@id":"https:\/\/www.trescal.be\/fr\/fusion-et-integration-de-cmi-belgique-dans-trescal-sa\/#primaryimage"},"thumbnailUrl":"https:\/\/www.trescal.be\/wp-content\/uploads\/sites\/43\/2020\/07\/trescal_other_services_header.jpg","datePublished":"2023-12-07T07:58:49+00:00","dateModified":"2023-12-07T07:58:53+00:00","breadcrumb":{"@id":"https:\/\/www.trescal.be\/fr\/fusion-et-integration-de-cmi-belgique-dans-trescal-sa\/#breadcrumb"},"inLanguage":"fr-FR","potentialAction":[{"@type":"ReadAction","target":["https:\/\/www.trescal.be\/fr\/fusion-et-integration-de-cmi-belgique-dans-trescal-sa\/"]}]},{"@type":"ImageObject","inLanguage":"fr-FR","@id":"https:\/\/www.trescal.be\/fr\/fusion-et-integration-de-cmi-belgique-dans-trescal-sa\/#primaryimage","url":"https:\/\/www.trescal.be\/wp-content\/uploads\/sites\/43\/2020\/07\/trescal_other_services_header.jpg","contentUrl":"https:\/\/www.trescal.be\/wp-content\/uploads\/sites\/43\/2020\/07\/trescal_other_services_header.jpg","width":1300,"height":1000},{"@type":"BreadcrumbList","@id":"https:\/\/www.trescal.be\/fr\/fusion-et-integration-de-cmi-belgique-dans-trescal-sa\/#breadcrumb","itemListElement":[{"@type":"ListItem","position":1,"name":"Accueil","item":"https:\/\/www.trescal.be\/fr\/"},{"@type":"ListItem","position":2,"name":"Fusion et int\u00e9gration de CMI Belgique dans Trescal sa"}]},{"@type":"WebSite","@id":"https:\/\/www.trescal.be\/fr\/#website","url":"https:\/\/www.trescal.be\/fr\/","name":"Belgi\u00eb","description":"| calibration solutions to improve your performance |","potentialAction":[{"@type":"SearchAction","target":{"@type":"EntryPoint","urlTemplate":"https:\/\/www.trescal.be\/fr\/?s={search_term_string}"},"query-input":{"@type":"PropertyValueSpecification","valueRequired":true,"valueName":"search_term_string"}}],"inLanguage":"fr-FR"}]}},"_links":{"self":[{"href":"https:\/\/www.trescal.be\/fr\/wp-json\/wp\/v2\/pages\/63981","targetHints":{"allow":["GET"]}}],"collection":[{"href":"https:\/\/www.trescal.be\/fr\/wp-json\/wp\/v2\/pages"}],"about":[{"href":"https:\/\/www.trescal.be\/fr\/wp-json\/wp\/v2\/types\/page"}],"author":[{"embeddable":true,"href":"https:\/\/www.trescal.be\/fr\/wp-json\/wp\/v2\/users\/24"}],"replies":[{"embeddable":true,"href":"https:\/\/www.trescal.be\/fr\/wp-json\/wp\/v2\/comments?post=63981"}],"version-history":[{"count":0,"href":"https:\/\/www.trescal.be\/fr\/wp-json\/wp\/v2\/pages\/63981\/revisions"}],"wp:featuredmedia":[{"embeddable":true,"href":"https:\/\/www.trescal.be\/fr\/wp-json\/wp\/v2\/media\/2993"}],"wp:attachment":[{"href":"https:\/\/www.trescal.be\/fr\/wp-json\/wp\/v2\/media?parent=63981"}],"curies":[{"name":"wp","href":"https:\/\/api.w.org\/{rel}","templated":true}]}}