{"id":5202,"date":"2020-07-06T13:45:54","date_gmt":"2020-07-06T13:45:54","guid":{"rendered":"https:\/\/www.trescal.be\/legal-notices\/"},"modified":"2021-02-12T10:13:52","modified_gmt":"2021-02-12T10:13:52","slug":"mentions-legales","status":"publish","type":"page","link":"https:\/\/www.trescal.be\/fr\/mentions-legales\/","title":{"rendered":"Mentions l\u00e9gales"},"content":{"rendered":"\n<p>En acc\u00e9dant, en consultant et en utilisant le pr\u00e9sent site internet vous acceptez les pr\u00e9sentes conditions et vous vous engagez \u00e0 les respecter.<\/p>\n\n\n\n<p>Ce site est \u00e9dit\u00e9 par la soci\u00e9t\u00e9 Trescal International SAS.<\/p>\n\n\n\n<p><strong>Raison sociale :<\/strong> Trescal International SAS<br><strong>Nom commercial :<\/strong> Trescal<br><strong>Si\u00e8ge social :<\/strong> 24 -26 Rue de Villeneuve- 94150 Rungis \u2013 France <br><strong>Capital <\/strong>: 92.861.480 euros<br><strong>RCS <\/strong>: RCS CRETEIL B 793 206 053<\/p>\n\n\n\n<p><strong>T\u00e9l\u00e9phone<\/strong> : +33 (0) 1 56 70 36 36<br><strong>E-mail<\/strong> : france@trescal.com<\/p>\n\n\n\n<p><strong>Directeur de la publication<\/strong> : Marie Zo\u00e9 Beaugrand<\/p>\n\n\n\n<p><strong>H\u00e9bergement&nbsp;<\/strong>: Ce site internet est h\u00e9berg\u00e9 par OVH.<br>Raison sociale : OVH SAS<br>Adresse : 2 rue Kellermann &#8211; 59100 Roubaix &#8211; France<br>RCS : RCS Lille M\u00e9tropole 424 761 419 00045<br>T\u00e9l\u00e9phone : +33 (0) 9 72 10 10 10<\/p>\n\n\n\n<p>Trescal International (ci-apr\u00e8s \u00a0\u00bb Trescal \u00a0\u00bb ou \u00ab\u00a0nous\u00a0\u00bb) offre aux visiteurs et utilisateurs l&rsquo;acc\u00e8s au pr\u00e9sent site Web sur la base de (et en se fiant \u00e0) votre acceptation des conditions qui suivent.<\/p>\n\n\n\n<p>Trescal vous conc\u00e8de par les pr\u00e9sentes l&rsquo;autorisation d&rsquo;acc\u00e9der \u00e0, t\u00e9l\u00e9charger et utiliser le pr\u00e9sent site Web aux seules fins de votre usage interne.<\/p>\n\n\n\n<p>Nous sommes en droit, \u00e0 notre enti\u00e8re discr\u00e9tion, d&rsquo;ajouter, supprimer ou modifier \u00e0 tout moment tout ou partie des services inclus dans le site Web ou de r\u00e9silier cette autorisation.<\/p>\n\n\n\n<h2 class=\"wp-block-heading\">PROPRIETE INTELLECTUELLE<\/h2>\n\n\n\n<p>Tous les \u00e9l\u00e9ments, et notamment les configurations, affichages et \u00e9crans, et toutes les informations apparaissant sur ou affich\u00e9(e)s par Trescal en liaison avec ou contenu(e)s sur le pr\u00e9sent site Web sont prot\u00e9g\u00e9(e)s par toutes les lois applicables.<\/p>\n\n\n\n<p>Trescal d\u00e9tient, se r\u00e9serve et conserve tous les droits de propri\u00e9t\u00e9, y compris les droits de reproduction, sur le pr\u00e9sent site Web et les \u00e9l\u00e9ments qu&rsquo;il contient. Les marques de fabrique, marques de service, appellations commerciales, logos et autres indications d&rsquo;origine, et notamment le nom de domaine Trescal, affich\u00e9s sur le pr\u00e9sent site Web sont des marques d\u00e9pos\u00e9es et non-d\u00e9pos\u00e9es de Trescal ou d&rsquo;un tiers ayant conc\u00e9d\u00e9 \u00e0 Trescal le droit de les utiliser sur le pr\u00e9sent site. Rien de ce qui est contenu dans les pr\u00e9sentes ne pourra \u00eatre r\u00e9put\u00e9 conc\u00e9der au visiteur ou \u00e0 l&rsquo;utilisateur un(e) quelconque licence ou droit en vue de l&rsquo;utilisation d&rsquo;une des marques de fabrique figurant sur le site sans l&rsquo;autorisation \u00e9crite de Trescal ou du tiers susvis\u00e9.<\/p>\n\n\n\n<p>Trescal et\/ou ses fournisseurs de contenu tiers demeurent propri\u00e9taires des informations apparaissant sur le pr\u00e9sent site Web, et l&rsquo;utilisateur n&rsquo;acquiert aucun des droits de propri\u00e9t\u00e9 susvis\u00e9s en imprimant ou en t\u00e9l\u00e9chargeant quelque partie que ce soit des informations ou en faisant usage des fonctionnalit\u00e9s du site Web.<\/p>\n\n\n\n<p><strong>Copyrights<\/strong>\u00a9 Ren\u00e9 Gaens \/ Trescal \/ Gilles Rolle \/ Sirer \/ Ed Bagnall \/ Andrey Armyagov &#8211; adobe stock \/ DAVAINE \/ Alexander Raths \/ Fotolia_3409070_M \/ shutterstock_1512179054 \/ \u00a9Fotolia_7991953_Mok \/ iStock_000015489781XLarge \/ Aur\u00e9lien Mahot \/ QTI \/ Elisabet Armora Serrahima \/ Javier Larrea<\/p>\n\n\n\n<h2 class=\"wp-block-heading\">LIENS HYPERTEXTE<\/h2>\n\n\n\n<p>Pour votre convenance, Trescal fournit des liens vers d&rsquo;autres sites et des liens vers le pr\u00e9sent site peuvent \u00eatre fournis sur d&rsquo;autres sites connus ou non de Trescal.<\/p>\n\n\n\n<p>Trescal n&rsquo;est pas responsable du contenu des sites connect\u00e9s au pr\u00e9sent site par l&rsquo;interm\u00e9diaire de liens et les dits liens n&rsquo;impliquent en aucune fa\u00e7on que Trescal patronne, conc\u00e8de en licence, avalise ou est li\u00e9 de toute autre fa\u00e7on aux dits autres sites, aux produits ou services qui y sont d\u00e9crits ou \u00e0 leurs propri\u00e9taires, ni que Trescal a autoris\u00e9 les dits sites li\u00e9s \u00e0 utiliser tout(e) marque de fabrique, appellation commerciale, logo ou autre \u00e9l\u00e9ment dont la marque de fabrique ou les droits de reproduction appartiennent \u00e0 Trescal.<\/p>\n\n\n\n<p>Toute personne physique ou morale souhaitant \u00e9tablir un lien hypertexte pointant vers le site Internet www.trescal.com, doit pr\u00e9alablement obtenir l\u2019autorisation expresse et pr\u00e9alable de la soci\u00e9t\u00e9 Trescal International \u00e0 demander par courrier \u00e0 l\u2019adresse indiqu\u00e9e plus haut.<\/p>\n\n\n\n<h2 class=\"wp-block-heading\">RESPONSABILITE<\/h2>\n\n\n\n<p>Les donn\u00e9es et informations accessibles sur le pr\u00e9sent site internet sont communiqu\u00e9es \u00e0 titre purement informatif par Trescal. Trescal, tout en maintenant le contenu du pr\u00e9sent site internet, ne peut garantir l\u2019exactitude et l\u2019exhaustivit\u00e9 des donn\u00e9es et informations accessibles. En cons\u00e9quence, Trescal ne pourra en aucun cas \u00eatre tenue responsable de tout dommage r\u00e9sultant de l\u2019utilisation des donn\u00e9es et informations accessibles sur le pr\u00e9sent site internet.<\/p>\n\n\n\n<p>Pour tout renseignement quant \u00e0 l&rsquo;usage que nous faisons des informations qui vous concernent et l&rsquo;utilisation par vous de notre site, veuillez-vous reporter \u00e0 notre D\u00e9claration de Confidentialit\u00e9.\u2028<\/p>\n\n\n\n<p>Les pr\u00e9sentes conditions d&rsquo;utilisation sont r\u00e9gies par le droit fran\u00e7ais. Les tribunaux fran\u00e7ais seront seuls territorialement comp\u00e9tents pour juger de toute plainte li\u00e9e \u00e0 l&rsquo;utilisation du pr\u00e9sent site Web.\u2028<\/p>\n\n\n\n<p><a href=\"https:\/\/www.trescal.be\/fr\/declaration-de-confidentialite\/\" target=\"_blank\" rel=\"noreferrer noopener\">Lire notre D\u00e9claration de confidentialit\u00e9.<\/a><\/p>\n","protected":false},"excerpt":{"rendered":"En acc\u00e9dant, en consultant et en utilisant le pr\u00e9sent site internet vous acceptez les pr\u00e9sentes conditions et vous vous engagez","protected":false},"author":1,"featured_media":5193,"parent":0,"menu_order":0,"comment_status":"closed","ping_status":"closed","template":"template-thumbnail.php","meta":{"_acf_changed":false,"inline_featured_image":false,"footnotes":""},"class_list":["post-5202","page","type-page","status-publish","has-post-thumbnail","hentry"],"acf":[],"yoast_head":"<!-- This site is optimized with the Yoast SEO plugin v27.5 - https:\/\/yoast.com\/product\/yoast-seo-wordpress\/ -->\n<title>Mentions l\u00e9gales - Belgi\u00eb<\/title>\n<meta name=\"description\" content=\"En acc\u00e9dant, en consultant et en utilisant le pr\u00e9sent site internet vous acceptez les pr\u00e9sentes conditions et vous vous engagez \u00e0 les respecter.\" \/>\n<meta name=\"robots\" content=\"index, follow, max-snippet:-1, max-image-preview:large, max-video-preview:-1\" \/>\n<link rel=\"canonical\" href=\"https:\/\/www.trescal.be\/fr\/mentions-legales\/\" \/>\n<meta property=\"og:locale\" content=\"fr_FR\" \/>\n<meta property=\"og:type\" content=\"article\" \/>\n<meta property=\"og:title\" content=\"Mentions l\u00e9gales - Belgi\u00eb\" \/>\n<meta property=\"og:description\" content=\"En acc\u00e9dant, en consultant et en utilisant le pr\u00e9sent site internet vous acceptez les pr\u00e9sentes conditions et vous vous engagez \u00e0 les respecter.\" \/>\n<meta property=\"og:url\" content=\"https:\/\/www.trescal.be\/fr\/mentions-legales\/\" \/>\n<meta property=\"og:site_name\" content=\"Belgi\u00eb\" \/>\n<meta property=\"article:modified_time\" content=\"2021-02-12T10:13:52+00:00\" \/>\n<meta property=\"og:image\" content=\"https:\/\/www.trescal.be\/wp-content\/uploads\/sites\/43\/2020\/09\/trescal_home_header_1.jpg\" \/>\n\t<meta property=\"og:image:width\" content=\"1800\" \/>\n\t<meta property=\"og:image:height\" content=\"1400\" \/>\n\t<meta property=\"og:image:type\" content=\"image\/jpeg\" \/>\n<meta name=\"twitter:card\" content=\"summary_large_image\" \/>\n<meta name=\"twitter:label1\" content=\"Dur\u00e9e de lecture estim\u00e9e\" \/>\n\t<meta name=\"twitter:data1\" content=\"4 minutes\" \/>\n<script type=\"application\/ld+json\" class=\"yoast-schema-graph\">{\"@context\":\"https:\\\/\\\/schema.org\",\"@graph\":[{\"@type\":\"WebPage\",\"@id\":\"https:\\\/\\\/www.trescal.be\\\/fr\\\/mentions-legales\\\/\",\"url\":\"https:\\\/\\\/www.trescal.be\\\/fr\\\/mentions-legales\\\/\",\"name\":\"Mentions l\u00e9gales - Belgi\u00eb\",\"isPartOf\":{\"@id\":\"https:\\\/\\\/www.trescal.be\\\/fr\\\/#website\"},\"primaryImageOfPage\":{\"@id\":\"https:\\\/\\\/www.trescal.be\\\/fr\\\/mentions-legales\\\/#primaryimage\"},\"image\":{\"@id\":\"https:\\\/\\\/www.trescal.be\\\/fr\\\/mentions-legales\\\/#primaryimage\"},\"thumbnailUrl\":\"https:\\\/\\\/www.trescal.be\\\/wp-content\\\/uploads\\\/sites\\\/43\\\/2020\\\/09\\\/trescal_home_header_1.jpg\",\"datePublished\":\"2020-07-06T13:45:54+00:00\",\"dateModified\":\"2021-02-12T10:13:52+00:00\",\"description\":\"En acc\u00e9dant, en consultant et en utilisant le pr\u00e9sent site internet vous acceptez les pr\u00e9sentes conditions et vous vous engagez \u00e0 les respecter.\",\"breadcrumb\":{\"@id\":\"https:\\\/\\\/www.trescal.be\\\/fr\\\/mentions-legales\\\/#breadcrumb\"},\"inLanguage\":\"fr-FR\",\"potentialAction\":[{\"@type\":\"ReadAction\",\"target\":[\"https:\\\/\\\/www.trescal.be\\\/fr\\\/mentions-legales\\\/\"]}]},{\"@type\":\"ImageObject\",\"inLanguage\":\"fr-FR\",\"@id\":\"https:\\\/\\\/www.trescal.be\\\/fr\\\/mentions-legales\\\/#primaryimage\",\"url\":\"https:\\\/\\\/www.trescal.be\\\/wp-content\\\/uploads\\\/sites\\\/43\\\/2020\\\/09\\\/trescal_home_header_1.jpg\",\"contentUrl\":\"https:\\\/\\\/www.trescal.be\\\/wp-content\\\/uploads\\\/sites\\\/43\\\/2020\\\/09\\\/trescal_home_header_1.jpg\",\"width\":1800,\"height\":1400},{\"@type\":\"BreadcrumbList\",\"@id\":\"https:\\\/\\\/www.trescal.be\\\/fr\\\/mentions-legales\\\/#breadcrumb\",\"itemListElement\":[{\"@type\":\"ListItem\",\"position\":1,\"name\":\"Accueil\",\"item\":\"https:\\\/\\\/www.trescal.be\\\/fr\\\/\"},{\"@type\":\"ListItem\",\"position\":2,\"name\":\"Mentions l\u00e9gales\"}]},{\"@type\":\"WebSite\",\"@id\":\"https:\\\/\\\/www.trescal.be\\\/fr\\\/#website\",\"url\":\"https:\\\/\\\/www.trescal.be\\\/fr\\\/\",\"name\":\"Belgi\u00eb\",\"description\":\"| calibration solutions to improve your performance |\",\"potentialAction\":[{\"@type\":\"SearchAction\",\"target\":{\"@type\":\"EntryPoint\",\"urlTemplate\":\"https:\\\/\\\/www.trescal.be\\\/fr\\\/?s={search_term_string}\"},\"query-input\":{\"@type\":\"PropertyValueSpecification\",\"valueRequired\":true,\"valueName\":\"search_term_string\"}}],\"inLanguage\":\"fr-FR\"}]}<\/script>\n<!-- \/ Yoast SEO plugin. -->","yoast_head_json":{"title":"Mentions l\u00e9gales - Belgi\u00eb","description":"En acc\u00e9dant, en consultant et en utilisant le pr\u00e9sent site internet vous acceptez les pr\u00e9sentes conditions et vous vous engagez \u00e0 les respecter.","robots":{"index":"index","follow":"follow","max-snippet":"max-snippet:-1","max-image-preview":"max-image-preview:large","max-video-preview":"max-video-preview:-1"},"canonical":"https:\/\/www.trescal.be\/fr\/mentions-legales\/","og_locale":"fr_FR","og_type":"article","og_title":"Mentions l\u00e9gales - Belgi\u00eb","og_description":"En acc\u00e9dant, en consultant et en utilisant le pr\u00e9sent site internet vous acceptez les pr\u00e9sentes conditions et vous vous engagez \u00e0 les respecter.","og_url":"https:\/\/www.trescal.be\/fr\/mentions-legales\/","og_site_name":"Belgi\u00eb","article_modified_time":"2021-02-12T10:13:52+00:00","og_image":[{"width":1800,"height":1400,"url":"https:\/\/www.trescal.be\/wp-content\/uploads\/sites\/43\/2020\/09\/trescal_home_header_1.jpg","type":"image\/jpeg"}],"twitter_card":"summary_large_image","twitter_misc":{"Dur\u00e9e de lecture estim\u00e9e":"4 minutes"},"schema":{"@context":"https:\/\/schema.org","@graph":[{"@type":"WebPage","@id":"https:\/\/www.trescal.be\/fr\/mentions-legales\/","url":"https:\/\/www.trescal.be\/fr\/mentions-legales\/","name":"Mentions l\u00e9gales - Belgi\u00eb","isPartOf":{"@id":"https:\/\/www.trescal.be\/fr\/#website"},"primaryImageOfPage":{"@id":"https:\/\/www.trescal.be\/fr\/mentions-legales\/#primaryimage"},"image":{"@id":"https:\/\/www.trescal.be\/fr\/mentions-legales\/#primaryimage"},"thumbnailUrl":"https:\/\/www.trescal.be\/wp-content\/uploads\/sites\/43\/2020\/09\/trescal_home_header_1.jpg","datePublished":"2020-07-06T13:45:54+00:00","dateModified":"2021-02-12T10:13:52+00:00","description":"En acc\u00e9dant, en consultant et en utilisant le pr\u00e9sent site internet vous acceptez les pr\u00e9sentes conditions et vous vous engagez \u00e0 les respecter.","breadcrumb":{"@id":"https:\/\/www.trescal.be\/fr\/mentions-legales\/#breadcrumb"},"inLanguage":"fr-FR","potentialAction":[{"@type":"ReadAction","target":["https:\/\/www.trescal.be\/fr\/mentions-legales\/"]}]},{"@type":"ImageObject","inLanguage":"fr-FR","@id":"https:\/\/www.trescal.be\/fr\/mentions-legales\/#primaryimage","url":"https:\/\/www.trescal.be\/wp-content\/uploads\/sites\/43\/2020\/09\/trescal_home_header_1.jpg","contentUrl":"https:\/\/www.trescal.be\/wp-content\/uploads\/sites\/43\/2020\/09\/trescal_home_header_1.jpg","width":1800,"height":1400},{"@type":"BreadcrumbList","@id":"https:\/\/www.trescal.be\/fr\/mentions-legales\/#breadcrumb","itemListElement":[{"@type":"ListItem","position":1,"name":"Accueil","item":"https:\/\/www.trescal.be\/fr\/"},{"@type":"ListItem","position":2,"name":"Mentions l\u00e9gales"}]},{"@type":"WebSite","@id":"https:\/\/www.trescal.be\/fr\/#website","url":"https:\/\/www.trescal.be\/fr\/","name":"Belgi\u00eb","description":"| calibration solutions to improve your performance |","potentialAction":[{"@type":"SearchAction","target":{"@type":"EntryPoint","urlTemplate":"https:\/\/www.trescal.be\/fr\/?s={search_term_string}"},"query-input":{"@type":"PropertyValueSpecification","valueRequired":true,"valueName":"search_term_string"}}],"inLanguage":"fr-FR"}]}},"_links":{"self":[{"href":"https:\/\/www.trescal.be\/fr\/wp-json\/wp\/v2\/pages\/5202","targetHints":{"allow":["GET"]}}],"collection":[{"href":"https:\/\/www.trescal.be\/fr\/wp-json\/wp\/v2\/pages"}],"about":[{"href":"https:\/\/www.trescal.be\/fr\/wp-json\/wp\/v2\/types\/page"}],"author":[{"embeddable":true,"href":"https:\/\/www.trescal.be\/fr\/wp-json\/wp\/v2\/users\/1"}],"replies":[{"embeddable":true,"href":"https:\/\/www.trescal.be\/fr\/wp-json\/wp\/v2\/comments?post=5202"}],"version-history":[{"count":0,"href":"https:\/\/www.trescal.be\/fr\/wp-json\/wp\/v2\/pages\/5202\/revisions"}],"wp:featuredmedia":[{"embeddable":true,"href":"https:\/\/www.trescal.be\/fr\/wp-json\/wp\/v2\/media\/5193"}],"wp:attachment":[{"href":"https:\/\/www.trescal.be\/fr\/wp-json\/wp\/v2\/media?parent=5202"}],"curies":[{"name":"wp","href":"https:\/\/api.w.org\/{rel}","templated":true}]}}