{"id":3738,"date":"2020-01-20T16:38:56","date_gmt":"2020-01-20T16:38:56","guid":{"rendered":"http:\/\/www.trescal.com\/be\/?page_id=3738"},"modified":"2026-03-26T14:06:37","modified_gmt":"2026-03-26T14:06:37","slug":"home","status":"publish","type":"page","link":"https:\/\/www.trescal.be\/fr\/","title":{"rendered":"Home"},"content":{"rendered":"","protected":false},"excerpt":{"rendered":"","protected":false},"author":1,"featured_media":0,"parent":0,"menu_order":0,"comment_status":"closed","ping_status":"closed","template":"","meta":{"_acf_changed":true,"inline_featured_image":false,"footnotes":""},"class_list":["post-3738","page","type-page","status-publish","hentry"],"acf":[],"yoast_head":"<!-- This site is optimized with the Yoast SEO plugin v27.3 - https:\/\/yoast.com\/product\/yoast-seo-wordpress\/ -->\n<title>Home - Belgi\u00eb - La m\u00e9trologie au service de votre performance<\/title>\n<meta name=\"description\" content=\"Trescal Benelux, leader du march\u00e9 pour le Benelux, est actif dans le domaine de la m\u00e9trologie depuis plus de 40 ans.\" \/>\n<meta name=\"robots\" content=\"index, follow, max-snippet:-1, max-image-preview:large, max-video-preview:-1\" \/>\n<link rel=\"canonical\" href=\"https:\/\/www.trescal.be\/fr\/\" \/>\n<meta property=\"og:locale\" content=\"fr_FR\" \/>\n<meta property=\"og:type\" content=\"article\" \/>\n<meta property=\"og:title\" content=\"Home - Belgi\u00eb - La m\u00e9trologie au service de votre performance\" \/>\n<meta property=\"og:description\" content=\"Trescal Benelux, leader du march\u00e9 pour le Benelux, est actif dans le domaine de la m\u00e9trologie depuis plus de 40 ans.\" \/>\n<meta property=\"og:url\" content=\"https:\/\/www.trescal.be\/fr\/\" \/>\n<meta property=\"og:site_name\" content=\"Belgi\u00eb\" \/>\n<meta property=\"article:modified_time\" content=\"2026-03-26T14:06:37+00:00\" \/>\n<meta name=\"twitter:card\" content=\"summary_large_image\" \/>\n<script type=\"application\/ld+json\" class=\"yoast-schema-graph\">{\"@context\":\"https:\\\/\\\/schema.org\",\"@graph\":[{\"@type\":\"WebPage\",\"@id\":\"https:\\\/\\\/www.trescal.be\\\/fr\\\/\",\"url\":\"https:\\\/\\\/www.trescal.be\\\/fr\\\/\",\"name\":\"Home - Belgi\u00eb - La m\u00e9trologie au service de votre performance\",\"isPartOf\":{\"@id\":\"https:\\\/\\\/www.trescal.be\\\/fr\\\/#website\"},\"datePublished\":\"2020-01-20T16:38:56+00:00\",\"dateModified\":\"2026-03-26T14:06:37+00:00\",\"description\":\"Trescal Benelux, leader du march\u00e9 pour le Benelux, est actif dans le domaine de la m\u00e9trologie depuis plus de 40 ans.\",\"breadcrumb\":{\"@id\":\"https:\\\/\\\/www.trescal.be\\\/fr\\\/#breadcrumb\"},\"inLanguage\":\"fr-FR\",\"potentialAction\":[{\"@type\":\"ReadAction\",\"target\":[\"https:\\\/\\\/www.trescal.be\\\/fr\\\/\"]}]},{\"@type\":\"BreadcrumbList\",\"@id\":\"https:\\\/\\\/www.trescal.be\\\/fr\\\/#breadcrumb\",\"itemListElement\":[{\"@type\":\"ListItem\",\"position\":1,\"name\":\"Accueil\",\"item\":\"https:\\\/\\\/www.trescal.be\\\/fr\\\/\"},{\"@type\":\"ListItem\",\"position\":2,\"name\":\"Home\"}]},{\"@type\":\"WebSite\",\"@id\":\"https:\\\/\\\/www.trescal.be\\\/fr\\\/#website\",\"url\":\"https:\\\/\\\/www.trescal.be\\\/fr\\\/\",\"name\":\"Belgi\u00eb\",\"description\":\"| calibration solutions to improve your performance |\",\"potentialAction\":[{\"@type\":\"SearchAction\",\"target\":{\"@type\":\"EntryPoint\",\"urlTemplate\":\"https:\\\/\\\/www.trescal.be\\\/fr\\\/?s={search_term_string}\"},\"query-input\":{\"@type\":\"PropertyValueSpecification\",\"valueRequired\":true,\"valueName\":\"search_term_string\"}}],\"inLanguage\":\"fr-FR\"}]}<\/script>\n<!-- \/ Yoast SEO plugin. -->","yoast_head_json":{"title":"Home - Belgi\u00eb - La m\u00e9trologie au service de votre performance","description":"Trescal Benelux, leader du march\u00e9 pour le Benelux, est actif dans le domaine de la m\u00e9trologie depuis plus de 40 ans.","robots":{"index":"index","follow":"follow","max-snippet":"max-snippet:-1","max-image-preview":"max-image-preview:large","max-video-preview":"max-video-preview:-1"},"canonical":"https:\/\/www.trescal.be\/fr\/","og_locale":"fr_FR","og_type":"article","og_title":"Home - Belgi\u00eb - La m\u00e9trologie au service de votre performance","og_description":"Trescal Benelux, leader du march\u00e9 pour le Benelux, est actif dans le domaine de la m\u00e9trologie depuis plus de 40 ans.","og_url":"https:\/\/www.trescal.be\/fr\/","og_site_name":"Belgi\u00eb","article_modified_time":"2026-03-26T14:06:37+00:00","twitter_card":"summary_large_image","schema":{"@context":"https:\/\/schema.org","@graph":[{"@type":"WebPage","@id":"https:\/\/www.trescal.be\/fr\/","url":"https:\/\/www.trescal.be\/fr\/","name":"Home - Belgi\u00eb - La m\u00e9trologie au service de votre performance","isPartOf":{"@id":"https:\/\/www.trescal.be\/fr\/#website"},"datePublished":"2020-01-20T16:38:56+00:00","dateModified":"2026-03-26T14:06:37+00:00","description":"Trescal Benelux, leader du march\u00e9 pour le Benelux, est actif dans le domaine de la m\u00e9trologie depuis plus de 40 ans.","breadcrumb":{"@id":"https:\/\/www.trescal.be\/fr\/#breadcrumb"},"inLanguage":"fr-FR","potentialAction":[{"@type":"ReadAction","target":["https:\/\/www.trescal.be\/fr\/"]}]},{"@type":"BreadcrumbList","@id":"https:\/\/www.trescal.be\/fr\/#breadcrumb","itemListElement":[{"@type":"ListItem","position":1,"name":"Accueil","item":"https:\/\/www.trescal.be\/fr\/"},{"@type":"ListItem","position":2,"name":"Home"}]},{"@type":"WebSite","@id":"https:\/\/www.trescal.be\/fr\/#website","url":"https:\/\/www.trescal.be\/fr\/","name":"Belgi\u00eb","description":"| calibration solutions to improve your performance |","potentialAction":[{"@type":"SearchAction","target":{"@type":"EntryPoint","urlTemplate":"https:\/\/www.trescal.be\/fr\/?s={search_term_string}"},"query-input":{"@type":"PropertyValueSpecification","valueRequired":true,"valueName":"search_term_string"}}],"inLanguage":"fr-FR"}]}},"_links":{"self":[{"href":"https:\/\/www.trescal.be\/fr\/wp-json\/wp\/v2\/pages\/3738","targetHints":{"allow":["GET"]}}],"collection":[{"href":"https:\/\/www.trescal.be\/fr\/wp-json\/wp\/v2\/pages"}],"about":[{"href":"https:\/\/www.trescal.be\/fr\/wp-json\/wp\/v2\/types\/page"}],"author":[{"embeddable":true,"href":"https:\/\/www.trescal.be\/fr\/wp-json\/wp\/v2\/users\/1"}],"replies":[{"embeddable":true,"href":"https:\/\/www.trescal.be\/fr\/wp-json\/wp\/v2\/comments?post=3738"}],"version-history":[{"count":0,"href":"https:\/\/www.trescal.be\/fr\/wp-json\/wp\/v2\/pages\/3738\/revisions"}],"wp:attachment":[{"href":"https:\/\/www.trescal.be\/fr\/wp-json\/wp\/v2\/media?parent=3738"}],"curies":[{"name":"wp","href":"https:\/\/api.w.org\/{rel}","templated":true}]}}