{"id":3669,"date":"2020-08-06T14:08:22","date_gmt":"2020-08-06T14:08:22","guid":{"rendered":"http:\/\/www.trescal.com\/be\/?page_id=3669"},"modified":"2021-01-22T07:10:55","modified_gmt":"2021-01-22T07:10:55","slug":"offres-demploi","status":"publish","type":"page","link":"https:\/\/www.trescal.be\/fr\/carrieres\/offres-demploi\/","title":{"rendered":"Offres d\u2019emploi"},"content":{"rendered":"<div class=\"wp-block-jobs\">\n  <div class=\"inner\">\n    <div class=\" filter\">\n\n      <form action=\"https:\/\/www.trescal.be\/fr\/carrieres\/offres-demploi\/\" method=\"GET\">\n        <div class=\"fields\">\n          \n          <select name=\"ID\" style=\" text-transform: capitalize; \">\n            <option value=\"\" >S\u00e9lectionner un pays<\/option>\n            <option value=\"\">Tous les pays<\/option>\n                            <option  value=\"102164\">Australie<\/option>\n                              <option  value=\"84664\">Autriche<\/option>\n                              <option  value=\"84665\">Belgique<\/option>\n                              <option  value=\"84666\">Br\u00e9sil<\/option>\n                              <option  value=\"84667\">Canada<\/option>\n                              <option  value=\"84656\">Chine<\/option>\n                              <option  value=\"84668\">R\u00e9publique tch\u00e8que<\/option>\n                              <option  value=\"84669\">Danemark<\/option>\n                              <option  value=\"84662\">France<\/option>\n                              <option  value=\"84670\">Allemagne<\/option>\n                              <option  value=\"1025683\">India<\/option>\n                              <option  value=\"84657\">Irlande<\/option>\n                              <option  value=\"84671\">Italie<\/option>\n                              <option  value=\"84672\">Malaisie<\/option>\n                              <option  value=\"84673\">Mexique<\/option>\n                              <option  value=\"84674\">Maroc<\/option>\n                              <option  value=\"102238\">Nouvelle-Z\u00e9lande<\/option>\n                              <option  value=\"84658\">Norv\u00e8ge<\/option>\n                              <option  value=\"84660\">Portugal<\/option>\n                              <option  value=\"84676\">Roumanie<\/option>\n                              <option  value=\"84677\">Singapour<\/option>\n                              <option  value=\"84661\">Cor\u00e9e du Sud<\/option>\n                              <option  value=\"84678\">Espagne<\/option>\n                              <option  value=\"84679\">Su\u00e8de<\/option>\n                              <option  value=\"84680\">Suisse<\/option>\n                              <option  value=\"84659\">Tha\u00eflande<\/option>\n                              <option  value=\"84675\">Pays-Bas<\/option>\n                              <option  value=\"84681\">Tunisie<\/option>\n                              <option  value=\"84682\">Royaume-Uni<\/option>\n                              <option  value=\"84683\">\u00c9tats-Unis<\/option>\n                        <\/select>\n          <select name=\"category\">\n            <option value=\"\">S\u00e9lectionner une cat\u00e9gorie d&#8217;emploi<\/option>\n            <option value=\"\">Toutes les cat\u00e9gories<\/option>\n                            <option  value=\"logistique-agent-de-liaison-2\">\u2022 Logistique \/ agent de liaison<\/option>\n                              <option  value=\"relations-clients-2\">\u2022 Relations Clients<\/option>\n                              <option  value=\"technicien-ingenieur-2\">\u2022 Technicien &amp; Ing\u00e9nieur<\/option>\n                              <option  value=\"achat-2\">Achat<\/option>\n                              <option  value=\"administratif\">Administratif<\/option>\n                              <option  value=\"finance\">Finance<\/option>\n                              <option  value=\"informatique\">Informatique<\/option>\n                              <option  value=\"management-4\">Management<\/option>\n                              <option  value=\"ressources-humaines\">Ressources Humaines<\/option>\n                        <\/select>\n        <\/div>\n        <div class=\"cta\">\n                    <button type=\"submit\">RECHERCHER<\/button>\n          <button type=\"reset\"  > R\u00e9initialiser les filtres <\/button>\n        <\/div>\n      <\/form>\n    <\/div>\n          <div class=\"jobs\">\n                          <div class=\"card country-84678 post-1029974\">\n                    <span>Illescas \/Toledo  \/ Spain<\/span>\n                    <h3>PERSONAL T\u00c9CNICO DE CALIBRACIONES JUNIOR PARA LABORATORIO DIMENSIONAL<\/h3>\n                    <p>mai 15, 2026  &#8211; Trescal es una compa\u00f1\u00eda en gran expansi\u00f3n y buscamos a nuevos talentos para trabajar en nuestra organizaci\u00f3n .<\/p>\n                    <a class=\"icon-arrow-bottom-right-round\" target=\"_blank\" href=\"https:\/\/www.trescal.es\/jobs\/spain\/personal-tecnico-de-calibraciones-junior-para-laboratorio-dimensional\/\"><\/a>\n                  <\/div>\n                                  <div class=\"card country-84678 post-1029358\">\n                    <span>Madrid\/ Spain<\/span>\n                    <h3>PERSONAL T\u00c9CNICO DE CALIBRACIONES ELECTR\u00d3NICA\/ELECTRICIDAD (Madrid)<\/h3>\n                    <p>mai 15, 2026  &#8211; Trescal es una compa\u00f1\u00eda en gran expansi\u00f3n y buscamos a nuevos talentos para trabajar en nuestra organizaci\u00f3n en el \u00e1rea de calib [&#8230;]<\/p>\n                    <a class=\"icon-arrow-bottom-right-round\" target=\"_blank\" href=\"https:\/\/www.trescal.es\/jobs\/spain\/personal-tecnico-de-calibraciones-electronica-electricidad-madrid-2\/\"><\/a>\n                  <\/div>\n                                  <div class=\"card country-84678 post-1029973\">\n                    <span>Sant Cugat\/Barcelona\/ Spain<\/span>\n                    <h3>PERSONAL T\u00c9CNICO DOCUMENTACI\u00d3N EN CUALIFICACIONES (Sant Cugat\/Barcelona)<\/h3>\n                    <p>mai 15, 2026  &#8211; Personal para formar parte del Grupo Trescal en el puesto de T\u00e9cnico de documentaci\u00f3n y Cualificaci\u00f3n en nuestra oficina en Sant [&#8230;]<\/p>\n                    <a class=\"icon-arrow-bottom-right-round\" target=\"_blank\" href=\"https:\/\/www.trescal.es\/jobs\/spain\/personal-tecnico-documentacion-en-cualificaciones-sant-cugat-barcelona-2\/\"><\/a>\n                  <\/div>\n                                  <div class=\"card country-84664 post-1029853\">\n                    <span>Wien, Austria<\/span>\n                    <h3>Teamleiter Kalibrierlabor (m\/w\/d)<\/h3>\n                    <p>mai 12, 2026  <\/p>\n                    <a class=\"icon-arrow-bottom-right-round\" target=\"_blank\" href=\"https:\/\/www.trescal.co.at\/de\/jobs\/austria\/teamleiter-kalibrierlabor-m-w-d\/\"><\/a>\n                  <\/div>\n                                  <div class=\"card country-84670 post-1029851\">\n                    <span>Kundl\/ Schaftenau, Austria<\/span>\n                    <h3>Messtechniker &#8211; Kalibrierung im elektrischen Bereich\/ Elektroniker (m\/w\/d)<\/h3>\n                    <p>mai 12, 2026  &#8211; Kalibrierung bedeutet mehr als eine Dienstleistung f\u00fcr Sie? Sie lieben die Arbeit mit modernsten Maschinen und klassischen Metho [&#8230;]<\/p>\n                    <a class=\"icon-arrow-bottom-right-round\" target=\"_blank\" href=\"https:\/\/www.trescal.de\/jobs\/germany\/messtechniker-kalibrierung-im-elektrischen-bereich-elektroniker-m-w-d-2\/\"><\/a>\n                  <\/div>\n                                  <div class=\"card country-84664 post-1029851\">\n                    <span>Kundl\/ Schaftenau, Austria<\/span>\n                    <h3>Messtechniker &#8211; Kalibrierung im elektrischen Bereich\/ Elektroniker (m\/w\/d)<\/h3>\n                    <p>mai 12, 2026  &#8211; Kalibrierung bedeutet mehr als eine Dienstleistung f\u00fcr Sie? Sie lieben die Arbeit mit modernsten Maschinen und klassischen Metho [&#8230;]<\/p>\n                    <a class=\"icon-arrow-bottom-right-round\" target=\"_blank\" href=\"https:\/\/www.trescal.co.at\/de\/jobs\/austria\/germany\/messtechniker-kalibrierung-im-elektrischen-bereich-elektroniker-m-w-d-2\/\"><\/a>\n                  <\/div>\n                                  <div class=\"card country-84678 post-1029707\">\n                    <span>Bilbao\/Vizcaia\/ Spain<\/span>\n                    <h3>CUSTOMER SERVICE REPRESENTATIVE (Zamudio\/Bilbao)<\/h3>\n                    <p>mai 8, 2026  &#8211; Grupo Trescal como l\u00edder en el servicio de metrolog\u00eda, abre proceso de selecci\u00f3n para posici\u00f3n de CSR en uno de nuestros laborat [&#8230;]<\/p>\n                    <a class=\"icon-arrow-bottom-right-round\" target=\"_blank\" href=\"https:\/\/www.trescal.es\/jobs\/spain\/customer-service-representative-zamudio-bilbao-2\/\"><\/a>\n                  <\/div>\n                      <\/div>\n        <div class=\" pagination\">\n      <span aria-current=\"page\" class=\"page-numbers current\">1<\/span>\n<a class=\"page-numbers\" href=\"https:\/\/www.trescal.be\/fr\/wp-json\/wp\/v2\/pages\/3669\/page\/2\/\">2<\/a>\n<span class=\"page-numbers dots\">\u2026<\/span>\n<a class=\"page-numbers\" href=\"https:\/\/www.trescal.be\/fr\/wp-json\/wp\/v2\/pages\/3669\/page\/8\/\">8<\/a>\n<a class=\"page-numbers\" href=\"https:\/\/www.trescal.be\/fr\/wp-json\/wp\/v2\/pages\/3669\/page\/9\/\">9<\/a>\n<a class=\"next page-numbers\" href=\"https:\/\/www.trescal.be\/fr\/wp-json\/wp\/v2\/pages\/3669\/page\/2\/\">><\/a>    <\/div>\n  <\/div>\n<\/div>\n\n\n<div class=\"wp-block-link colored\">\n  <h2>Aucune offre ne correspond \u00e0 vos attentes ? <br> Laissez-nous vos coordonn\u00e9es !<\/h2>\n      <p>Notre Groupe en forte croissance est constamment en recherche de nouveaux talents<\/p>\n        <a class=\"btn-cut-secondary icon-arrow-right-round\" href=\"#apply\">Laisser mon CV et mes coordonn\u00e9es.<\/a>\n      <\/div>\n\n\n\n<div class=\"wp-block-cover aligncenter lazyload\" style=\"background-image:inherit;background-position:50% 27%\" data-bg-image=\"url(https:\/\/www.trescal.be\/wp-content\/uploads\/sites\/43\/2020\/08\/trescal_jobs_rejoignez_nous.jpg)\"><div class=\"wp-block-cover__inner-container is-layout-flow wp-block-cover-is-layout-flow\">\n<p class=\"has-text-align-center has-large-font-size\"><\/p>\n<\/div><\/div>\n","protected":false},"excerpt":{"rendered":"","protected":false},"author":1,"featured_media":5470,"parent":1112,"menu_order":1,"comment_status":"closed","ping_status":"closed","template":"","meta":{"_acf_changed":false,"inline_featured_image":false,"footnotes":""},"class_list":["post-3669","page","type-page","status-publish","has-post-thumbnail","hentry"],"acf":[],"yoast_head":"<!-- This site is optimized with the Yoast SEO plugin v27.6 - https:\/\/yoast.com\/product\/yoast-seo-wordpress\/ -->\n<title>Offres d\u2019emploi - Belgi\u00eb<\/title>\n<meta name=\"description\" content=\"Evoluez dans une carri\u00e8re chez Trescal. Notre Groupe en forte croissance ouvre r\u00e9guli\u00e8rement de nouveaux postes. D\u00e9couvrez ici nos offres d\u2019emploi et de stage.\" \/>\n<meta name=\"robots\" content=\"index, follow, max-snippet:-1, max-image-preview:large, max-video-preview:-1\" \/>\n<link rel=\"canonical\" href=\"https:\/\/www.trescal.be\/fr\/carrieres\/offres-demploi\/\" \/>\n<meta property=\"og:locale\" content=\"fr_FR\" \/>\n<meta property=\"og:type\" content=\"article\" \/>\n<meta property=\"og:title\" content=\"Offres d\u2019emploi - Belgi\u00eb\" \/>\n<meta property=\"og:description\" content=\"Evoluez dans une carri\u00e8re chez Trescal. Notre Groupe en forte croissance ouvre r\u00e9guli\u00e8rement de nouveaux postes. D\u00e9couvrez ici nos offres d\u2019emploi et de stage.\" \/>\n<meta property=\"og:url\" content=\"https:\/\/www.trescal.be\/fr\/carrieres\/offres-demploi\/\" \/>\n<meta property=\"og:site_name\" content=\"Belgi\u00eb\" \/>\n<meta property=\"article:modified_time\" content=\"2021-01-22T07:10:55+00:00\" \/>\n<meta property=\"og:image\" content=\"https:\/\/www.trescal.be\/wp-content\/uploads\/sites\/43\/2020\/10\/header-jobs-4-scaled.jpg\" \/>\n\t<meta property=\"og:image:width\" content=\"2560\" \/>\n\t<meta property=\"og:image:height\" content=\"1702\" \/>\n\t<meta property=\"og:image:type\" content=\"image\/jpeg\" \/>\n<meta name=\"twitter:card\" content=\"summary_large_image\" \/>\n<script type=\"application\/ld+json\" class=\"yoast-schema-graph\">{\"@context\":\"https:\\\/\\\/schema.org\",\"@graph\":[{\"@type\":\"WebPage\",\"@id\":\"https:\\\/\\\/www.trescal.be\\\/fr\\\/carrieres\\\/offres-demploi\\\/\",\"url\":\"https:\\\/\\\/www.trescal.be\\\/fr\\\/carrieres\\\/offres-demploi\\\/\",\"name\":\"Offres d\u2019emploi - Belgi\u00eb\",\"isPartOf\":{\"@id\":\"https:\\\/\\\/www.trescal.be\\\/fr\\\/#website\"},\"primaryImageOfPage\":{\"@id\":\"https:\\\/\\\/www.trescal.be\\\/fr\\\/carrieres\\\/offres-demploi\\\/#primaryimage\"},\"image\":{\"@id\":\"https:\\\/\\\/www.trescal.be\\\/fr\\\/carrieres\\\/offres-demploi\\\/#primaryimage\"},\"thumbnailUrl\":\"https:\\\/\\\/www.trescal.be\\\/wp-content\\\/uploads\\\/sites\\\/43\\\/2020\\\/10\\\/header-jobs-4-scaled.jpg\",\"datePublished\":\"2020-08-06T14:08:22+00:00\",\"dateModified\":\"2021-01-22T07:10:55+00:00\",\"description\":\"Evoluez dans une carri\u00e8re chez Trescal. Notre Groupe en forte croissance ouvre r\u00e9guli\u00e8rement de nouveaux postes. D\u00e9couvrez ici nos offres d\u2019emploi et de stage.\",\"breadcrumb\":{\"@id\":\"https:\\\/\\\/www.trescal.be\\\/fr\\\/carrieres\\\/offres-demploi\\\/#breadcrumb\"},\"inLanguage\":\"fr-FR\",\"potentialAction\":[{\"@type\":\"ReadAction\",\"target\":[\"https:\\\/\\\/www.trescal.be\\\/fr\\\/carrieres\\\/offres-demploi\\\/\"]}]},{\"@type\":\"ImageObject\",\"inLanguage\":\"fr-FR\",\"@id\":\"https:\\\/\\\/www.trescal.be\\\/fr\\\/carrieres\\\/offres-demploi\\\/#primaryimage\",\"url\":\"https:\\\/\\\/www.trescal.be\\\/wp-content\\\/uploads\\\/sites\\\/43\\\/2020\\\/10\\\/header-jobs-4-scaled.jpg\",\"contentUrl\":\"https:\\\/\\\/www.trescal.be\\\/wp-content\\\/uploads\\\/sites\\\/43\\\/2020\\\/10\\\/header-jobs-4-scaled.jpg\",\"width\":2560,\"height\":1702},{\"@type\":\"BreadcrumbList\",\"@id\":\"https:\\\/\\\/www.trescal.be\\\/fr\\\/carrieres\\\/offres-demploi\\\/#breadcrumb\",\"itemListElement\":[{\"@type\":\"ListItem\",\"position\":1,\"name\":\"Accueil\",\"item\":\"https:\\\/\\\/www.trescal.be\\\/fr\\\/\"},{\"@type\":\"ListItem\",\"position\":2,\"name\":\"Carri\u00e8res\",\"item\":\"https:\\\/\\\/www.trescal.be\\\/fr\\\/carrieres\\\/\"},{\"@type\":\"ListItem\",\"position\":3,\"name\":\"Offres d\u2019emploi\"}]},{\"@type\":\"WebSite\",\"@id\":\"https:\\\/\\\/www.trescal.be\\\/fr\\\/#website\",\"url\":\"https:\\\/\\\/www.trescal.be\\\/fr\\\/\",\"name\":\"Belgi\u00eb\",\"description\":\"| calibration solutions to improve your performance |\",\"potentialAction\":[{\"@type\":\"SearchAction\",\"target\":{\"@type\":\"EntryPoint\",\"urlTemplate\":\"https:\\\/\\\/www.trescal.be\\\/fr\\\/?s={search_term_string}\"},\"query-input\":{\"@type\":\"PropertyValueSpecification\",\"valueRequired\":true,\"valueName\":\"search_term_string\"}}],\"inLanguage\":\"fr-FR\"}]}<\/script>\n<!-- \/ Yoast SEO plugin. -->","yoast_head_json":{"title":"Offres d\u2019emploi - Belgi\u00eb","description":"Evoluez dans une carri\u00e8re chez Trescal. Notre Groupe en forte croissance ouvre r\u00e9guli\u00e8rement de nouveaux postes. D\u00e9couvrez ici nos offres d\u2019emploi et de stage.","robots":{"index":"index","follow":"follow","max-snippet":"max-snippet:-1","max-image-preview":"max-image-preview:large","max-video-preview":"max-video-preview:-1"},"canonical":"https:\/\/www.trescal.be\/fr\/carrieres\/offres-demploi\/","og_locale":"fr_FR","og_type":"article","og_title":"Offres d\u2019emploi - Belgi\u00eb","og_description":"Evoluez dans une carri\u00e8re chez Trescal. Notre Groupe en forte croissance ouvre r\u00e9guli\u00e8rement de nouveaux postes. D\u00e9couvrez ici nos offres d\u2019emploi et de stage.","og_url":"https:\/\/www.trescal.be\/fr\/carrieres\/offres-demploi\/","og_site_name":"Belgi\u00eb","article_modified_time":"2021-01-22T07:10:55+00:00","og_image":[{"width":2560,"height":1702,"url":"https:\/\/www.trescal.be\/wp-content\/uploads\/sites\/43\/2020\/10\/header-jobs-4-scaled.jpg","type":"image\/jpeg"}],"twitter_card":"summary_large_image","schema":{"@context":"https:\/\/schema.org","@graph":[{"@type":"WebPage","@id":"https:\/\/www.trescal.be\/fr\/carrieres\/offres-demploi\/","url":"https:\/\/www.trescal.be\/fr\/carrieres\/offres-demploi\/","name":"Offres d\u2019emploi - Belgi\u00eb","isPartOf":{"@id":"https:\/\/www.trescal.be\/fr\/#website"},"primaryImageOfPage":{"@id":"https:\/\/www.trescal.be\/fr\/carrieres\/offres-demploi\/#primaryimage"},"image":{"@id":"https:\/\/www.trescal.be\/fr\/carrieres\/offres-demploi\/#primaryimage"},"thumbnailUrl":"https:\/\/www.trescal.be\/wp-content\/uploads\/sites\/43\/2020\/10\/header-jobs-4-scaled.jpg","datePublished":"2020-08-06T14:08:22+00:00","dateModified":"2021-01-22T07:10:55+00:00","description":"Evoluez dans une carri\u00e8re chez Trescal. Notre Groupe en forte croissance ouvre r\u00e9guli\u00e8rement de nouveaux postes. D\u00e9couvrez ici nos offres d\u2019emploi et de stage.","breadcrumb":{"@id":"https:\/\/www.trescal.be\/fr\/carrieres\/offres-demploi\/#breadcrumb"},"inLanguage":"fr-FR","potentialAction":[{"@type":"ReadAction","target":["https:\/\/www.trescal.be\/fr\/carrieres\/offres-demploi\/"]}]},{"@type":"ImageObject","inLanguage":"fr-FR","@id":"https:\/\/www.trescal.be\/fr\/carrieres\/offres-demploi\/#primaryimage","url":"https:\/\/www.trescal.be\/wp-content\/uploads\/sites\/43\/2020\/10\/header-jobs-4-scaled.jpg","contentUrl":"https:\/\/www.trescal.be\/wp-content\/uploads\/sites\/43\/2020\/10\/header-jobs-4-scaled.jpg","width":2560,"height":1702},{"@type":"BreadcrumbList","@id":"https:\/\/www.trescal.be\/fr\/carrieres\/offres-demploi\/#breadcrumb","itemListElement":[{"@type":"ListItem","position":1,"name":"Accueil","item":"https:\/\/www.trescal.be\/fr\/"},{"@type":"ListItem","position":2,"name":"Carri\u00e8res","item":"https:\/\/www.trescal.be\/fr\/carrieres\/"},{"@type":"ListItem","position":3,"name":"Offres d\u2019emploi"}]},{"@type":"WebSite","@id":"https:\/\/www.trescal.be\/fr\/#website","url":"https:\/\/www.trescal.be\/fr\/","name":"Belgi\u00eb","description":"| calibration solutions to improve your performance |","potentialAction":[{"@type":"SearchAction","target":{"@type":"EntryPoint","urlTemplate":"https:\/\/www.trescal.be\/fr\/?s={search_term_string}"},"query-input":{"@type":"PropertyValueSpecification","valueRequired":true,"valueName":"search_term_string"}}],"inLanguage":"fr-FR"}]}},"_links":{"self":[{"href":"https:\/\/www.trescal.be\/fr\/wp-json\/wp\/v2\/pages\/3669","targetHints":{"allow":["GET"]}}],"collection":[{"href":"https:\/\/www.trescal.be\/fr\/wp-json\/wp\/v2\/pages"}],"about":[{"href":"https:\/\/www.trescal.be\/fr\/wp-json\/wp\/v2\/types\/page"}],"author":[{"embeddable":true,"href":"https:\/\/www.trescal.be\/fr\/wp-json\/wp\/v2\/users\/1"}],"replies":[{"embeddable":true,"href":"https:\/\/www.trescal.be\/fr\/wp-json\/wp\/v2\/comments?post=3669"}],"version-history":[{"count":0,"href":"https:\/\/www.trescal.be\/fr\/wp-json\/wp\/v2\/pages\/3669\/revisions"}],"up":[{"embeddable":true,"href":"https:\/\/www.trescal.be\/fr\/wp-json\/wp\/v2\/pages\/1112"}],"wp:featuredmedia":[{"embeddable":true,"href":"https:\/\/www.trescal.be\/fr\/wp-json\/wp\/v2\/media\/5470"}],"wp:attachment":[{"href":"https:\/\/www.trescal.be\/fr\/wp-json\/wp\/v2\/media?parent=3669"}],"curies":[{"name":"wp","href":"https:\/\/api.w.org\/{rel}","templated":true}]}}