{"id":3639,"date":"2020-08-06T13:43:48","date_gmt":"2020-08-06T13:43:48","guid":{"rendered":"http:\/\/www.trescal.com\/be\/?page_id=3639"},"modified":"2023-06-12T07:36:53","modified_gmt":"2023-06-12T07:36:53","slug":"les-metiers-de-trescal","status":"publish","type":"page","link":"https:\/\/www.trescal.be\/fr\/carrieres\/les-metiers-de-trescal\/","title":{"rendered":"Les m\u00e9tiers de Trescal"},"content":{"rendered":"\n<div class=\"wp-block-media-text alignfull has-media-on-the-right is-stacked-on-mobile\"><div class=\"wp-block-media-text__content\">\n<h3 class=\"wp-block-heading\"><strong>Charg\u00e9(e) de Relation Client<\/strong><\/h3>\n\n\n\n<p>Votre responsabilit\u00e9 principale est de fournir en continu un service d\u2019excellence \u00e0 notre client\u00e8le. Vous d\u00e9veloppez et entretenez de solides relations avec nos clients et vous effectuer le suivi de votre portefeuille clients. Vous assurez la communication entre les clients et les services logistiques et op\u00e9rationnels afin d\u2019optimiser la r\u00e9ception, la gestion et le traitement rapide et qualitatif de chaque instrument de mesure. Vous travaillez en \u00e9troite collaboration avec notre service commercial et nos services op\u00e9rationnels. <\/p>\n\n\n\n<p><strong>Vos missions&nbsp;:<\/strong><\/p>\n\n\n\n<ul class=\"wp-block-list\">\n<li>Vous assurez aupr\u00e8s du client le suivi de l\u2019\u00e9talonnage de ses instruments de mesure<\/li>\n\n\n\n<li>Vous d\u00e9veloppez et maintenez une excellente relation de travail avec les clients internes et externes: vous \u00eates la personne qui assure la communication entre le client et les services commercial et logistique, la planification des interventions, les laboratoires d&rsquo;\u00e9talonnage.<\/li>\n\n\n\n<li>Vous vous assurez du bon d\u00e9roulement du processus d&rsquo;\u00e9talonnage en communicant toutes les informations n\u00e9cessaires aux personnes concern\u00e9es.<\/li>\n\n\n\n<li> Vous anticipez les probl\u00e8mes en communiquant de mani\u00e8re proactive, et vous r\u00e9solvez les probl\u00e8mes aussi rapidement qu&rsquo;ils surviennent.<\/li>\n<\/ul>\n\n\n\n<div class=\"wp-block-buttons is-content-justification-left is-layout-flex wp-container-core-buttons-is-layout-fdcfc74e wp-block-buttons-is-layout-flex\">\n<div class=\"wp-block-button\"><a class=\"wp-block-button__link wp-element-button\" href=\"https:\/\/trescal-wallonie.cvw.io\/?lang=fr-FR\" target=\"_blank\" rel=\"noreferrer noopener\">Postulez ici<\/a><\/div>\n<\/div>\n<\/div><figure class=\"wp-block-media-text__media\"><img decoding=\"async\" width=\"1024\" height=\"678\" data-src=\"https:\/\/www.trescal.be\/wp-content\/uploads\/sites\/43\/2020\/12\/AdobeStock_315979329-1024x678.jpeg\" alt=\"\" class=\"wp-image-5699 size-full lazyload\" data-srcset=\"https:\/\/www.trescal.be\/wp-content\/uploads\/sites\/43\/2020\/12\/AdobeStock_315979329-1024x678.jpeg 1024w, https:\/\/www.trescal.be\/wp-content\/uploads\/sites\/43\/2020\/12\/AdobeStock_315979329-300x199.jpeg 300w, https:\/\/www.trescal.be\/wp-content\/uploads\/sites\/43\/2020\/12\/AdobeStock_315979329-768x509.jpeg 768w, https:\/\/www.trescal.be\/wp-content\/uploads\/sites\/43\/2020\/12\/AdobeStock_315979329-1536x1017.jpeg 1536w, https:\/\/www.trescal.be\/wp-content\/uploads\/sites\/43\/2020\/12\/AdobeStock_315979329-2048x1356.jpeg 2048w, https:\/\/www.trescal.be\/wp-content\/uploads\/sites\/43\/2020\/12\/AdobeStock_315979329-5x3.jpeg 5w, https:\/\/www.trescal.be\/wp-content\/uploads\/sites\/43\/2020\/12\/AdobeStock_315979329-600x397.jpeg 600w, https:\/\/www.trescal.be\/wp-content\/uploads\/sites\/43\/2020\/12\/AdobeStock_315979329-1280x848.jpeg 1280w, https:\/\/www.trescal.be\/wp-content\/uploads\/sites\/43\/2020\/12\/AdobeStock_315979329-1900x1258.jpeg 1900w\" data-sizes=\"(max-width: 1024px) 100vw, 1024px\" src=\"data:image\/svg+xml;base64,PHN2ZyB3aWR0aD0iMSIgaGVpZ2h0PSIxIiB4bWxucz0iaHR0cDovL3d3dy53My5vcmcvMjAwMC9zdmciPjwvc3ZnPg==\" style=\"--smush-placeholder-width: 1024px; --smush-placeholder-aspect-ratio: 1024\/678;\" \/><\/figure><\/div>\n\n\n\n<div class=\"wp-block-media-text alignfull\"><figure class=\"wp-block-media-text__media\"><img decoding=\"async\" width=\"1024\" height=\"788\" data-src=\"https:\/\/www.trescal.be\/wp-content\/uploads\/sites\/43\/2020\/08\/trescal_trescal_carreers_3-1024x788.jpg\" alt=\"\" class=\"wp-image-4301 size-full lazyload\" data-srcset=\"https:\/\/www.trescal.be\/wp-content\/uploads\/sites\/43\/2020\/08\/trescal_trescal_carreers_3-1024x788.jpg 1024w, https:\/\/www.trescal.be\/wp-content\/uploads\/sites\/43\/2020\/08\/trescal_trescal_carreers_3-300x231.jpg 300w, https:\/\/www.trescal.be\/wp-content\/uploads\/sites\/43\/2020\/08\/trescal_trescal_carreers_3-768x591.jpg 768w, https:\/\/www.trescal.be\/wp-content\/uploads\/sites\/43\/2020\/08\/trescal_trescal_carreers_3-5x4.jpg 5w, https:\/\/www.trescal.be\/wp-content\/uploads\/sites\/43\/2020\/08\/trescal_trescal_carreers_3-600x462.jpg 600w, https:\/\/www.trescal.be\/wp-content\/uploads\/sites\/43\/2020\/08\/trescal_trescal_carreers_3-1280x985.jpg 1280w, https:\/\/www.trescal.be\/wp-content\/uploads\/sites\/43\/2020\/08\/trescal_trescal_carreers_3.jpg 1300w\" data-sizes=\"(max-width: 1024px) 100vw, 1024px\" src=\"data:image\/svg+xml;base64,PHN2ZyB3aWR0aD0iMSIgaGVpZ2h0PSIxIiB4bWxucz0iaHR0cDovL3d3dy53My5vcmcvMjAwMC9zdmciPjwvc3ZnPg==\" style=\"--smush-placeholder-width: 1024px; --smush-placeholder-aspect-ratio: 1024\/788;\" \/><\/figure><div class=\"wp-block-media-text__content\">\n<h3 class=\"wp-block-heading\"><strong>Agent de liaison \/ Logisticien(ne)<\/strong><\/h3>\n\n\n\n<p>En tant qu&rsquo;agent logistique, vous g\u00e9rez le flux des entr\u00e9es et des sorties des instruments de mesure de nos clients dans nos locaux. La pr\u00e9cision de votre travail est la garantie d\u2019un processus optimalis\u00e9 de clients satisfaits&nbsp;!<\/p>\n\n\n\n<p><strong>Vos missions&nbsp;:<\/strong><\/p>\n\n\n\n<ul class=\"wp-block-list\">\n<li>R\u00e9ceptionner les instruments de mesure des clients (livraisons via notre service de navette interne, via soci\u00e9t\u00e9s de transport, d\u00e9p\u00f4t client\u2026)<\/li>\n\n\n\n<li>D\u00e9baller et v\u00e9rifier l\u2019\u00e9tat des instruments de mesure des clients<\/li>\n\n\n\n<li>Encoder les instruments de mesure dans notre logiciel de travail<\/li>\n\n\n\n<li>R\u00e9partir les instruments de mesures en fonction des prestations \u00e0 effectuer<\/li>\n\n\n\n<li>Emballer pr\u00e9cautionneusement les instruments de mesure (apr\u00e8s la fin de la prestation d\u2019\u00e9talonnage) et les pr\u00e9parer pour l\u2019exp\u00e9dition ou l\u2019enl\u00e8vement<\/li>\n\n\n\n<li>Effectuer des livraisons (urgentes) en remplacement des chauffeurs habituels pendant leurs vacances ou absences<\/li>\n<\/ul>\n\n\n\n<div class=\"wp-block-buttons is-content-justification-left is-layout-flex wp-container-core-buttons-is-layout-fdcfc74e wp-block-buttons-is-layout-flex\">\n<div class=\"wp-block-button\"><a class=\"wp-block-button__link wp-element-button\" href=\"https:\/\/trescal-wallonie.cvw.io\/?lang=fr-FR\" target=\"_blank\" rel=\"noreferrer noopener\">Postulez ici<\/a><\/div>\n<\/div>\n\n\n\n<p><a rel=\"noreferrer noopener\" href=\"https:\/\/www.trescal.be\/fr\/carrieres\/pourquoi-travailler-chez-trescal\/#anc_temoignages\" target=\"_blank\">Consultez les t\u00e9moignages de nos salari\u00e9s<\/a><\/p>\n<\/div><\/div>\n\n\n<div class=\"wp-block-informations\">\n    <p>Chez Trescal, il existe encore bien d\u2019autres m\u00e9tiers : responsable de site, agent de planification, responsable de laboratoire, sales manager, key-accountmanager ou encore purchaser.<\/p>\n<p>Vous \u00eates pr\u00eat \u00e0 sauter le pas\u00a0? Vous \u00eates \u00e0 la recherche d\u2019un stage ou d\u2019un emploi? Quel que soit votre profil, n\u2019h\u00e9sitez pas \u00e0 nous contacter\u00a0!<\/p>\n<p><strong><u><a href=\"https:\/\/trescal-wallonie.cvw.io\/?lang=fr-FR\" target=\"_blank\" rel=\"noopener\">Laissez-nous vos coordonn\u00e9es d\u00e8s maintenant.<\/a><\/u><\/strong><\/p>\n<\/div>\n\n\n\n<div class=\"wp-block-media-text alignfull has-media-on-the-right is-stacked-on-mobile\"><div class=\"wp-block-media-text__content\">\n<h3 class=\"wp-block-heading\">Je suis \u00e9tudiant(e)<\/h3>\n\n\n\n<p>Vous souhaitez effectuer un stage dans le cadre de vos \u00e9tudes\/formations&nbsp;? Nous proposons des stages \u00e0 dur\u00e9es variables dans nos diff\u00e9rents services (technique, ventes, IT, finance, RH, logistique\u2026).<\/p>\n\n\n\n<p>Trescal est un excellent terrain d\u2019apprentissage, surtout pour les techniciens en m\u00e9trologie et les ing\u00e9nieurs int\u00e9ress\u00e9s par ce domaine. Trescal est un vrai tremplin pour l\u2019emploi&nbsp;: beaucoup de nos jeunes employ\u00e9s sont en effet d\u2019anciens stagiaires.<\/p>\n\n\n\n<div class=\"wp-block-buttons is-content-justification-left is-layout-flex wp-container-core-buttons-is-layout-fdcfc74e wp-block-buttons-is-layout-flex\">\n<div class=\"wp-block-button\"><a class=\"wp-block-button__link wp-element-button\" href=\"https:\/\/trescal-wallonie.cvw.io\/?lang=fr-FR\" target=\"_blank\" rel=\"noreferrer noopener\">Faites-nous parvenir votre CV<\/a><\/div>\n<\/div>\n<\/div><figure class=\"wp-block-media-text__media\"><img decoding=\"async\" width=\"1024\" height=\"683\" data-src=\"https:\/\/www.trescal.be\/wp-content\/uploads\/sites\/43\/2020\/12\/ETUDIANTE.png-1024x683.jpg\" alt=\"\" class=\"wp-image-5703 size-full lazyload\" data-srcset=\"https:\/\/www.trescal.be\/wp-content\/uploads\/sites\/43\/2020\/12\/ETUDIANTE.png-1024x683.jpg 1024w, https:\/\/www.trescal.be\/wp-content\/uploads\/sites\/43\/2020\/12\/ETUDIANTE.png-300x200.jpg 300w, https:\/\/www.trescal.be\/wp-content\/uploads\/sites\/43\/2020\/12\/ETUDIANTE.png-768x512.jpg 768w, https:\/\/www.trescal.be\/wp-content\/uploads\/sites\/43\/2020\/12\/ETUDIANTE.png-1536x1024.jpg 1536w, https:\/\/www.trescal.be\/wp-content\/uploads\/sites\/43\/2020\/12\/ETUDIANTE.png-2048x1365.jpg 2048w, https:\/\/www.trescal.be\/wp-content\/uploads\/sites\/43\/2020\/12\/ETUDIANTE.png-5x3.jpg 5w, https:\/\/www.trescal.be\/wp-content\/uploads\/sites\/43\/2020\/12\/ETUDIANTE.png-600x400.jpg 600w, https:\/\/www.trescal.be\/wp-content\/uploads\/sites\/43\/2020\/12\/ETUDIANTE.png-1280x853.jpg 1280w, https:\/\/www.trescal.be\/wp-content\/uploads\/sites\/43\/2020\/12\/ETUDIANTE.png-1900x1267.jpg 1900w\" data-sizes=\"(max-width: 1024px) 100vw, 1024px\" src=\"data:image\/svg+xml;base64,PHN2ZyB3aWR0aD0iMSIgaGVpZ2h0PSIxIiB4bWxucz0iaHR0cDovL3d3dy53My5vcmcvMjAwMC9zdmciPjwvc3ZnPg==\" style=\"--smush-placeholder-width: 1024px; --smush-placeholder-aspect-ratio: 1024\/683;\" \/><\/figure><\/div>\n\n\n\n<div class=\"wp-block-media-text alignfull is-stacked-on-mobile\"><figure class=\"wp-block-media-text__media\"><img decoding=\"async\" width=\"1024\" height=\"683\" data-src=\"https:\/\/www.trescal.be\/wp-content\/uploads\/sites\/43\/2020\/12\/Diplom\u00e9-1024x683.jpg\" alt=\"\" class=\"wp-image-5701 size-full lazyload\" data-srcset=\"https:\/\/www.trescal.be\/wp-content\/uploads\/sites\/43\/2020\/12\/Diplom\u00e9-1024x683.jpg 1024w, https:\/\/www.trescal.be\/wp-content\/uploads\/sites\/43\/2020\/12\/Diplom\u00e9-300x200.jpg 300w, https:\/\/www.trescal.be\/wp-content\/uploads\/sites\/43\/2020\/12\/Diplom\u00e9-768x512.jpg 768w, https:\/\/www.trescal.be\/wp-content\/uploads\/sites\/43\/2020\/12\/Diplom\u00e9-1536x1024.jpg 1536w, https:\/\/www.trescal.be\/wp-content\/uploads\/sites\/43\/2020\/12\/Diplom\u00e9-2048x1365.jpg 2048w, https:\/\/www.trescal.be\/wp-content\/uploads\/sites\/43\/2020\/12\/Diplom\u00e9-5x3.jpg 5w, https:\/\/www.trescal.be\/wp-content\/uploads\/sites\/43\/2020\/12\/Diplom\u00e9-600x400.jpg 600w, https:\/\/www.trescal.be\/wp-content\/uploads\/sites\/43\/2020\/12\/Diplom\u00e9-1280x853.jpg 1280w, https:\/\/www.trescal.be\/wp-content\/uploads\/sites\/43\/2020\/12\/Diplom\u00e9-1900x1267.jpg 1900w\" data-sizes=\"(max-width: 1024px) 100vw, 1024px\" src=\"data:image\/svg+xml;base64,PHN2ZyB3aWR0aD0iMSIgaGVpZ2h0PSIxIiB4bWxucz0iaHR0cDovL3d3dy53My5vcmcvMjAwMC9zdmciPjwvc3ZnPg==\" style=\"--smush-placeholder-width: 1024px; --smush-placeholder-aspect-ratio: 1024\/683;\" \/><\/figure><div class=\"wp-block-media-text__content\">\n<h3 class=\"wp-block-heading\">Je suis jeune dipl\u00f4m\u00e9(e)<\/h3>\n\n\n\n<p>Nous recherchons des jeunes dipl\u00f4m\u00e9s pour des postes en CDI dans de nombreux domaines.&nbsp;<\/p>\n\n\n\n<p>Nous proposons \u00e9galement des Volontariat International en Entreprise (V.I.E) en contr\u00f4le de gestion et business d\u00e9veloppement sur diff\u00e9rents continents.<\/p>\n\n\n\n<div class=\"wp-block-buttons is-content-justification-left is-layout-flex wp-container-core-buttons-is-layout-fdcfc74e wp-block-buttons-is-layout-flex\">\n<div class=\"wp-block-button\"><a class=\"wp-block-button__link wp-element-button\" href=\"https:\/\/trescal-wallonie.cvw.io\/?lang=fr-FR\" target=\"_blank\" rel=\"noreferrer noopener\">Faites-nous parvenir votre CV<\/a><\/div>\n<\/div>\n<\/div><\/div>\n","protected":false},"excerpt":{"rendered":"","protected":false},"author":1,"featured_media":4299,"parent":1112,"menu_order":0,"comment_status":"closed","ping_status":"closed","template":"template-thumbnail.php","meta":{"_acf_changed":false,"inline_featured_image":false,"footnotes":""},"class_list":["post-3639","page","type-page","status-publish","has-post-thumbnail","hentry"],"acf":[],"yoast_head":"<!-- This site is optimized with the Yoast SEO plugin v27.6 - https:\/\/yoast.com\/product\/yoast-seo-wordpress\/ -->\n<title>Les m\u00e9tiers de Trescal - Belgi\u00eb<\/title>\n<meta name=\"robots\" content=\"index, follow, max-snippet:-1, max-image-preview:large, max-video-preview:-1\" \/>\n<link rel=\"canonical\" href=\"https:\/\/www.trescal.be\/fr\/carrieres\/les-metiers-de-trescal\/\" \/>\n<meta property=\"og:locale\" content=\"fr_FR\" \/>\n<meta property=\"og:type\" content=\"article\" \/>\n<meta property=\"og:title\" content=\"Les m\u00e9tiers de Trescal - Belgi\u00eb\" \/>\n<meta property=\"og:url\" content=\"https:\/\/www.trescal.be\/fr\/carrieres\/les-metiers-de-trescal\/\" \/>\n<meta property=\"og:site_name\" content=\"Belgi\u00eb\" \/>\n<meta property=\"article:modified_time\" content=\"2023-06-12T07:36:53+00:00\" \/>\n<meta property=\"og:image\" content=\"https:\/\/www.trescal.be\/wp-content\/uploads\/sites\/43\/2020\/08\/trescal_trescal_carreers_header_2.jpg\" \/>\n\t<meta property=\"og:image:width\" content=\"1800\" \/>\n\t<meta property=\"og:image:height\" content=\"1400\" \/>\n\t<meta property=\"og:image:type\" content=\"image\/jpeg\" \/>\n<meta name=\"twitter:card\" content=\"summary_large_image\" \/>\n<meta name=\"twitter:label1\" content=\"Dur\u00e9e de lecture estim\u00e9e\" \/>\n\t<meta name=\"twitter:data1\" content=\"3 minutes\" \/>\n<script type=\"application\/ld+json\" class=\"yoast-schema-graph\">{\"@context\":\"https:\\\/\\\/schema.org\",\"@graph\":[{\"@type\":\"WebPage\",\"@id\":\"https:\\\/\\\/www.trescal.be\\\/fr\\\/carrieres\\\/les-metiers-de-trescal\\\/\",\"url\":\"https:\\\/\\\/www.trescal.be\\\/fr\\\/carrieres\\\/les-metiers-de-trescal\\\/\",\"name\":\"Les m\u00e9tiers de Trescal - Belgi\u00eb\",\"isPartOf\":{\"@id\":\"https:\\\/\\\/www.trescal.be\\\/fr\\\/#website\"},\"primaryImageOfPage\":{\"@id\":\"https:\\\/\\\/www.trescal.be\\\/fr\\\/carrieres\\\/les-metiers-de-trescal\\\/#primaryimage\"},\"image\":{\"@id\":\"https:\\\/\\\/www.trescal.be\\\/fr\\\/carrieres\\\/les-metiers-de-trescal\\\/#primaryimage\"},\"thumbnailUrl\":\"https:\\\/\\\/www.trescal.be\\\/wp-content\\\/uploads\\\/sites\\\/43\\\/2020\\\/08\\\/trescal_trescal_carreers_header_2.jpg\",\"datePublished\":\"2020-08-06T13:43:48+00:00\",\"dateModified\":\"2023-06-12T07:36:53+00:00\",\"breadcrumb\":{\"@id\":\"https:\\\/\\\/www.trescal.be\\\/fr\\\/carrieres\\\/les-metiers-de-trescal\\\/#breadcrumb\"},\"inLanguage\":\"fr-FR\",\"potentialAction\":[{\"@type\":\"ReadAction\",\"target\":[\"https:\\\/\\\/www.trescal.be\\\/fr\\\/carrieres\\\/les-metiers-de-trescal\\\/\"]}]},{\"@type\":\"ImageObject\",\"inLanguage\":\"fr-FR\",\"@id\":\"https:\\\/\\\/www.trescal.be\\\/fr\\\/carrieres\\\/les-metiers-de-trescal\\\/#primaryimage\",\"url\":\"https:\\\/\\\/www.trescal.be\\\/wp-content\\\/uploads\\\/sites\\\/43\\\/2020\\\/08\\\/trescal_trescal_carreers_header_2.jpg\",\"contentUrl\":\"https:\\\/\\\/www.trescal.be\\\/wp-content\\\/uploads\\\/sites\\\/43\\\/2020\\\/08\\\/trescal_trescal_carreers_header_2.jpg\",\"width\":1800,\"height\":1400},{\"@type\":\"BreadcrumbList\",\"@id\":\"https:\\\/\\\/www.trescal.be\\\/fr\\\/carrieres\\\/les-metiers-de-trescal\\\/#breadcrumb\",\"itemListElement\":[{\"@type\":\"ListItem\",\"position\":1,\"name\":\"Accueil\",\"item\":\"https:\\\/\\\/www.trescal.be\\\/fr\\\/\"},{\"@type\":\"ListItem\",\"position\":2,\"name\":\"Carri\u00e8res\",\"item\":\"https:\\\/\\\/www.trescal.be\\\/fr\\\/carrieres\\\/\"},{\"@type\":\"ListItem\",\"position\":3,\"name\":\"Les m\u00e9tiers de Trescal\"}]},{\"@type\":\"WebSite\",\"@id\":\"https:\\\/\\\/www.trescal.be\\\/fr\\\/#website\",\"url\":\"https:\\\/\\\/www.trescal.be\\\/fr\\\/\",\"name\":\"Belgi\u00eb\",\"description\":\"| calibration solutions to improve your performance |\",\"potentialAction\":[{\"@type\":\"SearchAction\",\"target\":{\"@type\":\"EntryPoint\",\"urlTemplate\":\"https:\\\/\\\/www.trescal.be\\\/fr\\\/?s={search_term_string}\"},\"query-input\":{\"@type\":\"PropertyValueSpecification\",\"valueRequired\":true,\"valueName\":\"search_term_string\"}}],\"inLanguage\":\"fr-FR\"}]}<\/script>\n<!-- \/ Yoast SEO plugin. -->","yoast_head_json":{"title":"Les m\u00e9tiers de Trescal - Belgi\u00eb","robots":{"index":"index","follow":"follow","max-snippet":"max-snippet:-1","max-image-preview":"max-image-preview:large","max-video-preview":"max-video-preview:-1"},"canonical":"https:\/\/www.trescal.be\/fr\/carrieres\/les-metiers-de-trescal\/","og_locale":"fr_FR","og_type":"article","og_title":"Les m\u00e9tiers de Trescal - Belgi\u00eb","og_url":"https:\/\/www.trescal.be\/fr\/carrieres\/les-metiers-de-trescal\/","og_site_name":"Belgi\u00eb","article_modified_time":"2023-06-12T07:36:53+00:00","og_image":[{"width":1800,"height":1400,"url":"https:\/\/www.trescal.be\/wp-content\/uploads\/sites\/43\/2020\/08\/trescal_trescal_carreers_header_2.jpg","type":"image\/jpeg"}],"twitter_card":"summary_large_image","twitter_misc":{"Dur\u00e9e de lecture estim\u00e9e":"3 minutes"},"schema":{"@context":"https:\/\/schema.org","@graph":[{"@type":"WebPage","@id":"https:\/\/www.trescal.be\/fr\/carrieres\/les-metiers-de-trescal\/","url":"https:\/\/www.trescal.be\/fr\/carrieres\/les-metiers-de-trescal\/","name":"Les m\u00e9tiers de Trescal - Belgi\u00eb","isPartOf":{"@id":"https:\/\/www.trescal.be\/fr\/#website"},"primaryImageOfPage":{"@id":"https:\/\/www.trescal.be\/fr\/carrieres\/les-metiers-de-trescal\/#primaryimage"},"image":{"@id":"https:\/\/www.trescal.be\/fr\/carrieres\/les-metiers-de-trescal\/#primaryimage"},"thumbnailUrl":"https:\/\/www.trescal.be\/wp-content\/uploads\/sites\/43\/2020\/08\/trescal_trescal_carreers_header_2.jpg","datePublished":"2020-08-06T13:43:48+00:00","dateModified":"2023-06-12T07:36:53+00:00","breadcrumb":{"@id":"https:\/\/www.trescal.be\/fr\/carrieres\/les-metiers-de-trescal\/#breadcrumb"},"inLanguage":"fr-FR","potentialAction":[{"@type":"ReadAction","target":["https:\/\/www.trescal.be\/fr\/carrieres\/les-metiers-de-trescal\/"]}]},{"@type":"ImageObject","inLanguage":"fr-FR","@id":"https:\/\/www.trescal.be\/fr\/carrieres\/les-metiers-de-trescal\/#primaryimage","url":"https:\/\/www.trescal.be\/wp-content\/uploads\/sites\/43\/2020\/08\/trescal_trescal_carreers_header_2.jpg","contentUrl":"https:\/\/www.trescal.be\/wp-content\/uploads\/sites\/43\/2020\/08\/trescal_trescal_carreers_header_2.jpg","width":1800,"height":1400},{"@type":"BreadcrumbList","@id":"https:\/\/www.trescal.be\/fr\/carrieres\/les-metiers-de-trescal\/#breadcrumb","itemListElement":[{"@type":"ListItem","position":1,"name":"Accueil","item":"https:\/\/www.trescal.be\/fr\/"},{"@type":"ListItem","position":2,"name":"Carri\u00e8res","item":"https:\/\/www.trescal.be\/fr\/carrieres\/"},{"@type":"ListItem","position":3,"name":"Les m\u00e9tiers de Trescal"}]},{"@type":"WebSite","@id":"https:\/\/www.trescal.be\/fr\/#website","url":"https:\/\/www.trescal.be\/fr\/","name":"Belgi\u00eb","description":"| calibration solutions to improve your performance |","potentialAction":[{"@type":"SearchAction","target":{"@type":"EntryPoint","urlTemplate":"https:\/\/www.trescal.be\/fr\/?s={search_term_string}"},"query-input":{"@type":"PropertyValueSpecification","valueRequired":true,"valueName":"search_term_string"}}],"inLanguage":"fr-FR"}]}},"_links":{"self":[{"href":"https:\/\/www.trescal.be\/fr\/wp-json\/wp\/v2\/pages\/3639","targetHints":{"allow":["GET"]}}],"collection":[{"href":"https:\/\/www.trescal.be\/fr\/wp-json\/wp\/v2\/pages"}],"about":[{"href":"https:\/\/www.trescal.be\/fr\/wp-json\/wp\/v2\/types\/page"}],"author":[{"embeddable":true,"href":"https:\/\/www.trescal.be\/fr\/wp-json\/wp\/v2\/users\/1"}],"replies":[{"embeddable":true,"href":"https:\/\/www.trescal.be\/fr\/wp-json\/wp\/v2\/comments?post=3639"}],"version-history":[{"count":0,"href":"https:\/\/www.trescal.be\/fr\/wp-json\/wp\/v2\/pages\/3639\/revisions"}],"up":[{"embeddable":true,"href":"https:\/\/www.trescal.be\/fr\/wp-json\/wp\/v2\/pages\/1112"}],"wp:featuredmedia":[{"embeddable":true,"href":"https:\/\/www.trescal.be\/fr\/wp-json\/wp\/v2\/media\/4299"}],"wp:attachment":[{"href":"https:\/\/www.trescal.be\/fr\/wp-json\/wp\/v2\/media?parent=3639"}],"curies":[{"name":"wp","href":"https:\/\/api.w.org\/{rel}","templated":true}]}}