{"id":3398,"date":"2020-08-05T12:50:36","date_gmt":"2020-08-05T12:50:36","guid":{"rendered":"http:\/\/www.trescal.com\/be\/?page_id=3398"},"modified":"2024-03-08T15:06:05","modified_gmt":"2024-03-08T15:06:05","slug":"autres-services","status":"publish","type":"page","link":"https:\/\/www.trescal.be\/fr\/solutions-et-services\/autres-services\/","title":{"rendered":"Autres services"},"content":{"rendered":"\n<h2 class=\"wp-block-heading\">Trescal Institute<\/h2>\n\n\n\n<div id=\"conseil\">\u00a0<\/div>\n\n\n\n<p>Trescal a cr\u00e9\u00e9 en Allemagne, Asie, France, au Royaume-Uni et aux Etats-Unis, un institut sp\u00e9cialis\u00e9 dans la formation: le <strong>\u00ab\u00a0Trescal Institute\u00a0\u00bb<\/strong>. Ces centres de formation sont devenus <strong>LA <\/strong>r\u00e9f\u00e9rence pour toute formation dans le domaine de la m\u00e9trologie.<\/p>\n\n\n\n<figure class=\"wp-block-table\"><table><tbody><tr><td><a href=\"mailto:training.benelux@trescal.com\" target=\"_blank\" rel=\"noreferrer noopener\"><\/a><a href=\"mailto:training.benelux@trescal.com\"><img decoding=\"async\" width=\"200\" height=\"64\" class=\"wp-image-6729 lazyload\" style=\"--smush-placeholder-width: 200px; --smush-placeholder-aspect-ratio: 200\/64;width: 250px\" data-src=\"https:\/\/www.trescal.be\/wp-content\/uploads\/sites\/43\/2021\/03\/image.png\" alt=\"\" data-srcset=\"https:\/\/www.trescal.be\/wp-content\/uploads\/sites\/43\/2021\/03\/image.png 200w, https:\/\/www.trescal.be\/wp-content\/uploads\/sites\/43\/2021\/03\/image-5x2.png 5w\" data-sizes=\"(max-width: 200px) 100vw, 200px\" src=\"data:image\/svg+xml;base64,PHN2ZyB3aWR0aD0iMSIgaGVpZ2h0PSIxIiB4bWxucz0iaHR0cDovL3d3dy53My5vcmcvMjAwMC9zdmciPjwvc3ZnPg==\" \/><\/a><\/td><td><\/td><td class=\"has-text-align-center\" data-align=\"center\"><span style=\"color:#0071a1\" class=\"tadv-color\"><strong>Nouveau! Le Trescal Institute existe d\u00e9sormais aussi dans le Benelux!<\/strong><\/span><br><span style=\"color:#0071a1\" class=\"tadv-color\"><br>Pour toute demande de renseignements, veuillez prendre contact avec notre \u00e9quipe en cliquant sur l&rsquo;image ci-contre.<\/span><br><\/td><\/tr><\/tbody><\/table><\/figure>\n\n\n\n<h2 class=\"wp-block-heading\">Conseil, consultance et support technique<\/h2>\n\n\n\n<p>En plus de notre activit\u00e9 de formation, nous mettons \u00e9galement notre expertise et nos connaissances \u00e0 votre disposition pour vous aider \u00e0 optimaliser vos processus de mesure. Sur base de conseils ou d&rsquo;une consultance plus cibl\u00e9e, nous vous proposons notre aide pour :<\/p>\n\n\n\n<ul class=\"wp-block-list\"><li>Tout audit client o\u00f9 la m\u00e9trologie intervient de fa\u00e7on centrale ;<\/li><li>Tout d\u00e9m\u00e9nagement ou r\u00e9am\u00e9nagement des activit\u00e9s d&rsquo;un laboratoire ;<\/li><li>Tout d\u00e9veloppement ou am\u00e9lioration de vos processus de mesure ;<\/li><li>Toute d\u00e9cision concernant les points de mesure et tol\u00e9rances \u00e0 appliquer sur vos processus de production ;<\/li><li id=\"achat\">Tout autre sujet pour lequel notre expertise pourrait vous \u00eatre utile.<\/li><\/ul>\n\n\n\n<div class=\"wp-block-buttons is-layout-flex wp-block-buttons-is-layout-flex\">\n<div class=\"wp-block-button\"><a class=\"wp-block-button__link\" href=\"#contact\">Contactez-nous<\/a><\/div>\n<\/div>\n\n\n\n<h2 class=\"wp-block-heading\">Achat et location de mat\u00e9riel<\/h2>\n\n\n\n<p id=\"validation\">Trescal propose \u00e0 ses clients des \u00e9quipements neufs ou reconditionn\u00e9s \u00e0 l&rsquo;achat ou \u00e0 la location en garantissant leur tra\u00e7abilit\u00e9 au Syst\u00e8me International (SI) et leur qualit\u00e9 m\u00e9trologique.  Ces services sont assur\u00e9s dans le cadre des prestations de gestion et d&rsquo;optimisation de parc ou sur simple demande ponctuelle.<\/p>\n\n\n\n<p>Trescal garantit l&rsquo;ind\u00e9pendance et la pertinence de ses recommandations techniques et \u00e9conomiques.<\/p>\n\n\n\n<h2 class=\"wp-block-heading\">Validation et qualification<\/h2>\n\n\n\n<p>Trescal dispose de laboratoires sp\u00e9cialis\u00e9s dans la validation et qualification d&rsquo;\u00e9quipements de l&rsquo;industrie pharmaceutique, cosm\u00e9tique&#8230;<\/p>\n\n\n\n<p><strong><span style=\"color:#095ba5\" class=\"tadv-color\">Qualification<\/span><\/strong> : service qui d\u00e9montre que les \u00e9quipements install\u00e9s fonctionnent conform\u00e9ment aux r\u00e9glementations en vigueur, et ce, aux diff\u00e9rents stades de l&rsquo;utilisation de ces \u00e9quipements.<\/p>\n\n\n\n<p><span style=\"color:#095ba5\" class=\"tadv-color\"><strong>Validation<\/strong><\/span> : ensemble de documents prouvant que les syst\u00e8mes, les processus et les \u00e9quipements fonctionnent comme exig\u00e9 et conform\u00e9ment aux r\u00e9glementations en vigueur<\/p>\n\n\n<div class=\"wp-block-column\">\n\t\t<div class=\"wp-block-column-row\">\n\t\t\t\t<div class=\"wp-block-column-heading wp-block-column-count-3\">\n\t\t\t<h5>Services de qualification propos\u00e9s par Trescal<\/h5>\n\t\t<\/div>\n\t\t\t\t<div class=\"wp-block-column-heading wp-block-column-count-3\">\n\t\t\t<h5>Services de validation propos\u00e9s par Trescal<\/h5>\n\t\t<\/div>\n\t\t\t\t<div class=\"wp-block-column-heading wp-block-column-count-3\">\n\t\t\t<h5>Nos clients profitent de<\/h5>\n\t\t<\/div>\n\t\t\t<\/div>\n\t<div class=\"wp-block-column-row\">\n\t\t\t\t<div class=\"wp-block-column-content wp-block-column-count-3\">\n\t\t\t<ul>\n<li>Gestion des proc\u00e9d\u00e9s de nettoyage<\/li>\n<li>Instrumentation analytique<\/li>\n<li>Instrumentation de production et d&#8217;emballage<\/li>\n<li>Expertise\/Conseil pour la mise en place des r\u00e9f\u00e9rentiels GMP, GDP, GLP, 21CFR part 11, annexe 11 EU, GAMP5, data integrity<\/li>\n<li>Salles propres<\/li>\n<li>Instrumentation thermique<\/li>\n<li>Logistique<\/li>\n<li id=\"encore\">Enceintes \/ chambres en tout genre et isolateurs<\/li>\n<\/ul>\n\t\t<\/div>\n\t\t\t\t<div class=\"wp-block-column-content wp-block-column-count-3\">\n\t\t\t<ul>\n<li>Syst\u00e8mes d&rsquo;information<\/li>\n<li>Infrastructure IT<\/li>\n<li>Installations et services<\/li>\n<li>M\u00e9thodes analytiques<\/li>\n<li>Proc\u00e9d\u00e9s de production et d&#8217;emballage<\/li>\n<li>HVAC<\/li>\n<li>Cha\u00eene du froid<\/li>\n<li>Transport<\/li>\n<\/ul>\n\t\t<\/div>\n\t\t\t\t<div class=\"wp-block-column-content wp-block-column-count-3\">\n\t\t\t<ul>\n<li>L&rsquo;application des normes qui garantissent une pr\u00e9cision maximale<\/li>\n<li style=\"font-weight: 400\">L&rsquo;application de normes sp\u00e9cifiques \u00e0 la qualification<\/li>\n<li style=\"font-weight: 400\"><span style=\"font-weight: 400\">L&rsquo;utilisation de sondes sans fil <\/span><\/li>\n<li>Techniciens et ing\u00e9nieurs hautement qualifi\u00e9s<\/li>\n<li style=\"font-weight: 400\">Une \u00e9quipe multidisciplinaire<\/li>\n<li style=\"font-weight: 400\">Plus de 20 ans d&rsquo;expertise dans le domaine de la qualification<\/li>\n<\/ul>\n\t\t<\/div>\n\t\t\t<\/div>\n<\/div>\n\n\n\n<div class=\"wp-block-columns is-layout-flex wp-container-core-columns-is-layout-9d6595d7 wp-block-columns-is-layout-flex\">\n<div class=\"wp-block-column is-layout-flow wp-block-column-is-layout-flow\" style=\"flex-basis:66.66%\"><\/div>\n<\/div>\n\n\n\n<div class=\"wp-block-media-text alignfull is-stacked-on-mobile\" style=\"grid-template-columns:49% auto\"><figure class=\"wp-block-media-text__media\"><img decoding=\"async\" width=\"1024\" height=\"788\" data-src=\"https:\/\/www.trescal.be\/wp-content\/uploads\/sites\/43\/2020\/07\/trescal_other_services_3-1024x788.jpg\" alt=\"\" class=\"wp-image-4903 size-full lazyload\" data-srcset=\"https:\/\/www.trescal.be\/wp-content\/uploads\/sites\/43\/2020\/07\/trescal_other_services_3-1024x788.jpg 1024w, https:\/\/www.trescal.be\/wp-content\/uploads\/sites\/43\/2020\/07\/trescal_other_services_3-300x231.jpg 300w, https:\/\/www.trescal.be\/wp-content\/uploads\/sites\/43\/2020\/07\/trescal_other_services_3-768x591.jpg 768w, https:\/\/www.trescal.be\/wp-content\/uploads\/sites\/43\/2020\/07\/trescal_other_services_3-5x4.jpg 5w, https:\/\/www.trescal.be\/wp-content\/uploads\/sites\/43\/2020\/07\/trescal_other_services_3-600x462.jpg 600w, https:\/\/www.trescal.be\/wp-content\/uploads\/sites\/43\/2020\/07\/trescal_other_services_3-1280x985.jpg 1280w, https:\/\/www.trescal.be\/wp-content\/uploads\/sites\/43\/2020\/07\/trescal_other_services_3.jpg 1300w\" data-sizes=\"(max-width: 1024px) 100vw, 1024px\" src=\"data:image\/svg+xml;base64,PHN2ZyB3aWR0aD0iMSIgaGVpZ2h0PSIxIiB4bWxucz0iaHR0cDovL3d3dy53My5vcmcvMjAwMC9zdmciPjwvc3ZnPg==\" style=\"--smush-placeholder-width: 1024px; --smush-placeholder-aspect-ratio: 1024\/788;\" \/><\/figure><div class=\"wp-block-media-text__content\">\n<p><\/p>\n\n\n\n<h2 class=\"wp-block-heading\">&#8230; et bien d&rsquo;autres services<\/h2>\n\n\n\n<p>Trescal propose \u00e9galement les services suivants :<\/p>\n\n\n\n<ul class=\"wp-block-list\"><li><a href=\"https:\/\/www.trescal.be\/fr\/solutions-et-services\/metrologie-legale\/\">L&rsquo;inspection et la m\u00e9trologie l\u00e9gale<\/a><\/li><li><a href=\"https:\/\/www.trescal.be\/fr\/solutions-et-services\/metrologie-tridimmensionnelle\/\">La m\u00e9trologie tridimensionnelle<\/a><\/li><li>Ing\u00e9nierie : automatisation et projets sp\u00e9ciaux<\/li><li>Outils et syst\u00e8mes d&rsquo;assemblage \u00e9lectriques et pneumatique<\/li><\/ul>\n\n\n\n<div class=\"wp-block-columns alignfull is-layout-flex wp-container-core-columns-is-layout-9d6595d7 wp-block-columns-is-layout-flex\">\n<div class=\"wp-block-column is-layout-flow wp-block-column-is-layout-flow\" style=\"flex-basis:66.66%\">\n<div class=\"wp-block-buttons is-layout-flex wp-block-buttons-is-layout-flex\">\n<div class=\"wp-block-button is-style-fill\"><a class=\"wp-block-button__link\" href=\"#contact\" target=\"_blank\" rel=\"noreferrer noopener\">Contactez-nous pour plus d&rsquo;informations sur ces services<\/a><\/div>\n<\/div>\n<\/div>\n<\/div>\n\n\n\n<h2 class=\"wp-block-heading\">Gestion des r\u00e9clamations<\/h2>\n\n\n\n<p>Lorsque l&rsquo;un de nos services ne correspond pas \u00e0 vos exigences, vous pouvez nous faire part de votre r\u00e9clamation \u00e0 l&rsquo;adresse <a href=\"mailto:sales.benelux@trescal.com\" target=\"_blank\" rel=\"noreferrer noopener\">sales.benelux@trescal.com<\/a>. Apr\u00e8s enregistrement de votre r\u00e9clamation, nous r\u00e9aliserons une premi\u00e8re enqu\u00eate pour d\u00e9terminer la recevabilit\u00e9 de celle-ci. Si la recevabilit\u00e9 est av\u00e9r\u00e9e, nous entamerons une enqu\u00eate plus approfondie afin d&rsquo;en d\u00e9terminer les causes ainsi que les actions correctives et\/ou pr\u00e9ventives \u00e0 mettre en place. Vous serez tenu au courant de l&rsquo;avancement du traitement de votre r\u00e9clamation tout au long du processus.<\/p>\n\n\n\n<h2 class=\"wp-block-heading\"><\/h2>\n<\/div><\/div>\n","protected":false},"excerpt":{"rendered":"Trescal Institute \u00a0 Trescal a cr\u00e9\u00e9 en Allemagne, Asie, France, au Royaume-Uni et aux Etats-Unis, un institut sp\u00e9cialis\u00e9 dans la","protected":false},"author":1,"featured_media":5732,"parent":1096,"menu_order":4,"comment_status":"closed","ping_status":"closed","template":"template-thumbnail.php","meta":{"_acf_changed":false,"inline_featured_image":false,"footnotes":""},"class_list":["post-3398","page","type-page","status-publish","has-post-thumbnail","hentry"],"acf":[],"yoast_head":"<!-- This site is optimized with the Yoast SEO plugin v27.6 - https:\/\/yoast.com\/product\/yoast-seo-wordpress\/ -->\n<title>Autres services - Belgi\u00eb<\/title>\n<meta name=\"description\" content=\"Le c\u0153ur de m\u00e9tier de Trescal est l\u2019\u00e9talonnage et la gestion de parc d\u2019instruments de mesure. D\u00e9couvrez nos formations et nos autres services techniques.\" \/>\n<meta name=\"robots\" content=\"index, follow, max-snippet:-1, max-image-preview:large, max-video-preview:-1\" \/>\n<link rel=\"canonical\" href=\"https:\/\/www.trescal.be\/fr\/solutions-et-services\/autres-services\/\" \/>\n<meta property=\"og:locale\" content=\"fr_FR\" \/>\n<meta property=\"og:type\" content=\"article\" \/>\n<meta property=\"og:title\" content=\"Autres services - Belgi\u00eb\" \/>\n<meta property=\"og:description\" content=\"Le c\u0153ur de m\u00e9tier de Trescal est l\u2019\u00e9talonnage et la gestion de parc d\u2019instruments de mesure. D\u00e9couvrez nos formations et nos autres services techniques.\" \/>\n<meta property=\"og:url\" content=\"https:\/\/www.trescal.be\/fr\/solutions-et-services\/autres-services\/\" \/>\n<meta property=\"og:site_name\" content=\"Belgi\u00eb\" \/>\n<meta property=\"article:modified_time\" content=\"2024-03-08T15:06:05+00:00\" \/>\n<meta property=\"og:image\" content=\"https:\/\/www.trescal.be\/wp-content\/uploads\/sites\/43\/2020\/12\/TECHNICAL_SPAIN_BILBAO_2020_DIMENSIONAL-85-1024x769-1.jpg\" \/>\n\t<meta property=\"og:image:width\" content=\"1024\" \/>\n\t<meta property=\"og:image:height\" content=\"769\" \/>\n\t<meta property=\"og:image:type\" content=\"image\/jpeg\" \/>\n<meta name=\"twitter:card\" content=\"summary_large_image\" \/>\n<meta name=\"twitter:label1\" content=\"Dur\u00e9e de lecture estim\u00e9e\" \/>\n\t<meta name=\"twitter:data1\" content=\"3 minutes\" \/>\n<script type=\"application\/ld+json\" class=\"yoast-schema-graph\">{\"@context\":\"https:\\\/\\\/schema.org\",\"@graph\":[{\"@type\":\"WebPage\",\"@id\":\"https:\\\/\\\/www.trescal.be\\\/fr\\\/solutions-et-services\\\/autres-services\\\/\",\"url\":\"https:\\\/\\\/www.trescal.be\\\/fr\\\/solutions-et-services\\\/autres-services\\\/\",\"name\":\"Autres services - Belgi\u00eb\",\"isPartOf\":{\"@id\":\"https:\\\/\\\/www.trescal.be\\\/fr\\\/#website\"},\"primaryImageOfPage\":{\"@id\":\"https:\\\/\\\/www.trescal.be\\\/fr\\\/solutions-et-services\\\/autres-services\\\/#primaryimage\"},\"image\":{\"@id\":\"https:\\\/\\\/www.trescal.be\\\/fr\\\/solutions-et-services\\\/autres-services\\\/#primaryimage\"},\"thumbnailUrl\":\"https:\\\/\\\/www.trescal.be\\\/wp-content\\\/uploads\\\/sites\\\/43\\\/2020\\\/12\\\/TECHNICAL_SPAIN_BILBAO_2020_DIMENSIONAL-85-1024x769-1.jpg\",\"datePublished\":\"2020-08-05T12:50:36+00:00\",\"dateModified\":\"2024-03-08T15:06:05+00:00\",\"description\":\"Le c\u0153ur de m\u00e9tier de Trescal est l\u2019\u00e9talonnage et la gestion de parc d\u2019instruments de mesure. D\u00e9couvrez nos formations et nos autres services techniques.\",\"breadcrumb\":{\"@id\":\"https:\\\/\\\/www.trescal.be\\\/fr\\\/solutions-et-services\\\/autres-services\\\/#breadcrumb\"},\"inLanguage\":\"fr-FR\",\"potentialAction\":[{\"@type\":\"ReadAction\",\"target\":[\"https:\\\/\\\/www.trescal.be\\\/fr\\\/solutions-et-services\\\/autres-services\\\/\"]}]},{\"@type\":\"ImageObject\",\"inLanguage\":\"fr-FR\",\"@id\":\"https:\\\/\\\/www.trescal.be\\\/fr\\\/solutions-et-services\\\/autres-services\\\/#primaryimage\",\"url\":\"https:\\\/\\\/www.trescal.be\\\/wp-content\\\/uploads\\\/sites\\\/43\\\/2020\\\/12\\\/TECHNICAL_SPAIN_BILBAO_2020_DIMENSIONAL-85-1024x769-1.jpg\",\"contentUrl\":\"https:\\\/\\\/www.trescal.be\\\/wp-content\\\/uploads\\\/sites\\\/43\\\/2020\\\/12\\\/TECHNICAL_SPAIN_BILBAO_2020_DIMENSIONAL-85-1024x769-1.jpg\",\"width\":1024,\"height\":769},{\"@type\":\"BreadcrumbList\",\"@id\":\"https:\\\/\\\/www.trescal.be\\\/fr\\\/solutions-et-services\\\/autres-services\\\/#breadcrumb\",\"itemListElement\":[{\"@type\":\"ListItem\",\"position\":1,\"name\":\"Accueil\",\"item\":\"https:\\\/\\\/www.trescal.be\\\/fr\\\/\"},{\"@type\":\"ListItem\",\"position\":2,\"name\":\"Solutions &#038; services\",\"item\":\"https:\\\/\\\/www.trescal.be\\\/fr\\\/solutions-et-services\\\/\"},{\"@type\":\"ListItem\",\"position\":3,\"name\":\"Autres services\"}]},{\"@type\":\"WebSite\",\"@id\":\"https:\\\/\\\/www.trescal.be\\\/fr\\\/#website\",\"url\":\"https:\\\/\\\/www.trescal.be\\\/fr\\\/\",\"name\":\"Belgi\u00eb\",\"description\":\"| calibration solutions to improve your performance |\",\"potentialAction\":[{\"@type\":\"SearchAction\",\"target\":{\"@type\":\"EntryPoint\",\"urlTemplate\":\"https:\\\/\\\/www.trescal.be\\\/fr\\\/?s={search_term_string}\"},\"query-input\":{\"@type\":\"PropertyValueSpecification\",\"valueRequired\":true,\"valueName\":\"search_term_string\"}}],\"inLanguage\":\"fr-FR\"}]}<\/script>\n<!-- \/ Yoast SEO plugin. -->","yoast_head_json":{"title":"Autres services - Belgi\u00eb","description":"Le c\u0153ur de m\u00e9tier de Trescal est l\u2019\u00e9talonnage et la gestion de parc d\u2019instruments de mesure. D\u00e9couvrez nos formations et nos autres services techniques.","robots":{"index":"index","follow":"follow","max-snippet":"max-snippet:-1","max-image-preview":"max-image-preview:large","max-video-preview":"max-video-preview:-1"},"canonical":"https:\/\/www.trescal.be\/fr\/solutions-et-services\/autres-services\/","og_locale":"fr_FR","og_type":"article","og_title":"Autres services - Belgi\u00eb","og_description":"Le c\u0153ur de m\u00e9tier de Trescal est l\u2019\u00e9talonnage et la gestion de parc d\u2019instruments de mesure. D\u00e9couvrez nos formations et nos autres services techniques.","og_url":"https:\/\/www.trescal.be\/fr\/solutions-et-services\/autres-services\/","og_site_name":"Belgi\u00eb","article_modified_time":"2024-03-08T15:06:05+00:00","og_image":[{"width":1024,"height":769,"url":"https:\/\/www.trescal.be\/wp-content\/uploads\/sites\/43\/2020\/12\/TECHNICAL_SPAIN_BILBAO_2020_DIMENSIONAL-85-1024x769-1.jpg","type":"image\/jpeg"}],"twitter_card":"summary_large_image","twitter_misc":{"Dur\u00e9e de lecture estim\u00e9e":"3 minutes"},"schema":{"@context":"https:\/\/schema.org","@graph":[{"@type":"WebPage","@id":"https:\/\/www.trescal.be\/fr\/solutions-et-services\/autres-services\/","url":"https:\/\/www.trescal.be\/fr\/solutions-et-services\/autres-services\/","name":"Autres services - Belgi\u00eb","isPartOf":{"@id":"https:\/\/www.trescal.be\/fr\/#website"},"primaryImageOfPage":{"@id":"https:\/\/www.trescal.be\/fr\/solutions-et-services\/autres-services\/#primaryimage"},"image":{"@id":"https:\/\/www.trescal.be\/fr\/solutions-et-services\/autres-services\/#primaryimage"},"thumbnailUrl":"https:\/\/www.trescal.be\/wp-content\/uploads\/sites\/43\/2020\/12\/TECHNICAL_SPAIN_BILBAO_2020_DIMENSIONAL-85-1024x769-1.jpg","datePublished":"2020-08-05T12:50:36+00:00","dateModified":"2024-03-08T15:06:05+00:00","description":"Le c\u0153ur de m\u00e9tier de Trescal est l\u2019\u00e9talonnage et la gestion de parc d\u2019instruments de mesure. D\u00e9couvrez nos formations et nos autres services techniques.","breadcrumb":{"@id":"https:\/\/www.trescal.be\/fr\/solutions-et-services\/autres-services\/#breadcrumb"},"inLanguage":"fr-FR","potentialAction":[{"@type":"ReadAction","target":["https:\/\/www.trescal.be\/fr\/solutions-et-services\/autres-services\/"]}]},{"@type":"ImageObject","inLanguage":"fr-FR","@id":"https:\/\/www.trescal.be\/fr\/solutions-et-services\/autres-services\/#primaryimage","url":"https:\/\/www.trescal.be\/wp-content\/uploads\/sites\/43\/2020\/12\/TECHNICAL_SPAIN_BILBAO_2020_DIMENSIONAL-85-1024x769-1.jpg","contentUrl":"https:\/\/www.trescal.be\/wp-content\/uploads\/sites\/43\/2020\/12\/TECHNICAL_SPAIN_BILBAO_2020_DIMENSIONAL-85-1024x769-1.jpg","width":1024,"height":769},{"@type":"BreadcrumbList","@id":"https:\/\/www.trescal.be\/fr\/solutions-et-services\/autres-services\/#breadcrumb","itemListElement":[{"@type":"ListItem","position":1,"name":"Accueil","item":"https:\/\/www.trescal.be\/fr\/"},{"@type":"ListItem","position":2,"name":"Solutions &#038; services","item":"https:\/\/www.trescal.be\/fr\/solutions-et-services\/"},{"@type":"ListItem","position":3,"name":"Autres services"}]},{"@type":"WebSite","@id":"https:\/\/www.trescal.be\/fr\/#website","url":"https:\/\/www.trescal.be\/fr\/","name":"Belgi\u00eb","description":"| calibration solutions to improve your performance |","potentialAction":[{"@type":"SearchAction","target":{"@type":"EntryPoint","urlTemplate":"https:\/\/www.trescal.be\/fr\/?s={search_term_string}"},"query-input":{"@type":"PropertyValueSpecification","valueRequired":true,"valueName":"search_term_string"}}],"inLanguage":"fr-FR"}]}},"_links":{"self":[{"href":"https:\/\/www.trescal.be\/fr\/wp-json\/wp\/v2\/pages\/3398","targetHints":{"allow":["GET"]}}],"collection":[{"href":"https:\/\/www.trescal.be\/fr\/wp-json\/wp\/v2\/pages"}],"about":[{"href":"https:\/\/www.trescal.be\/fr\/wp-json\/wp\/v2\/types\/page"}],"author":[{"embeddable":true,"href":"https:\/\/www.trescal.be\/fr\/wp-json\/wp\/v2\/users\/1"}],"replies":[{"embeddable":true,"href":"https:\/\/www.trescal.be\/fr\/wp-json\/wp\/v2\/comments?post=3398"}],"version-history":[{"count":0,"href":"https:\/\/www.trescal.be\/fr\/wp-json\/wp\/v2\/pages\/3398\/revisions"}],"up":[{"embeddable":true,"href":"https:\/\/www.trescal.be\/fr\/wp-json\/wp\/v2\/pages\/1096"}],"wp:featuredmedia":[{"embeddable":true,"href":"https:\/\/www.trescal.be\/fr\/wp-json\/wp\/v2\/media\/5732"}],"wp:attachment":[{"href":"https:\/\/www.trescal.be\/fr\/wp-json\/wp\/v2\/media?parent=3398"}],"curies":[{"name":"wp","href":"https:\/\/api.w.org\/{rel}","templated":true}]}}