{"id":3388,"date":"2020-08-05T12:33:12","date_gmt":"2020-08-05T12:33:12","guid":{"rendered":"http:\/\/www.trescal.com\/be\/?page_id=3388"},"modified":"2023-02-17T11:23:02","modified_gmt":"2023-02-17T11:23:02","slug":"gestion-de-vos-parcs-dinstruments","status":"publish","type":"page","link":"https:\/\/www.trescal.be\/fr\/solutions-et-services\/gestion-de-vos-parcs-dinstruments\/","title":{"rendered":"Gestion de parcs d\u2019instruments"},"content":{"rendered":"\n<div class=\"wp-block-columns alignfull is-layout-flex wp-container-core-columns-is-layout-9d6595d7 wp-block-columns-is-layout-flex\">\n<div class=\"wp-block-column is-layout-flow wp-block-column-is-layout-flow\"><\/div>\n\n\n\n<div class=\"wp-block-column is-layout-flow wp-block-column-is-layout-flow\"><\/div>\n<\/div>\n\n\n\n<div class=\"wp-block-columns alignfull is-layout-flex wp-container-core-columns-is-layout-9d6595d7 wp-block-columns-is-layout-flex\">\n<div class=\"wp-block-column is-layout-flow wp-block-column-is-layout-flow\">\n<h2 class=\"wp-block-heading\">En r\u00e9sum\u00e9<\/h2>\n\n\n\n<p>Que comprennent les services de gestion de parc instruments de Trescal ?<\/p>\n\n\n\n<ul class=\"wp-block-list\">\n<li>Un service sur mesure coupl\u00e9 \u00e0 des prestations en m\u00e9trologie<\/li>\n\n\n\n<li>Un logiciel de gestion de parc instruments<\/li>\n\n\n\n<li>Une solution de rapportage<\/li>\n\n\n\n<li>Un portail d\u00e9di\u00e9 \u00e0 sa client\u00e8le<\/li>\n\n\n\n<li>Une expertise et la ma\u00eetrise de donn\u00e9es techniques et commerciales<\/li>\n\n\n\n<li>Un acc\u00e8s \u00e0 des fonctionnalit\u00e9s avanc\u00e9es et interactives<\/li>\n\n\n\n<li>Une solution plurilingue<\/li>\n<\/ul>\n<\/div>\n<\/div>\n","protected":false},"excerpt":{"rendered":"En r\u00e9sum\u00e9 Que comprennent les services de gestion de parc instruments de Trescal ?","protected":false},"author":1,"featured_media":4283,"parent":1096,"menu_order":3,"comment_status":"closed","ping_status":"closed","template":"template-thumbnail.php","meta":{"_acf_changed":false,"inline_featured_image":false,"footnotes":""},"class_list":["post-3388","page","type-page","status-publish","has-post-thumbnail","hentry"],"acf":[],"yoast_head":"<!-- This site is optimized with the Yoast SEO plugin v27.6 - https:\/\/yoast.com\/product\/yoast-seo-wordpress\/ -->\n<title>Gestion de parcs d\u2019instruments - Belgi\u00eb<\/title>\n<meta name=\"description\" content=\"Trescal vous propose une offre sur mesure si vous avez plusieurs appareils \u00e0 \u00e9talonner ou une tra\u00e7abilit\u00e9 \u00e0 assurer sur l\u2019un de vos sites.\" \/>\n<meta name=\"robots\" content=\"index, follow, max-snippet:-1, max-image-preview:large, max-video-preview:-1\" \/>\n<link rel=\"canonical\" href=\"https:\/\/www.trescal.be\/fr\/solutions-et-services\/gestion-de-vos-parcs-dinstruments\/\" \/>\n<meta property=\"og:locale\" content=\"fr_FR\" \/>\n<meta property=\"og:type\" content=\"article\" \/>\n<meta property=\"og:title\" content=\"Gestion de parcs d\u2019instruments - Belgi\u00eb\" \/>\n<meta property=\"og:description\" content=\"Trescal vous propose une offre sur mesure si vous avez plusieurs appareils \u00e0 \u00e9talonner ou une tra\u00e7abilit\u00e9 \u00e0 assurer sur l\u2019un de vos sites.\" \/>\n<meta property=\"og:url\" content=\"https:\/\/www.trescal.be\/fr\/solutions-et-services\/gestion-de-vos-parcs-dinstruments\/\" \/>\n<meta property=\"og:site_name\" content=\"Belgi\u00eb\" \/>\n<meta property=\"article:modified_time\" content=\"2023-02-17T11:23:02+00:00\" \/>\n<meta property=\"og:image\" content=\"https:\/\/www.trescal.be\/wp-content\/uploads\/sites\/43\/2020\/08\/trescal_asset_management_header_2.jpg\" \/>\n\t<meta property=\"og:image:width\" content=\"1800\" \/>\n\t<meta property=\"og:image:height\" content=\"1400\" \/>\n\t<meta property=\"og:image:type\" content=\"image\/jpeg\" \/>\n<meta name=\"twitter:card\" content=\"summary_large_image\" \/>\n<meta name=\"twitter:label1\" content=\"Dur\u00e9e de lecture estim\u00e9e\" \/>\n\t<meta name=\"twitter:data1\" content=\"1 minute\" \/>\n<script type=\"application\/ld+json\" class=\"yoast-schema-graph\">{\"@context\":\"https:\\\/\\\/schema.org\",\"@graph\":[{\"@type\":\"WebPage\",\"@id\":\"https:\\\/\\\/www.trescal.be\\\/fr\\\/solutions-et-services\\\/gestion-de-vos-parcs-dinstruments\\\/\",\"url\":\"https:\\\/\\\/www.trescal.be\\\/fr\\\/solutions-et-services\\\/gestion-de-vos-parcs-dinstruments\\\/\",\"name\":\"Gestion de parcs d\u2019instruments - Belgi\u00eb\",\"isPartOf\":{\"@id\":\"https:\\\/\\\/www.trescal.be\\\/fr\\\/#website\"},\"primaryImageOfPage\":{\"@id\":\"https:\\\/\\\/www.trescal.be\\\/fr\\\/solutions-et-services\\\/gestion-de-vos-parcs-dinstruments\\\/#primaryimage\"},\"image\":{\"@id\":\"https:\\\/\\\/www.trescal.be\\\/fr\\\/solutions-et-services\\\/gestion-de-vos-parcs-dinstruments\\\/#primaryimage\"},\"thumbnailUrl\":\"https:\\\/\\\/www.trescal.be\\\/wp-content\\\/uploads\\\/sites\\\/43\\\/2020\\\/08\\\/trescal_asset_management_header_2.jpg\",\"datePublished\":\"2020-08-05T12:33:12+00:00\",\"dateModified\":\"2023-02-17T11:23:02+00:00\",\"description\":\"Trescal vous propose une offre sur mesure si vous avez plusieurs appareils \u00e0 \u00e9talonner ou une tra\u00e7abilit\u00e9 \u00e0 assurer sur l\u2019un de vos sites.\",\"breadcrumb\":{\"@id\":\"https:\\\/\\\/www.trescal.be\\\/fr\\\/solutions-et-services\\\/gestion-de-vos-parcs-dinstruments\\\/#breadcrumb\"},\"inLanguage\":\"fr-FR\",\"potentialAction\":[{\"@type\":\"ReadAction\",\"target\":[\"https:\\\/\\\/www.trescal.be\\\/fr\\\/solutions-et-services\\\/gestion-de-vos-parcs-dinstruments\\\/\"]}]},{\"@type\":\"ImageObject\",\"inLanguage\":\"fr-FR\",\"@id\":\"https:\\\/\\\/www.trescal.be\\\/fr\\\/solutions-et-services\\\/gestion-de-vos-parcs-dinstruments\\\/#primaryimage\",\"url\":\"https:\\\/\\\/www.trescal.be\\\/wp-content\\\/uploads\\\/sites\\\/43\\\/2020\\\/08\\\/trescal_asset_management_header_2.jpg\",\"contentUrl\":\"https:\\\/\\\/www.trescal.be\\\/wp-content\\\/uploads\\\/sites\\\/43\\\/2020\\\/08\\\/trescal_asset_management_header_2.jpg\",\"width\":1800,\"height\":1400},{\"@type\":\"BreadcrumbList\",\"@id\":\"https:\\\/\\\/www.trescal.be\\\/fr\\\/solutions-et-services\\\/gestion-de-vos-parcs-dinstruments\\\/#breadcrumb\",\"itemListElement\":[{\"@type\":\"ListItem\",\"position\":1,\"name\":\"Accueil\",\"item\":\"https:\\\/\\\/www.trescal.be\\\/fr\\\/\"},{\"@type\":\"ListItem\",\"position\":2,\"name\":\"Solutions &#038; services\",\"item\":\"https:\\\/\\\/www.trescal.be\\\/fr\\\/solutions-et-services\\\/\"},{\"@type\":\"ListItem\",\"position\":3,\"name\":\"Gestion de parcs d\u2019instruments\"}]},{\"@type\":\"WebSite\",\"@id\":\"https:\\\/\\\/www.trescal.be\\\/fr\\\/#website\",\"url\":\"https:\\\/\\\/www.trescal.be\\\/fr\\\/\",\"name\":\"Belgi\u00eb\",\"description\":\"| calibration solutions to improve your performance |\",\"potentialAction\":[{\"@type\":\"SearchAction\",\"target\":{\"@type\":\"EntryPoint\",\"urlTemplate\":\"https:\\\/\\\/www.trescal.be\\\/fr\\\/?s={search_term_string}\"},\"query-input\":{\"@type\":\"PropertyValueSpecification\",\"valueRequired\":true,\"valueName\":\"search_term_string\"}}],\"inLanguage\":\"fr-FR\"}]}<\/script>\n<!-- \/ Yoast SEO plugin. -->","yoast_head_json":{"title":"Gestion de parcs d\u2019instruments - Belgi\u00eb","description":"Trescal vous propose une offre sur mesure si vous avez plusieurs appareils \u00e0 \u00e9talonner ou une tra\u00e7abilit\u00e9 \u00e0 assurer sur l\u2019un de vos sites.","robots":{"index":"index","follow":"follow","max-snippet":"max-snippet:-1","max-image-preview":"max-image-preview:large","max-video-preview":"max-video-preview:-1"},"canonical":"https:\/\/www.trescal.be\/fr\/solutions-et-services\/gestion-de-vos-parcs-dinstruments\/","og_locale":"fr_FR","og_type":"article","og_title":"Gestion de parcs d\u2019instruments - Belgi\u00eb","og_description":"Trescal vous propose une offre sur mesure si vous avez plusieurs appareils \u00e0 \u00e9talonner ou une tra\u00e7abilit\u00e9 \u00e0 assurer sur l\u2019un de vos sites.","og_url":"https:\/\/www.trescal.be\/fr\/solutions-et-services\/gestion-de-vos-parcs-dinstruments\/","og_site_name":"Belgi\u00eb","article_modified_time":"2023-02-17T11:23:02+00:00","og_image":[{"width":1800,"height":1400,"url":"https:\/\/www.trescal.be\/wp-content\/uploads\/sites\/43\/2020\/08\/trescal_asset_management_header_2.jpg","type":"image\/jpeg"}],"twitter_card":"summary_large_image","twitter_misc":{"Dur\u00e9e de lecture estim\u00e9e":"1 minute"},"schema":{"@context":"https:\/\/schema.org","@graph":[{"@type":"WebPage","@id":"https:\/\/www.trescal.be\/fr\/solutions-et-services\/gestion-de-vos-parcs-dinstruments\/","url":"https:\/\/www.trescal.be\/fr\/solutions-et-services\/gestion-de-vos-parcs-dinstruments\/","name":"Gestion de parcs d\u2019instruments - Belgi\u00eb","isPartOf":{"@id":"https:\/\/www.trescal.be\/fr\/#website"},"primaryImageOfPage":{"@id":"https:\/\/www.trescal.be\/fr\/solutions-et-services\/gestion-de-vos-parcs-dinstruments\/#primaryimage"},"image":{"@id":"https:\/\/www.trescal.be\/fr\/solutions-et-services\/gestion-de-vos-parcs-dinstruments\/#primaryimage"},"thumbnailUrl":"https:\/\/www.trescal.be\/wp-content\/uploads\/sites\/43\/2020\/08\/trescal_asset_management_header_2.jpg","datePublished":"2020-08-05T12:33:12+00:00","dateModified":"2023-02-17T11:23:02+00:00","description":"Trescal vous propose une offre sur mesure si vous avez plusieurs appareils \u00e0 \u00e9talonner ou une tra\u00e7abilit\u00e9 \u00e0 assurer sur l\u2019un de vos sites.","breadcrumb":{"@id":"https:\/\/www.trescal.be\/fr\/solutions-et-services\/gestion-de-vos-parcs-dinstruments\/#breadcrumb"},"inLanguage":"fr-FR","potentialAction":[{"@type":"ReadAction","target":["https:\/\/www.trescal.be\/fr\/solutions-et-services\/gestion-de-vos-parcs-dinstruments\/"]}]},{"@type":"ImageObject","inLanguage":"fr-FR","@id":"https:\/\/www.trescal.be\/fr\/solutions-et-services\/gestion-de-vos-parcs-dinstruments\/#primaryimage","url":"https:\/\/www.trescal.be\/wp-content\/uploads\/sites\/43\/2020\/08\/trescal_asset_management_header_2.jpg","contentUrl":"https:\/\/www.trescal.be\/wp-content\/uploads\/sites\/43\/2020\/08\/trescal_asset_management_header_2.jpg","width":1800,"height":1400},{"@type":"BreadcrumbList","@id":"https:\/\/www.trescal.be\/fr\/solutions-et-services\/gestion-de-vos-parcs-dinstruments\/#breadcrumb","itemListElement":[{"@type":"ListItem","position":1,"name":"Accueil","item":"https:\/\/www.trescal.be\/fr\/"},{"@type":"ListItem","position":2,"name":"Solutions &#038; services","item":"https:\/\/www.trescal.be\/fr\/solutions-et-services\/"},{"@type":"ListItem","position":3,"name":"Gestion de parcs d\u2019instruments"}]},{"@type":"WebSite","@id":"https:\/\/www.trescal.be\/fr\/#website","url":"https:\/\/www.trescal.be\/fr\/","name":"Belgi\u00eb","description":"| calibration solutions to improve your performance |","potentialAction":[{"@type":"SearchAction","target":{"@type":"EntryPoint","urlTemplate":"https:\/\/www.trescal.be\/fr\/?s={search_term_string}"},"query-input":{"@type":"PropertyValueSpecification","valueRequired":true,"valueName":"search_term_string"}}],"inLanguage":"fr-FR"}]}},"_links":{"self":[{"href":"https:\/\/www.trescal.be\/fr\/wp-json\/wp\/v2\/pages\/3388","targetHints":{"allow":["GET"]}}],"collection":[{"href":"https:\/\/www.trescal.be\/fr\/wp-json\/wp\/v2\/pages"}],"about":[{"href":"https:\/\/www.trescal.be\/fr\/wp-json\/wp\/v2\/types\/page"}],"author":[{"embeddable":true,"href":"https:\/\/www.trescal.be\/fr\/wp-json\/wp\/v2\/users\/1"}],"replies":[{"embeddable":true,"href":"https:\/\/www.trescal.be\/fr\/wp-json\/wp\/v2\/comments?post=3388"}],"version-history":[{"count":0,"href":"https:\/\/www.trescal.be\/fr\/wp-json\/wp\/v2\/pages\/3388\/revisions"}],"up":[{"embeddable":true,"href":"https:\/\/www.trescal.be\/fr\/wp-json\/wp\/v2\/pages\/1096"}],"wp:featuredmedia":[{"embeddable":true,"href":"https:\/\/www.trescal.be\/fr\/wp-json\/wp\/v2\/media\/4283"}],"wp:attachment":[{"href":"https:\/\/www.trescal.be\/fr\/wp-json\/wp\/v2\/media?parent=3388"}],"curies":[{"name":"wp","href":"https:\/\/api.w.org\/{rel}","templated":true}]}}