{"id":3329,"date":"2020-08-05T08:12:21","date_gmt":"2020-08-05T08:12:21","guid":{"rendered":"http:\/\/www.trescal.com\/be\/?page_id=3329"},"modified":"2020-12-21T15:49:54","modified_gmt":"2020-12-21T15:49:54","slug":"guide-de-navigation","status":"publish","type":"page","link":"https:\/\/www.trescal.be\/fr\/carrieres\/guide-de-navigation\/","title":{"rendered":"En savoir plus sur la m\u00e9trologie"},"content":{"rendered":"\n<p>D\u00e9couvrez ce qu&rsquo;est la m\u00e9trologie en moins de 10 secondes !<\/p>\n\n\n\n<figure class=\"wp-block-image alignfull size-large\"><img decoding=\"async\" width=\"1024\" height=\"724\" data-src=\"https:\/\/www.trescal.be\/wp-content\/uploads\/sites\/43\/2020\/08\/Trescal_Quest_ce_que_la_metrologie-1024x724.jpg\" alt=\"La m\u00e9trologie est la science de la mesure\" class=\"wp-image-4255 lazyload\" data-srcset=\"https:\/\/www.trescal.be\/wp-content\/uploads\/sites\/43\/2020\/08\/Trescal_Quest_ce_que_la_metrologie-1024x724.jpg 1024w, https:\/\/www.trescal.be\/wp-content\/uploads\/sites\/43\/2020\/08\/Trescal_Quest_ce_que_la_metrologie-300x212.jpg 300w, https:\/\/www.trescal.be\/wp-content\/uploads\/sites\/43\/2020\/08\/Trescal_Quest_ce_que_la_metrologie-768x543.jpg 768w, https:\/\/www.trescal.be\/wp-content\/uploads\/sites\/43\/2020\/08\/Trescal_Quest_ce_que_la_metrologie-5x4.jpg 5w, https:\/\/www.trescal.be\/wp-content\/uploads\/sites\/43\/2020\/08\/Trescal_Quest_ce_que_la_metrologie-600x424.jpg 600w, https:\/\/www.trescal.be\/wp-content\/uploads\/sites\/43\/2020\/08\/Trescal_Quest_ce_que_la_metrologie-1280x905.jpg 1280w, https:\/\/www.trescal.be\/wp-content\/uploads\/sites\/43\/2020\/08\/Trescal_Quest_ce_que_la_metrologie.jpg 1500w\" data-sizes=\"(max-width: 1024px) 100vw, 1024px\" src=\"data:image\/svg+xml;base64,PHN2ZyB3aWR0aD0iMSIgaGVpZ2h0PSIxIiB4bWxucz0iaHR0cDovL3d3dy53My5vcmcvMjAwMC9zdmciPjwvc3ZnPg==\" style=\"--smush-placeholder-width: 1024px; --smush-placeholder-aspect-ratio: 1024\/724;\" \/><\/figure>\n\n\n\n<h3 class=\"wp-block-heading\" id=\"anc_definitions\">Comp\u00e9tence, accr\u00e9ditation, capabilit\u00e9s, certifications <br>Qu\u2019est-ce que cela signifie et quelle est la diff\u00e9rence&nbsp;?<\/h3>\n\n\n\n<p>Tous ces termes sont \u00e9troitement li\u00e9s et permettent \u00e0 la personne qui a besoin de faire r\u00e9aliser une prestation de m\u00e9trologie de comprendre et choisir le bon prestataire parmi les offres disponibles sur le march\u00e9.<\/p>\n\n\n\n<div class=\"wp-block-group\"><div class=\"wp-block-group__inner-container is-layout-flow wp-block-group-is-layout-flow\">\n<div class=\"wp-block-columns is-layout-flex wp-container-core-columns-is-layout-9d6595d7 wp-block-columns-is-layout-flex\">\n<div class=\"wp-block-column is-layout-flow wp-block-column-is-layout-flow\">\n<p><strong><span style=\"color:#095ba5\" class=\"tadv-color\">ACCR\u00c9DITATION<\/span><\/strong><br>Une <strong><strong>comp\u00e9tence peut \u00eatre \u00ab&nbsp;accr\u00e9dit\u00e9e&nbsp;\u00bb ou \u00ab&nbsp;non accr\u00e9dit\u00e9e&nbsp;\u00bb&nbsp;<\/strong>: <\/strong>en effet, tout industriel doit faire \u00e9talonner (ou v\u00e9rifier) ses appareils de mesures. Le niveau d\u2019exigence sur cette prestation peut diff\u00e9rer en fonction des normes du secteur d\u2019activit\u00e9. Il existe des <a href=\"https:\/\/www.trescal.com\/fr\/solutions-et-services\/nos-capabilites-accreditations-et-certifications\/#anc_accreditations\" target=\"_blank\" rel=\"noreferrer noopener\">organismes de contr\u00f4le nat<\/a><a aria-label=\"undefined (s\u2019ouvre dans un nouvel onglet)\" href=\"https:\/\/www.trescal.com\/fr\/solutions-et-services\/nos-capabilites-accreditations-et-certifications\/\" target=\"_blank\" rel=\"noreferrer noopener\">i<\/a><a href=\"https:\/\/www.trescal.com\/fr\/solutions-et-services\/nos-capabilites-accreditations-et-certifications\/#anc_tableau_accreditations\" target=\"_blank\" rel=\"noreferrer noopener\">onaux et internationaux<\/a> charg\u00e9s de reconnaitre les comp\u00e9tences des prestataires m\u00e9trologiques. Ces organismes de contr\u00f4le d\u00e9livrent au prestataire une <strong>accr\u00e9ditation<\/strong> pour un domaine de comp\u00e9tence donn\u00e9e sur une plage de mesure donn\u00e9e. <\/p>\n\n\n\n<p><a rel=\"noreferrer noopener\" href=\"https:\/\/www.trescal.com\/fr\/solutions-et-services\/nos-capabilites-accreditations-et-certifications\/#anc_competences\" target=\"_blank\">Voir les domaines accr\u00e9dit\u00e9s de Trescal par laboratoire<\/a><\/p>\n<\/div>\n\n\n\n<div class=\"wp-block-column is-layout-flow wp-block-column-is-layout-flow\">\n<p class=\"anc_capabilites_def\"><strong><span style=\"color:#095ba5\" class=\"tadv-color\">CAPABILIT\u00c9S<\/span><\/strong><br>Les capabilit\u00e9s d\u2019un laboratoire portent sur&nbsp;:<\/p>\n\n\n\n<ul class=\"wp-block-list\"><li>les domaines de comp\u00e9tence disponibles&nbsp;<\/li><li>les types d\u2018\u00e9quipements de mesure utilis\u00e9s&nbsp;<\/li><li>les services propos\u00e9s \u2013 \u00e9talonnage, v\u00e9rification, r\u00e9alis\u00e9s en laboratoire ou sur site client, accr\u00e9dit\u00e9s ou non\u2026<\/li><\/ul>\n\n\n\n<p><a rel=\"noreferrer noopener\" href=\"https:\/\/www.trescal.com\/fr\/solutions-et-services\/nos-capabilites-accreditations-et-certifications\/#anc_capabilites\" target=\"_blank\">Voir les capabilit\u00e9s de Trescal<\/a><\/p>\n\n\n\n<p><strong><span style=\"color:#095ba5\" class=\"tadv-color\">CERTIFICATIONS<\/span><\/strong><br>Ind\u00e9pendamment des comp\u00e9tences et accr\u00e9ditations poss\u00e9d\u00e9es par un prestataire, celui-ci doit se conformer aux normes du secteur de la m\u00e9trologie. Le prestataire m\u00e9trologique doit donc poss\u00e9der un certain nombre de <strong>certifications<\/strong>, obligatoires ou conseill\u00e9es, dans le domaine de la m\u00e9trologie. Ces normes garantissent g\u00e9n\u00e9ralement la s\u00e9curit\u00e9 ou la qualit\u00e9 des prestations r\u00e9alis\u00e9es.<\/p>\n\n\n\n<p><a rel=\"noreferrer noopener\" href=\"https:\/\/www.trescal.com\/fr\/solutions-et-services\/nos-capabilites-accreditations-et-certifications\/#anc_certifications\" target=\"_blank\">Voir les certifications de Trescal<\/a><\/p>\n<\/div>\n<\/div>\n<\/div><\/div>\n","protected":false},"excerpt":{"rendered":"D\u00e9couvrez ce qu&rsquo;est la m\u00e9trologie en moins de 10 secondes ! Comp\u00e9tence, accr\u00e9ditation, capabilit\u00e9s, certifications Qu\u2019est-ce que cela signifie et","protected":false},"author":1,"featured_media":2924,"parent":1112,"menu_order":3,"comment_status":"closed","ping_status":"closed","template":"template-thumbnail.php","meta":{"_acf_changed":false,"inline_featured_image":false,"footnotes":""},"class_list":["post-3329","page","type-page","status-publish","has-post-thumbnail","hentry"],"acf":[],"yoast_head":"<!-- This site is optimized with the Yoast SEO plugin v27.6 - https:\/\/yoast.com\/product\/yoast-seo-wordpress\/ -->\n<title>En savoir plus sur la m\u00e9trologie - Belgi\u00eb<\/title>\n<meta name=\"description\" content=\"Qu\u2019est-ce que la m\u00e9trologie ? Comp\u00e9tence, accr\u00e9ditation, capabilit\u00e9s, certifications... Qu\u2019est-ce que cela signifie et quelle est la diff\u00e9rence ?\" \/>\n<meta name=\"robots\" content=\"index, follow, max-snippet:-1, max-image-preview:large, max-video-preview:-1\" \/>\n<link rel=\"canonical\" href=\"https:\/\/www.trescal.be\/fr\/carrieres\/guide-de-navigation\/\" \/>\n<meta property=\"og:locale\" content=\"fr_FR\" \/>\n<meta property=\"og:type\" content=\"article\" \/>\n<meta property=\"og:title\" content=\"En savoir plus sur la m\u00e9trologie - Belgi\u00eb\" \/>\n<meta property=\"og:description\" content=\"Qu\u2019est-ce que la m\u00e9trologie ? Comp\u00e9tence, accr\u00e9ditation, capabilit\u00e9s, certifications... Qu\u2019est-ce que cela signifie et quelle est la diff\u00e9rence ?\" \/>\n<meta property=\"og:url\" content=\"https:\/\/www.trescal.be\/fr\/carrieres\/guide-de-navigation\/\" \/>\n<meta property=\"og:site_name\" content=\"Belgi\u00eb\" \/>\n<meta property=\"article:modified_time\" content=\"2020-12-21T15:49:54+00:00\" \/>\n<meta property=\"og:image\" content=\"https:\/\/www.trescal.be\/wp-content\/uploads\/sites\/43\/2020\/07\/trescal_innovations_header.jpg\" \/>\n\t<meta property=\"og:image:width\" content=\"1300\" \/>\n\t<meta property=\"og:image:height\" content=\"1000\" \/>\n\t<meta property=\"og:image:type\" content=\"image\/jpeg\" \/>\n<meta name=\"twitter:card\" content=\"summary_large_image\" \/>\n<meta name=\"twitter:label1\" content=\"Dur\u00e9e de lecture estim\u00e9e\" \/>\n\t<meta name=\"twitter:data1\" content=\"2 minutes\" \/>\n<script type=\"application\/ld+json\" class=\"yoast-schema-graph\">{\"@context\":\"https:\\\/\\\/schema.org\",\"@graph\":[{\"@type\":\"WebPage\",\"@id\":\"https:\\\/\\\/www.trescal.be\\\/fr\\\/carrieres\\\/guide-de-navigation\\\/\",\"url\":\"https:\\\/\\\/www.trescal.be\\\/fr\\\/carrieres\\\/guide-de-navigation\\\/\",\"name\":\"En savoir plus sur la m\u00e9trologie - Belgi\u00eb\",\"isPartOf\":{\"@id\":\"https:\\\/\\\/www.trescal.be\\\/fr\\\/#website\"},\"primaryImageOfPage\":{\"@id\":\"https:\\\/\\\/www.trescal.be\\\/fr\\\/carrieres\\\/guide-de-navigation\\\/#primaryimage\"},\"image\":{\"@id\":\"https:\\\/\\\/www.trescal.be\\\/fr\\\/carrieres\\\/guide-de-navigation\\\/#primaryimage\"},\"thumbnailUrl\":\"https:\\\/\\\/www.trescal.be\\\/wp-content\\\/uploads\\\/sites\\\/43\\\/2020\\\/07\\\/trescal_innovations_header.jpg\",\"datePublished\":\"2020-08-05T08:12:21+00:00\",\"dateModified\":\"2020-12-21T15:49:54+00:00\",\"description\":\"Qu\u2019est-ce que la m\u00e9trologie ? Comp\u00e9tence, accr\u00e9ditation, capabilit\u00e9s, certifications... Qu\u2019est-ce que cela signifie et quelle est la diff\u00e9rence ?\",\"breadcrumb\":{\"@id\":\"https:\\\/\\\/www.trescal.be\\\/fr\\\/carrieres\\\/guide-de-navigation\\\/#breadcrumb\"},\"inLanguage\":\"fr-FR\",\"potentialAction\":[{\"@type\":\"ReadAction\",\"target\":[\"https:\\\/\\\/www.trescal.be\\\/fr\\\/carrieres\\\/guide-de-navigation\\\/\"]}]},{\"@type\":\"ImageObject\",\"inLanguage\":\"fr-FR\",\"@id\":\"https:\\\/\\\/www.trescal.be\\\/fr\\\/carrieres\\\/guide-de-navigation\\\/#primaryimage\",\"url\":\"https:\\\/\\\/www.trescal.be\\\/wp-content\\\/uploads\\\/sites\\\/43\\\/2020\\\/07\\\/trescal_innovations_header.jpg\",\"contentUrl\":\"https:\\\/\\\/www.trescal.be\\\/wp-content\\\/uploads\\\/sites\\\/43\\\/2020\\\/07\\\/trescal_innovations_header.jpg\",\"width\":1300,\"height\":1000},{\"@type\":\"BreadcrumbList\",\"@id\":\"https:\\\/\\\/www.trescal.be\\\/fr\\\/carrieres\\\/guide-de-navigation\\\/#breadcrumb\",\"itemListElement\":[{\"@type\":\"ListItem\",\"position\":1,\"name\":\"Accueil\",\"item\":\"https:\\\/\\\/www.trescal.be\\\/fr\\\/\"},{\"@type\":\"ListItem\",\"position\":2,\"name\":\"Carri\u00e8res\",\"item\":\"https:\\\/\\\/www.trescal.be\\\/fr\\\/carrieres\\\/\"},{\"@type\":\"ListItem\",\"position\":3,\"name\":\"En savoir plus sur la m\u00e9trologie\"}]},{\"@type\":\"WebSite\",\"@id\":\"https:\\\/\\\/www.trescal.be\\\/fr\\\/#website\",\"url\":\"https:\\\/\\\/www.trescal.be\\\/fr\\\/\",\"name\":\"Belgi\u00eb\",\"description\":\"| calibration solutions to improve your performance |\",\"potentialAction\":[{\"@type\":\"SearchAction\",\"target\":{\"@type\":\"EntryPoint\",\"urlTemplate\":\"https:\\\/\\\/www.trescal.be\\\/fr\\\/?s={search_term_string}\"},\"query-input\":{\"@type\":\"PropertyValueSpecification\",\"valueRequired\":true,\"valueName\":\"search_term_string\"}}],\"inLanguage\":\"fr-FR\"}]}<\/script>\n<!-- \/ Yoast SEO plugin. -->","yoast_head_json":{"title":"En savoir plus sur la m\u00e9trologie - Belgi\u00eb","description":"Qu\u2019est-ce que la m\u00e9trologie ? Comp\u00e9tence, accr\u00e9ditation, capabilit\u00e9s, certifications... Qu\u2019est-ce que cela signifie et quelle est la diff\u00e9rence ?","robots":{"index":"index","follow":"follow","max-snippet":"max-snippet:-1","max-image-preview":"max-image-preview:large","max-video-preview":"max-video-preview:-1"},"canonical":"https:\/\/www.trescal.be\/fr\/carrieres\/guide-de-navigation\/","og_locale":"fr_FR","og_type":"article","og_title":"En savoir plus sur la m\u00e9trologie - Belgi\u00eb","og_description":"Qu\u2019est-ce que la m\u00e9trologie ? Comp\u00e9tence, accr\u00e9ditation, capabilit\u00e9s, certifications... Qu\u2019est-ce que cela signifie et quelle est la diff\u00e9rence ?","og_url":"https:\/\/www.trescal.be\/fr\/carrieres\/guide-de-navigation\/","og_site_name":"Belgi\u00eb","article_modified_time":"2020-12-21T15:49:54+00:00","og_image":[{"width":1300,"height":1000,"url":"https:\/\/www.trescal.be\/wp-content\/uploads\/sites\/43\/2020\/07\/trescal_innovations_header.jpg","type":"image\/jpeg"}],"twitter_card":"summary_large_image","twitter_misc":{"Dur\u00e9e de lecture estim\u00e9e":"2 minutes"},"schema":{"@context":"https:\/\/schema.org","@graph":[{"@type":"WebPage","@id":"https:\/\/www.trescal.be\/fr\/carrieres\/guide-de-navigation\/","url":"https:\/\/www.trescal.be\/fr\/carrieres\/guide-de-navigation\/","name":"En savoir plus sur la m\u00e9trologie - Belgi\u00eb","isPartOf":{"@id":"https:\/\/www.trescal.be\/fr\/#website"},"primaryImageOfPage":{"@id":"https:\/\/www.trescal.be\/fr\/carrieres\/guide-de-navigation\/#primaryimage"},"image":{"@id":"https:\/\/www.trescal.be\/fr\/carrieres\/guide-de-navigation\/#primaryimage"},"thumbnailUrl":"https:\/\/www.trescal.be\/wp-content\/uploads\/sites\/43\/2020\/07\/trescal_innovations_header.jpg","datePublished":"2020-08-05T08:12:21+00:00","dateModified":"2020-12-21T15:49:54+00:00","description":"Qu\u2019est-ce que la m\u00e9trologie ? Comp\u00e9tence, accr\u00e9ditation, capabilit\u00e9s, certifications... Qu\u2019est-ce que cela signifie et quelle est la diff\u00e9rence ?","breadcrumb":{"@id":"https:\/\/www.trescal.be\/fr\/carrieres\/guide-de-navigation\/#breadcrumb"},"inLanguage":"fr-FR","potentialAction":[{"@type":"ReadAction","target":["https:\/\/www.trescal.be\/fr\/carrieres\/guide-de-navigation\/"]}]},{"@type":"ImageObject","inLanguage":"fr-FR","@id":"https:\/\/www.trescal.be\/fr\/carrieres\/guide-de-navigation\/#primaryimage","url":"https:\/\/www.trescal.be\/wp-content\/uploads\/sites\/43\/2020\/07\/trescal_innovations_header.jpg","contentUrl":"https:\/\/www.trescal.be\/wp-content\/uploads\/sites\/43\/2020\/07\/trescal_innovations_header.jpg","width":1300,"height":1000},{"@type":"BreadcrumbList","@id":"https:\/\/www.trescal.be\/fr\/carrieres\/guide-de-navigation\/#breadcrumb","itemListElement":[{"@type":"ListItem","position":1,"name":"Accueil","item":"https:\/\/www.trescal.be\/fr\/"},{"@type":"ListItem","position":2,"name":"Carri\u00e8res","item":"https:\/\/www.trescal.be\/fr\/carrieres\/"},{"@type":"ListItem","position":3,"name":"En savoir plus sur la m\u00e9trologie"}]},{"@type":"WebSite","@id":"https:\/\/www.trescal.be\/fr\/#website","url":"https:\/\/www.trescal.be\/fr\/","name":"Belgi\u00eb","description":"| calibration solutions to improve your performance |","potentialAction":[{"@type":"SearchAction","target":{"@type":"EntryPoint","urlTemplate":"https:\/\/www.trescal.be\/fr\/?s={search_term_string}"},"query-input":{"@type":"PropertyValueSpecification","valueRequired":true,"valueName":"search_term_string"}}],"inLanguage":"fr-FR"}]}},"_links":{"self":[{"href":"https:\/\/www.trescal.be\/fr\/wp-json\/wp\/v2\/pages\/3329","targetHints":{"allow":["GET"]}}],"collection":[{"href":"https:\/\/www.trescal.be\/fr\/wp-json\/wp\/v2\/pages"}],"about":[{"href":"https:\/\/www.trescal.be\/fr\/wp-json\/wp\/v2\/types\/page"}],"author":[{"embeddable":true,"href":"https:\/\/www.trescal.be\/fr\/wp-json\/wp\/v2\/users\/1"}],"replies":[{"embeddable":true,"href":"https:\/\/www.trescal.be\/fr\/wp-json\/wp\/v2\/comments?post=3329"}],"version-history":[{"count":0,"href":"https:\/\/www.trescal.be\/fr\/wp-json\/wp\/v2\/pages\/3329\/revisions"}],"up":[{"embeddable":true,"href":"https:\/\/www.trescal.be\/fr\/wp-json\/wp\/v2\/pages\/1112"}],"wp:featuredmedia":[{"embeddable":true,"href":"https:\/\/www.trescal.be\/fr\/wp-json\/wp\/v2\/media\/2924"}],"wp:attachment":[{"href":"https:\/\/www.trescal.be\/fr\/wp-json\/wp\/v2\/media?parent=3329"}],"curies":[{"name":"wp","href":"https:\/\/api.w.org\/{rel}","templated":true}]}}